{"id":943,"date":"2026-02-13T20:46:28","date_gmt":"2026-02-13T18:46:28","guid":{"rendered":"https:\/\/balticfootballnews.com\/fr\/?page_id=943"},"modified":"2026-02-13T20:52:39","modified_gmt":"2026-02-13T18:52:39","slug":"fs-jelgava","status":"publish","type":"page","link":"https:\/\/balticfootballnews.com\/fr\/fs-jelgava\/","title":{"rendered":"FS Jelgava"},"content":{"rendered":"\t\t<div data-elementor-type=\"wp-page\" data-elementor-id=\"943\" class=\"elementor elementor-943\">\n\t\t\t\t<div class=\"elementor-element elementor-element-9d8b304 e-flex e-con-boxed wpr-particle-no wpr-jarallax-no wpr-parallax-no wpr-sticky-section-no e-con e-parent\" data-id=\"9d8b304\" data-element_type=\"container\" data-e-type=\"container\">\n\t\t\t\t\t<div class=\"e-con-inner\">\n\t\t<div class=\"elementor-element elementor-element-36a2393 e-con-full e-flex wpr-particle-no wpr-jarallax-no wpr-parallax-no wpr-sticky-section-no e-con e-child\" data-id=\"36a2393\" data-element_type=\"container\" data-e-type=\"container\">\n\t\t<div class=\"elementor-element elementor-element-e6cbecc e-con-full e-flex wpr-particle-no wpr-jarallax-no wpr-parallax-no wpr-sticky-section-no e-con e-child\" data-id=\"e6cbecc\" data-element_type=\"container\" data-e-type=\"container\">\n\t\t\t\t<div class=\"elementor-element elementor-element-74e0e67 elementor-widget elementor-widget-heading\" data-id=\"74e0e67\" data-element_type=\"widget\" data-e-type=\"widget\" data-widget_type=\"heading.default\">\n\t\t\t\t\t<h2 class=\"elementor-heading-title elementor-size-default\">FS Jelgava<\/h2>\t\t\t\t<\/div>\n\t\t\t\t<\/div>\n\t\t<div class=\"elementor-element elementor-element-50c9e22 e-flex e-con-boxed wpr-particle-no wpr-jarallax-no wpr-parallax-no wpr-sticky-section-no e-con e-child\" data-id=\"50c9e22\" data-element_type=\"container\" data-e-type=\"container\">\n\t\t\t\t\t<div class=\"e-con-inner\">\n\t\t<div class=\"elementor-element elementor-element-18cdc88 e-flex e-con-boxed wpr-particle-no wpr-jarallax-no wpr-parallax-no wpr-sticky-section-no e-con e-child\" data-id=\"18cdc88\" data-element_type=\"container\" data-e-type=\"container\">\n\t\t\t\t\t<div class=\"e-con-inner\">\n\t\t<div class=\"elementor-element elementor-element-9f721ee e-con-full e-grid wpr-particle-no wpr-jarallax-no wpr-parallax-no wpr-sticky-section-no e-con e-child\" data-id=\"9f721ee\" data-element_type=\"container\" data-e-type=\"container\">\n\t\t\t\t<div class=\"elementor-element elementor-element-477fee7 elementor-widget elementor-widget-text-editor\" data-id=\"477fee7\" data-element_type=\"widget\" data-e-type=\"widget\" data-widget_type=\"text-editor.default\">\n\t\t\t\t\t\t\t\t\t<p data-start=\"0\" data-end=\"133\"><strong>Ann\u00e9e de fondation<\/strong> : 2004<br data-start=\"25\" data-end=\"28\" \/><strong>R\u00e9sidence<\/strong> : Jelgava, Lettonie<br data-start=\"57\" data-end=\"60\" \/><strong>Stade<\/strong> : ZOC Stadium<br data-start=\"79\" data-end=\"82\" \/><strong>Capacit\u00e9<\/strong> : 1 560 places<br data-start=\"105\" data-end=\"108\" \/><strong>Fan-club<\/strong> : Jelgava fans<\/p><p data-start=\"135\" data-end=\"183\" data-is-last-node=\"\" data-is-only-node=\"\"><strong>Palmar\u00e8s<\/strong> :<br data-start=\"145\" data-end=\"148\" \/>Coupe de Lettonie (2010, 2014-2016)<\/p>\t\t\t\t\t\t\t\t<\/div>\n\t\t\t\t<div class=\"elementor-element elementor-element-08f6ca3 elementor-widget elementor-widget-image\" data-id=\"08f6ca3\" data-element_type=\"widget\" data-e-type=\"widget\" data-widget_type=\"image.default\">\n\t\t\t\t\t\t\t\t\t\t\t\t\t\t\t<img loading=\"lazy\" decoding=\"async\" loading=\"lazy\" width=\"300\" height=\"298\" src=\"https:\/\/i0.wp.com\/balticfootballnews.com\/fr\/wp-content\/uploads\/sites\/4\/2026\/01\/Jelgava.png?fit=300%2C298&amp;ssl=1\" class=\"elementor-animation-grow attachment-medium size-medium wp-image-178\" alt=\"\" srcset=\"https:\/\/i0.wp.com\/balticfootballnews.com\/fr\/wp-content\/uploads\/sites\/4\/2026\/01\/Jelgava.png?w=959&amp;ssl=1 959w, https:\/\/i0.wp.com\/balticfootballnews.com\/fr\/wp-content\/uploads\/sites\/4\/2026\/01\/Jelgava.png?resize=300%2C298&amp;ssl=1 300w, https:\/\/i0.wp.com\/balticfootballnews.com\/fr\/wp-content\/uploads\/sites\/4\/2026\/01\/Jelgava.png?resize=150%2C150&amp;ssl=1 150w, https:\/\/i0.wp.com\/balticfootballnews.com\/fr\/wp-content\/uploads\/sites\/4\/2026\/01\/Jelgava.png?resize=768%2C764&amp;ssl=1 768w, https:\/\/i0.wp.com\/balticfootballnews.com\/fr\/wp-content\/uploads\/sites\/4\/2026\/01\/Jelgava.png?resize=60%2C60&amp;ssl=1 60w\" sizes=\"auto, (max-width: 300px) 100vw, 300px\" \/>\t\t\t\t\t\t\t\t\t\t\t\t\t\t\t<\/div>\n\t\t\t\t<\/div>\n\t\t\t\t<div class=\"elementor-element elementor-element-61b76ac elementor-shape-circle elementor-grid-0 e-grid-align-center elementor-widget elementor-widget-social-icons\" data-id=\"61b76ac\" data-element_type=\"widget\" data-e-type=\"widget\" data-widget_type=\"social-icons.default\">\n\t\t\t\t\t\t\t<div class=\"elementor-social-icons-wrapper elementor-grid\" role=\"list\">\n\t\t\t\t\t\t\t<span class=\"elementor-grid-item\" role=\"listitem\">\n\t\t\t\t\t<a class=\"elementor-icon elementor-social-icon elementor-social-icon-home elementor-repeater-item-4f742bb\" href=\"https:\/\/www.fsjelgava.lv\/\" target=\"_blank\">\n\t\t\t\t\t\t<span class=\"elementor-screen-only\">Home<\/span>\n\t\t\t\t\t\t<svg aria-hidden=\"true\" class=\"e-font-icon-svg e-fas-home\" viewBox=\"0 0 576 512\" xmlns=\"http:\/\/www.w3.org\/2000\/svg\"><path d=\"M280.37 148.26L96 300.11V464a16 16 0 0 0 16 16l112.06-.29a16 16 0 0 0 15.92-16V368a16 16 0 0 1 16-16h64a16 16 0 0 1 16 16v95.64a16 16 0 0 0 16 16.05L464 480a16 16 0 0 0 16-16V300L295.67 148.26a12.19 12.19 0 0 0-15.3 0zM571.6 251.47L488 182.56V44.05a12 12 0 0 0-12-12h-56a12 12 0 0 0-12 12v72.61L318.47 43a48 48 0 0 0-61 0L4.34 251.47a12 12 0 0 0-1.6 16.9l25.5 31A12 12 0 0 0 45.15 301l235.22-193.74a12.19 12.19 0 0 1 15.3 0L530.9 301a12 12 0 0 0 16.9-1.6l25.5-31a12 12 0 0 0-1.7-16.93z\"><\/path><\/svg>\t\t\t\t\t<\/a>\n\t\t\t\t<\/span>\n\t\t\t\t\t\t\t<span class=\"elementor-grid-item\" role=\"listitem\">\n\t\t\t\t\t<a class=\"elementor-icon elementor-social-icon elementor-social-icon-x-twitter elementor-repeater-item-cc3e22a\" href=\"https:\/\/x.com\/fsjelgava\" target=\"_blank\">\n\t\t\t\t\t\t<span class=\"elementor-screen-only\">X-twitter<\/span>\n\t\t\t\t\t\t<svg aria-hidden=\"true\" class=\"e-font-icon-svg e-fab-x-twitter\" viewBox=\"0 0 512 512\" xmlns=\"http:\/\/www.w3.org\/2000\/svg\"><path d=\"M389.2 48h70.6L305.6 224.2 487 464H345L233.7 318.6 106.5 464H35.8L200.7 275.5 26.8 48H172.4L272.9 180.9 389.2 48zM364.4 421.8h39.1L151.1 88h-42L364.4 421.8z\"><\/path><\/svg>\t\t\t\t\t<\/a>\n\t\t\t\t<\/span>\n\t\t\t\t\t\t\t<span class=\"elementor-grid-item\" role=\"listitem\">\n\t\t\t\t\t<a class=\"elementor-icon elementor-social-icon elementor-social-icon-facebook elementor-repeater-item-ef1668a\" href=\"https:\/\/www.facebook.com\/FutbolaSkolaJelgava\" target=\"_blank\">\n\t\t\t\t\t\t<span class=\"elementor-screen-only\">Facebook<\/span>\n\t\t\t\t\t\t<svg aria-hidden=\"true\" class=\"e-font-icon-svg e-fab-facebook\" viewBox=\"0 0 512 512\" xmlns=\"http:\/\/www.w3.org\/2000\/svg\"><path d=\"M504 256C504 119 393 8 256 8S8 119 8 256c0 123.78 90.69 226.38 209.25 245V327.69h-63V256h63v-54.64c0-62.15 37-96.48 93.67-96.48 27.14 0 55.52 4.84 55.52 4.84v61h-31.28c-30.8 0-40.41 19.12-40.41 38.73V256h68.78l-11 71.69h-57.78V501C413.31 482.38 504 379.78 504 256z\"><\/path><\/svg>\t\t\t\t\t<\/a>\n\t\t\t\t<\/span>\n\t\t\t\t\t\t\t<span class=\"elementor-grid-item\" role=\"listitem\">\n\t\t\t\t\t<a class=\"elementor-icon elementor-social-icon elementor-social-icon-instagram elementor-repeater-item-4eec7c9\" href=\"https:\/\/www.instagram.com\/fsjelgava\/\" target=\"_blank\">\n\t\t\t\t\t\t<span class=\"elementor-screen-only\">Instagram<\/span>\n\t\t\t\t\t\t<svg aria-hidden=\"true\" class=\"e-font-icon-svg e-fab-instagram\" viewBox=\"0 0 448 512\" xmlns=\"http:\/\/www.w3.org\/2000\/svg\"><path d=\"M224.1 141c-63.6 0-114.9 51.3-114.9 114.9s51.3 114.9 114.9 114.9S339 319.5 339 255.9 287.7 141 224.1 141zm0 189.6c-41.1 0-74.7-33.5-74.7-74.7s33.5-74.7 74.7-74.7 74.7 33.5 74.7 74.7-33.6 74.7-74.7 74.7zm146.4-194.3c0 14.9-12 26.8-26.8 26.8-14.9 0-26.8-12-26.8-26.8s12-26.8 26.8-26.8 26.8 12 26.8 26.8zm76.1 27.2c-1.7-35.9-9.9-67.7-36.2-93.9-26.2-26.2-58-34.4-93.9-36.2-37-2.1-147.9-2.1-184.9 0-35.8 1.7-67.6 9.9-93.9 36.1s-34.4 58-36.2 93.9c-2.1 37-2.1 147.9 0 184.9 1.7 35.9 9.9 67.7 36.2 93.9s58 34.4 93.9 36.2c37 2.1 147.9 2.1 184.9 0 35.9-1.7 67.7-9.9 93.9-36.2 26.2-26.2 34.4-58 36.2-93.9 2.1-37 2.1-147.8 0-184.8zM398.8 388c-7.8 19.6-22.9 34.7-42.6 42.6-29.5 11.7-99.5 9-132.1 9s-102.7 2.6-132.1-9c-19.6-7.8-34.7-22.9-42.6-42.6-11.7-29.5-9-99.5-9-132.1s-2.6-102.7 9-132.1c7.8-19.6 22.9-34.7 42.6-42.6 29.5-11.7 99.5-9 132.1-9s102.7-2.6 132.1 9c19.6 7.8 34.7 22.9 42.6 42.6 11.7 29.5 9 99.5 9 132.1s2.7 102.7-9 132.1z\"><\/path><\/svg>\t\t\t\t\t<\/a>\n\t\t\t\t<\/span>\n\t\t\t\t\t\t\t<span class=\"elementor-grid-item\" role=\"listitem\">\n\t\t\t\t\t<a class=\"elementor-icon elementor-social-icon elementor-social-icon-tiktok elementor-repeater-item-b789578\" href=\"https:\/\/www.tiktok.com\/@fsjelgava\" target=\"_blank\">\n\t\t\t\t\t\t<span class=\"elementor-screen-only\">Tiktok<\/span>\n\t\t\t\t\t\t<svg aria-hidden=\"true\" class=\"e-font-icon-svg e-fab-tiktok\" viewBox=\"0 0 448 512\" xmlns=\"http:\/\/www.w3.org\/2000\/svg\"><path d=\"M448,209.91a210.06,210.06,0,0,1-122.77-39.25V349.38A162.55,162.55,0,1,1,185,188.31V278.2a74.62,74.62,0,1,0,52.23,71.18V0l88,0a121.18,121.18,0,0,0,1.86,22.17h0A122.18,122.18,0,0,0,381,102.39a121.43,121.43,0,0,0,67,20.14Z\"><\/path><\/svg>\t\t\t\t\t<\/a>\n\t\t\t\t<\/span>\n\t\t\t\t\t<\/div>\n\t\t\t\t\t\t<\/div>\n\t\t<div class=\"elementor-element elementor-element-9cabb87 e-con-full e-flex wpr-particle-no wpr-jarallax-no wpr-parallax-no wpr-sticky-section-no e-con e-child\" data-id=\"9cabb87\" data-element_type=\"container\" data-e-type=\"container\">\n\t\t\t\t<div class=\"elementor-element elementor-element-e029894 elementor-widget elementor-widget-heading\" data-id=\"e029894\" data-element_type=\"widget\" data-e-type=\"widget\" data-widget_type=\"heading.default\">\n\t\t\t\t\t<h4 class=\"elementor-heading-title elementor-size-default\">\u00c0 propos du club<\/h4>\t\t\t\t<\/div>\n\t\t\t\t<div class=\"elementor-element elementor-element-02e44d7 elementor-widget elementor-widget-text-editor\" data-id=\"02e44d7\" data-element_type=\"widget\" data-e-type=\"widget\" data-widget_type=\"text-editor.default\">\n\t\t\t\t\t\t\t\t\t<p data-start=\"0\" data-end=\"410\">FS Jelgava est une version l\u00e9g\u00e8rement relook\u00e9e de l\u2019ancien FK Jelgava (FS = Football School ; FK = Football Club) qui, lors du processus de licences de la Virsl\u012bga 2021, a d\u00fb se retirer de l\u2019\u00e9lite apr\u00e8s dix saisons cons\u00e9cutives en raison de difficult\u00e9s financi\u00e8res persistantes. Jusqu\u2019\u00e0 ce point de rupture, le FK Jelgava restait un club au patrimoine singulier et important dans le paysage du football letton.<\/p><p data-start=\"412\" data-end=\"1316\">Fond\u00e9 en 2004, le FK Jelgava revendiquait une filiation qui remontait au d\u00e9but des ann\u00e9es 1970, \u00e0 l\u2019\u00e9poque o\u00f9 l\u2019\u00e9quipe repr\u00e9sentait une usine de construction automobile de Jelgava. En 1977, le club est officiellement inaugur\u00e9 sous le nom de \u00ab Met\u0101lists Jelgava \u00bb, club de l\u2019usine m\u00e9tallurgique locale, avant de revenir trois ans plus tard dans le giron de l\u2019usine automobile et de devenir \u00ab Automob\u012blists Jelgava \u00bb. Quel que soit son nom, l\u2019\u00e9quipe peine alors dans les profondeurs du championnat de la RSS de Lettonie, ne d\u00e9passant le milieu de tableau que lors de ses meilleures p\u00e9riodes. En 1988, le club est sur le point d\u2019\u00eatre rel\u00e9gu\u00e9, mais l\u2019\u00e9largissement de la ligue \u00e0 12 \u00e9quipes lui permet de se maintenir. La m\u00eame ann\u00e9e, il est repris par la RAF (Riga Bus Factory), l\u2019un des deux seuls producteurs de fourgonnettes et minibus pour l\u2019ensemble de l\u2019URSS (l\u2019autre \u00e9tant UAZ), et devient RAF Jelgava.<\/p><p data-start=\"1318\" data-end=\"1947\">Sous l\u2019occupation sovi\u00e9tique, RAF Jelgava s\u2019impose imm\u00e9diatement comme une place forte du football letton. Le club remporte le championnat en 1988 et 1989, et soul\u00e8ve aussi la Coupe de Lettonie en 1988. Apr\u00e8s le retour de l\u2019ind\u00e9pendance et la r\u00e9installation de la Virsl\u012bga, RAF Jelgava reste parmi les t\u00eates d\u2019affiche, terminant trois fois deuxi\u00e8me derri\u00e8re Skonto Riga entre 1992 et 1995. \u00c0 cette p\u00e9riode, l\u2019usine automobile RAF est d\u00e9j\u00e0 au bord de l\u2019insolvabilit\u00e9 et ne peut plus soutenir le club. En 1996, un financement est obtenu aupr\u00e8s de l\u2019Universit\u00e9 de Lettonie et l\u2019\u00e9quipe d\u00e9m\u00e9nage \u00e0 R\u012bga sous un nouveau nom : RAF R\u012bga.<\/p><p data-start=\"1949\" data-end=\"2210\">Cette ann\u00e9e-l\u00e0, RAF R\u012bga termine 5e, tout en r\u00e9ussissant \u00e0 remporter une nouvelle fois la Coupe de Lettonie. Le nom change encore l\u2019ann\u00e9e suivante et, \u00e0 la fin de 1997, le club \u2014 d\u00e9sormais appel\u00e9 \u00ab Universit\u0101te R\u012bga \u00bb \u2014 finit par s\u2019effondrer et cesse d\u2019exister.<\/p><p data-start=\"2212\" data-end=\"2535\">L\u2019entit\u00e9 RAF Jelgava r\u00e9appara\u00eet en 2001, en int\u00e9grant le deuxi\u00e8me niveau de la pyramide lettone. Elle se maintient tant bien que mal au-dessus de la zone de rel\u00e9gation pendant trois ans, avant de fusionner en 2004 avec un autre club de Jelgava \u00e9voluant dans la m\u00eame division, le FK Viola Jelgava, pour former le FK Jelgava.<\/p><p data-start=\"2537\" data-end=\"3230\">Le FK Jelgava remporte la deuxi\u00e8me division en 2009 et d\u00e9couvre la Virsl\u012bga en 2010. Il gagne sa premi\u00e8re Coupe de Lettonie d\u00e8s cette saison-l\u00e0. Au cours des neuf saisons suivantes, le FK Jelgava \u00e9volue le plus souvent entre le milieu et le bas de tableau, \u00e0 l\u2019exception de 2014 (3e) et 2016 (2e). Le club ajoute trois Coupes de Lettonie \u00e0 son palmar\u00e8s, en 2014, 2015 et 2016. Le 2 septembre 2010, le FK Jelgava dispute un match amical contre Blackpool FC (alors en Premier League) pour c\u00e9l\u00e9brer l\u2019ouverture du Zemgale Olympic Centre \u00e0 Jelgava. La rencontre se joue en pr\u00e9sence du pr\u00e9sident de la Lettonie Valdis Zatlers et de l\u2019ambassadeur britannique en Lettonie. Le FK Jelgava s\u2019impose 2-1.<\/p><p data-start=\"3232\" data-end=\"4357\">Malgr\u00e9 des difficult\u00e9s r\u00e9currentes en Virsl\u012bga, le FK Jelgava s\u2019offre des parenth\u00e8ses europ\u00e9ennes gr\u00e2ce \u00e0 son impressionnant rendement en Coupe. Lors de la saison 2016-2017, le club atteint m\u00eame le troisi\u00e8me tour de qualification de l\u2019UEFA Europa League, avant de s\u2019incliner contre Beitar Jerusalem 1-4 sur l\u2019ensemble des deux matches. Mais, sc\u00e9nario familier, les probl\u00e8mes financiers finissent par rattraper le club, qui \u00e9choue \u00e0 obtenir une licence de Virsl\u012bga en 2021. Le FK Jelgava est alors dissous puis reconstruit sous le nom de FS Jelgava : un club d\u00e9tenu par plusieurs des m\u00eames personnes et reposant sur les m\u00eames infrastructures, mais port\u00e9 d\u00e9sormais par une strat\u00e9gie de d\u00e9veloppement ax\u00e9e sur la formation de talents locaux. De son c\u00f4t\u00e9, le FK Jelgava devient JFC Jelgava (JFC signifiant \u00ab Jelgava Football Centre \u00bb) et repart au bas de la pyramide. Le club est promu au troisi\u00e8me niveau apr\u00e8s une saison 2023 r\u00e9ussie et, en f\u00e9vrier 2024, JFC Jelgava change (\u00e0 nouveau) de nom pour devenir JFC Viola, r\u00e9cup\u00e9rant ainsi l\u2019identit\u00e9 et l\u2019h\u00e9ritage du club qui avait fusionn\u00e9 avec RAF Jelgava deux d\u00e9cennies plus t\u00f4t.<\/p><p data-start=\"4359\" data-end=\"5010\">Le FS Jelgava retrouve la Virsl\u012bga en 2023 et termine 6e, tout en s\u00e9duisant un large public gr\u00e2ce \u00e0 une \u00e9quipe jeune, sympathique et majoritairement locale, capable de compliquer la t\u00e2che m\u00eame aux cadors du championnat (dont une victoire 5-3 \u00e0 l\u2019ext\u00e9rieur contre Riga FC lors de la 28e journ\u00e9e). La saison suivante est nettement plus difficile : l\u2019\u00e9quipe finit derni\u00e8re de mani\u00e8re nette et est rel\u00e9gu\u00e9e en deuxi\u00e8me division. Toutefois, Valmiera FC \u00e9tant priv\u00e9 de licence pour 2025 en raison de probl\u00e8mes financiers, et Jelgava ayant rempli toutes les conditions requises en tant que candidat de r\u00e9serve, le club conserve sa place dans l\u2019\u00e9lite lettone.<\/p><p data-start=\"5012\" data-end=\"5201\" data-is-last-node=\"\" data-is-only-node=\"\">FS Jelgava est l\u2019un des clubs les plus r\u00e9silients de Lettonie, s\u2019appuyant sur un vaste syst\u00e8me d\u2019acad\u00e9mie et figurant parmi les rares structures \u00e0 poss\u00e9der des infrastructures essentielles.<\/p>\t\t\t\t\t\t\t\t<\/div>\n\t\t\t\t<\/div>\n\t\t\t\t\t<\/div>\n\t\t\t\t<\/div>\n\t\t\t\t\t<\/div>\n\t\t\t\t<\/div>\n\t\t\t\t<\/div>\n\t\t\t\t\t<\/div>\n\t\t\t\t<\/div>\n\t\t<div class=\"elementor-element elementor-element-15e6214 e-flex e-con-boxed wpr-particle-no wpr-jarallax-no wpr-parallax-no wpr-sticky-section-no e-con e-parent\" data-id=\"15e6214\" data-element_type=\"container\" data-e-type=\"container\">\n\t\t\t\t\t<div class=\"e-con-inner\">\n\t\t\t\t<div class=\"elementor-element elementor-element-3c14015 elementor-widget elementor-widget-google_maps\" data-id=\"3c14015\" data-element_type=\"widget\" data-e-type=\"widget\" data-widget_type=\"google_maps.default\">\n\t\t\t\t\t\t\t<div class=\"elementor-custom-embed\">\n\t\t\t<iframe loading=\"lazy\"\n\t\t\t\t\tsrc=\"https:\/\/maps.google.com\/maps?q=zemgales%20olimpiskais%20centrs&#038;t=m&#038;z=13&#038;output=embed&#038;iwloc=near\"\n\t\t\t\t\ttitle=\"zemgales olimpiskais centrs\"\n\t\t\t\t\taria-label=\"zemgales olimpiskais centrs\"\n\t\t\t><\/iframe>\n\t\t<\/div>\n\t\t\t\t\t\t<\/div>\n\t\t\t\t\t<\/div>\n\t\t\t\t<\/div>\n\t\t\t\t<\/div>\n\t\t","protected":false},"excerpt":{"rendered":"<p>FS Jelgava Ann\u00e9e de fondation : 2004R\u00e9sidence : Jelgava, LettonieStade : ZOC StadiumCapacit\u00e9 : 1 560 placesFan-club : Jelgava fans Palmar\u00e8s :Coupe de Lettonie (2010, 2014-2016) Home X-twitter Facebook Instagram Tiktok \u00c0 propos du club FS Jelgava est une version l\u00e9g\u00e8rement relook\u00e9e de l\u2019ancien FK Jelgava (FS = Football School ; FK = Football Club) qui, lors du processus de licences de la Virsl\u012bga 2021, a d\u00fb se retirer de l\u2019\u00e9lite apr\u00e8s dix saisons cons\u00e9cutives en raison de difficult\u00e9s financi\u00e8res persistantes. Jusqu\u2019\u00e0 ce point de rupture, le FK Jelgava restait un club au patrimoine singulier et important dans le paysage<\/p>\n","protected":false},"author":2,"featured_media":991,"parent":0,"menu_order":0,"comment_status":"closed","ping_status":"closed","template":"","meta":{"nf_dc_page":"","cybocfi_hide_featured_image":"","footnotes":""},"class_list":["post-943","page","type-page","status-publish","has-post-thumbnail","hentry"],"aioseo_notices":[],"jetpack_sharing_enabled":true,"_links":{"self":[{"href":"https:\/\/balticfootballnews.com\/fr\/wp-json\/wp\/v2\/pages\/943","targetHints":{"allow":["GET"]}}],"collection":[{"href":"https:\/\/balticfootballnews.com\/fr\/wp-json\/wp\/v2\/pages"}],"about":[{"href":"https:\/\/balticfootballnews.com\/fr\/wp-json\/wp\/v2\/types\/page"}],"author":[{"embeddable":true,"href":"https:\/\/balticfootballnews.com\/fr\/wp-json\/wp\/v2\/users\/2"}],"replies":[{"embeddable":true,"href":"https:\/\/balticfootballnews.com\/fr\/wp-json\/wp\/v2\/comments?post=943"}],"version-history":[{"count":7,"href":"https:\/\/balticfootballnews.com\/fr\/wp-json\/wp\/v2\/pages\/943\/revisions"}],"predecessor-version":[{"id":989,"href":"https:\/\/balticfootballnews.com\/fr\/wp-json\/wp\/v2\/pages\/943\/revisions\/989"}],"wp:featuredmedia":[{"embeddable":true,"href":"https:\/\/balticfootballnews.com\/fr\/wp-json\/wp\/v2\/media\/991"}],"wp:attachment":[{"href":"https:\/\/balticfootballnews.com\/fr\/wp-json\/wp\/v2\/media?parent=943"}],"curies":[{"name":"wp","href":"https:\/\/api.w.org\/{rel}","templated":true}]}}