{"id":891,"date":"2026-02-13T20:36:15","date_gmt":"2026-02-13T18:36:15","guid":{"rendered":"https:\/\/balticfootballnews.com\/fr\/?page_id=891"},"modified":"2026-02-13T20:53:29","modified_gmt":"2026-02-13T18:53:29","slug":"fk-suduva-marijampole","status":"publish","type":"page","link":"https:\/\/balticfootballnews.com\/fr\/fk-suduva-marijampole\/","title":{"rendered":"FK S\u016bduva Marijampol\u0117"},"content":{"rendered":"\t\t<div data-elementor-type=\"wp-page\" data-elementor-id=\"891\" class=\"elementor elementor-891\">\n\t\t\t\t<div class=\"elementor-element elementor-element-92bd96b e-flex e-con-boxed wpr-particle-no wpr-jarallax-no wpr-parallax-no wpr-sticky-section-no e-con e-parent\" data-id=\"92bd96b\" data-element_type=\"container\" data-e-type=\"container\">\n\t\t\t\t\t<div class=\"e-con-inner\">\n\t\t<div class=\"elementor-element elementor-element-c40ae42 e-con-full e-flex wpr-particle-no wpr-jarallax-no wpr-parallax-no wpr-sticky-section-no e-con e-child\" data-id=\"c40ae42\" data-element_type=\"container\" data-e-type=\"container\">\n\t\t<div class=\"elementor-element elementor-element-666559d e-con-full e-flex wpr-particle-no wpr-jarallax-no wpr-parallax-no wpr-sticky-section-no e-con e-child\" data-id=\"666559d\" data-element_type=\"container\" data-e-type=\"container\">\n\t\t\t\t<div class=\"elementor-element elementor-element-be2f403 elementor-widget elementor-widget-heading\" data-id=\"be2f403\" data-element_type=\"widget\" data-e-type=\"widget\" data-widget_type=\"heading.default\">\n\t\t\t\t\t<h2 class=\"elementor-heading-title elementor-size-default\">FK S\u016bduva Marijampol\u0117 <\/h2>\t\t\t\t<\/div>\n\t\t\t\t<\/div>\n\t\t<div class=\"elementor-element elementor-element-3af7db4 e-flex e-con-boxed wpr-particle-no wpr-jarallax-no wpr-parallax-no wpr-sticky-section-no e-con e-child\" data-id=\"3af7db4\" data-element_type=\"container\" data-e-type=\"container\">\n\t\t\t\t\t<div class=\"e-con-inner\">\n\t\t<div class=\"elementor-element elementor-element-7847120 e-flex e-con-boxed wpr-particle-no wpr-jarallax-no wpr-parallax-no wpr-sticky-section-no e-con e-child\" data-id=\"7847120\" data-element_type=\"container\" data-e-type=\"container\">\n\t\t\t\t\t<div class=\"e-con-inner\">\n\t\t<div class=\"elementor-element elementor-element-77fad56 e-con-full e-grid wpr-particle-no wpr-jarallax-no wpr-parallax-no wpr-sticky-section-no e-con e-child\" data-id=\"77fad56\" data-element_type=\"container\" data-e-type=\"container\">\n\t\t\t\t<div class=\"elementor-element elementor-element-44cc5f7 elementor-widget elementor-widget-text-editor\" data-id=\"44cc5f7\" data-element_type=\"widget\" data-e-type=\"widget\" data-widget_type=\"text-editor.default\">\n\t\t\t\t\t\t\t\t\t<p data-start=\"0\" data-end=\"148\"><strong>Ann\u00e9e de fondation<\/strong> : 1942<br data-start=\"25\" data-end=\"28\" \/><strong>R\u00e9sidence<\/strong> : Marijampol\u0117, Lituanie<br data-start=\"61\" data-end=\"64\" \/><strong>Stade<\/strong> : Marijampol\u0117 Stadium<br data-start=\"91\" data-end=\"94\" \/><strong>Capacit\u00e9<\/strong> : 6 500 places<br data-start=\"117\" data-end=\"120\" \/><strong>Fan-club<\/strong> : S\u016bduva Faithful<\/p><p data-start=\"150\" data-end=\"270\" data-is-last-node=\"\" data-is-only-node=\"\"><strong>Palmar\u00e8s<\/strong> :<br data-start=\"160\" data-end=\"163\" \/>A Lyga (2017-2019)<br data-start=\"181\" data-end=\"184\" \/>Coupe de Lituanie (2006, 2009, 2019)<br data-start=\"220\" data-end=\"223\" \/>Supercoupe de Lituanie (2009, 2018, 2019, 2022)<\/p>\t\t\t\t\t\t\t\t<\/div>\n\t\t\t\t<div class=\"elementor-element elementor-element-f84db09 elementor-widget elementor-widget-image\" data-id=\"f84db09\" data-element_type=\"widget\" data-e-type=\"widget\" data-widget_type=\"image.default\">\n\t\t\t\t\t\t\t\t\t\t\t\t\t\t\t<img loading=\"lazy\" decoding=\"async\" loading=\"lazy\" width=\"300\" height=\"300\" src=\"https:\/\/i0.wp.com\/balticfootballnews.com\/fr\/wp-content\/uploads\/sites\/4\/2026\/02\/FK_Suduva_New_Logo.svg.webp?fit=300%2C300&amp;ssl=1\" class=\"elementor-animation-grow attachment-medium size-medium wp-image-900\" alt=\"\" srcset=\"https:\/\/i0.wp.com\/balticfootballnews.com\/fr\/wp-content\/uploads\/sites\/4\/2026\/02\/FK_Suduva_New_Logo.svg.webp?w=1280&amp;ssl=1 1280w, https:\/\/i0.wp.com\/balticfootballnews.com\/fr\/wp-content\/uploads\/sites\/4\/2026\/02\/FK_Suduva_New_Logo.svg.webp?resize=300%2C300&amp;ssl=1 300w, https:\/\/i0.wp.com\/balticfootballnews.com\/fr\/wp-content\/uploads\/sites\/4\/2026\/02\/FK_Suduva_New_Logo.svg.webp?resize=1024%2C1024&amp;ssl=1 1024w, https:\/\/i0.wp.com\/balticfootballnews.com\/fr\/wp-content\/uploads\/sites\/4\/2026\/02\/FK_Suduva_New_Logo.svg.webp?resize=150%2C150&amp;ssl=1 150w, https:\/\/i0.wp.com\/balticfootballnews.com\/fr\/wp-content\/uploads\/sites\/4\/2026\/02\/FK_Suduva_New_Logo.svg.webp?resize=768%2C768&amp;ssl=1 768w, https:\/\/i0.wp.com\/balticfootballnews.com\/fr\/wp-content\/uploads\/sites\/4\/2026\/02\/FK_Suduva_New_Logo.svg.webp?resize=60%2C60&amp;ssl=1 60w, https:\/\/i0.wp.com\/balticfootballnews.com\/fr\/wp-content\/uploads\/sites\/4\/2026\/02\/FK_Suduva_New_Logo.svg.webp?resize=480%2C480&amp;ssl=1 480w\" sizes=\"auto, (max-width: 300px) 100vw, 300px\" \/>\t\t\t\t\t\t\t\t\t\t\t\t\t\t\t<\/div>\n\t\t\t\t<\/div>\n\t\t\t\t<div class=\"elementor-element elementor-element-b154bbe elementor-shape-circle elementor-grid-0 e-grid-align-center elementor-widget elementor-widget-social-icons\" data-id=\"b154bbe\" data-element_type=\"widget\" data-e-type=\"widget\" data-widget_type=\"social-icons.default\">\n\t\t\t\t\t\t\t<div class=\"elementor-social-icons-wrapper elementor-grid\" role=\"list\">\n\t\t\t\t\t\t\t<span class=\"elementor-grid-item\" role=\"listitem\">\n\t\t\t\t\t<a class=\"elementor-icon elementor-social-icon elementor-social-icon-home elementor-animation-grow elementor-repeater-item-4f742bb\" href=\"https:\/\/fksuduva.lt\/\" target=\"_blank\">\n\t\t\t\t\t\t<span class=\"elementor-screen-only\">Home<\/span>\n\t\t\t\t\t\t<svg aria-hidden=\"true\" class=\"e-font-icon-svg e-fas-home\" viewBox=\"0 0 576 512\" xmlns=\"http:\/\/www.w3.org\/2000\/svg\"><path d=\"M280.37 148.26L96 300.11V464a16 16 0 0 0 16 16l112.06-.29a16 16 0 0 0 15.92-16V368a16 16 0 0 1 16-16h64a16 16 0 0 1 16 16v95.64a16 16 0 0 0 16 16.05L464 480a16 16 0 0 0 16-16V300L295.67 148.26a12.19 12.19 0 0 0-15.3 0zM571.6 251.47L488 182.56V44.05a12 12 0 0 0-12-12h-56a12 12 0 0 0-12 12v72.61L318.47 43a48 48 0 0 0-61 0L4.34 251.47a12 12 0 0 0-1.6 16.9l25.5 31A12 12 0 0 0 45.15 301l235.22-193.74a12.19 12.19 0 0 1 15.3 0L530.9 301a12 12 0 0 0 16.9-1.6l25.5-31a12 12 0 0 0-1.7-16.93z\"><\/path><\/svg>\t\t\t\t\t<\/a>\n\t\t\t\t<\/span>\n\t\t\t\t\t\t\t<span class=\"elementor-grid-item\" role=\"listitem\">\n\t\t\t\t\t<a class=\"elementor-icon elementor-social-icon elementor-social-icon-facebook elementor-animation-grow elementor-repeater-item-ef1668a\" href=\"https:\/\/www.facebook.com\/fksuduva\" target=\"_blank\">\n\t\t\t\t\t\t<span class=\"elementor-screen-only\">Facebook<\/span>\n\t\t\t\t\t\t<svg aria-hidden=\"true\" class=\"e-font-icon-svg e-fab-facebook\" viewBox=\"0 0 512 512\" xmlns=\"http:\/\/www.w3.org\/2000\/svg\"><path d=\"M504 256C504 119 393 8 256 8S8 119 8 256c0 123.78 90.69 226.38 209.25 245V327.69h-63V256h63v-54.64c0-62.15 37-96.48 93.67-96.48 27.14 0 55.52 4.84 55.52 4.84v61h-31.28c-30.8 0-40.41 19.12-40.41 38.73V256h68.78l-11 71.69h-57.78V501C413.31 482.38 504 379.78 504 256z\"><\/path><\/svg>\t\t\t\t\t<\/a>\n\t\t\t\t<\/span>\n\t\t\t\t\t\t\t<span class=\"elementor-grid-item\" role=\"listitem\">\n\t\t\t\t\t<a class=\"elementor-icon elementor-social-icon elementor-social-icon-instagram elementor-animation-grow elementor-repeater-item-4eec7c9\" href=\"https:\/\/www.instagram.com\/fksuduva\/\" target=\"_blank\">\n\t\t\t\t\t\t<span class=\"elementor-screen-only\">Instagram<\/span>\n\t\t\t\t\t\t<svg aria-hidden=\"true\" class=\"e-font-icon-svg e-fab-instagram\" viewBox=\"0 0 448 512\" xmlns=\"http:\/\/www.w3.org\/2000\/svg\"><path d=\"M224.1 141c-63.6 0-114.9 51.3-114.9 114.9s51.3 114.9 114.9 114.9S339 319.5 339 255.9 287.7 141 224.1 141zm0 189.6c-41.1 0-74.7-33.5-74.7-74.7s33.5-74.7 74.7-74.7 74.7 33.5 74.7 74.7-33.6 74.7-74.7 74.7zm146.4-194.3c0 14.9-12 26.8-26.8 26.8-14.9 0-26.8-12-26.8-26.8s12-26.8 26.8-26.8 26.8 12 26.8 26.8zm76.1 27.2c-1.7-35.9-9.9-67.7-36.2-93.9-26.2-26.2-58-34.4-93.9-36.2-37-2.1-147.9-2.1-184.9 0-35.8 1.7-67.6 9.9-93.9 36.1s-34.4 58-36.2 93.9c-2.1 37-2.1 147.9 0 184.9 1.7 35.9 9.9 67.7 36.2 93.9s58 34.4 93.9 36.2c37 2.1 147.9 2.1 184.9 0 35.9-1.7 67.7-9.9 93.9-36.2 26.2-26.2 34.4-58 36.2-93.9 2.1-37 2.1-147.8 0-184.8zM398.8 388c-7.8 19.6-22.9 34.7-42.6 42.6-29.5 11.7-99.5 9-132.1 9s-102.7 2.6-132.1-9c-19.6-7.8-34.7-22.9-42.6-42.6-11.7-29.5-9-99.5-9-132.1s-2.6-102.7 9-132.1c7.8-19.6 22.9-34.7 42.6-42.6 29.5-11.7 99.5-9 132.1-9s102.7-2.6 132.1 9c19.6 7.8 34.7 22.9 42.6 42.6 11.7 29.5 9 99.5 9 132.1s2.7 102.7-9 132.1z\"><\/path><\/svg>\t\t\t\t\t<\/a>\n\t\t\t\t<\/span>\n\t\t\t\t\t\t\t<span class=\"elementor-grid-item\" role=\"listitem\">\n\t\t\t\t\t<a class=\"elementor-icon elementor-social-icon elementor-social-icon-youtube elementor-animation-grow elementor-repeater-item-b789578\" href=\"https:\/\/www.youtube.com\/channel\/UCDZ2HTdXA0GdJeLdZvfO53g\" target=\"_blank\">\n\t\t\t\t\t\t<span class=\"elementor-screen-only\">Youtube<\/span>\n\t\t\t\t\t\t<svg aria-hidden=\"true\" class=\"e-font-icon-svg e-fab-youtube\" viewBox=\"0 0 576 512\" xmlns=\"http:\/\/www.w3.org\/2000\/svg\"><path d=\"M549.655 124.083c-6.281-23.65-24.787-42.276-48.284-48.597C458.781 64 288 64 288 64S117.22 64 74.629 75.486c-23.497 6.322-42.003 24.947-48.284 48.597-11.412 42.867-11.412 132.305-11.412 132.305s0 89.438 11.412 132.305c6.281 23.65 24.787 41.5 48.284 47.821C117.22 448 288 448 288 448s170.78 0 213.371-11.486c23.497-6.321 42.003-24.171 48.284-47.821 11.412-42.867 11.412-132.305 11.412-132.305s0-89.438-11.412-132.305zm-317.51 213.508V175.185l142.739 81.205-142.739 81.201z\"><\/path><\/svg>\t\t\t\t\t<\/a>\n\t\t\t\t<\/span>\n\t\t\t\t\t<\/div>\n\t\t\t\t\t\t<\/div>\n\t\t<div class=\"elementor-element elementor-element-87816a1 e-con-full e-flex wpr-particle-no wpr-jarallax-no wpr-parallax-no wpr-sticky-section-no e-con e-child\" data-id=\"87816a1\" data-element_type=\"container\" data-e-type=\"container\">\n\t\t\t\t<div class=\"elementor-element elementor-element-1994fa9 elementor-widget elementor-widget-heading\" data-id=\"1994fa9\" data-element_type=\"widget\" data-e-type=\"widget\" data-widget_type=\"heading.default\">\n\t\t\t\t\t<h4 class=\"elementor-heading-title elementor-size-default\">\u00c0 propos du club<\/h4>\t\t\t\t<\/div>\n\t\t\t\t<div class=\"elementor-element elementor-element-80a78e3 elementor-widget elementor-widget-text-editor\" data-id=\"80a78e3\" data-element_type=\"widget\" data-e-type=\"widget\" data-widget_type=\"text-editor.default\">\n\t\t\t\t\t\t\t\t\t<p data-start=\"0\" data-end=\"358\">Le S\u016bduva Marijampol\u0117 figure parmi les clubs les plus titr\u00e9s de l\u2019histoire du football lituanien, avec trois titres d\u2019A Lyga, trois Coupes de Lituanie et quatre Supercoupes de Lituanie. Le club a aussi su capter l\u2019attention \u00e0 l\u2019international, en attirant notamment des joueurs de renomm\u00e9e mondiale comme la star japonaise Keisuke Honda, ancien de l\u2019AC Milan.<\/p><p data-start=\"360\" data-end=\"760\">Ses origines remontent \u00e0 une formation ayant exist\u00e9 bri\u00e8vement en 1942. S\u016bduva dispute alors son premier match amical face \u00e0 la r\u00e9put\u00e9e \u00e9quipe du Sveikatos Kybartai, avant de s\u2019inscrire dans les championnats du district de Suvalkija. Son antre, la Marijampol\u0117 Football Arena, est inaugur\u00e9e en 2008 et peut accueillir 6 523 spectateurs, ce qui en fait l\u2019une des enceintes les plus d\u00e9velopp\u00e9es du pays.<\/p><p data-start=\"762\" data-end=\"1343\">L\u2019histoire moderne du club prend v\u00e9ritablement forme en 2002, lorsque S\u016bduva retrouve l\u2019A Lyga et termine \u00e0 la 6e place. Sur la sc\u00e8ne nationale, le bilan reste mesur\u00e9, mais l\u2019\u00e9pop\u00e9e europ\u00e9enne marque les esprits : en Coupe UEFA, S\u016bduva renverse Brann Bergen 3-2 \u00e0 l\u2019aller comme au retour, avant de tomber face au Celtic au tour suivant. En 2005, le club d\u00e9croche ses premiers grands succ\u00e8s, avec une m\u00e9daille de bronze en A Lyga et une Coupe de Lituanie. La dynamique se prolonge en Coupe UEFA, avec un parcours notable, stopp\u00e9 par le Club Bruges au deuxi\u00e8me tour de qualification.<\/p><p data-start=\"1345\" data-end=\"2209\">L\u2019\u00e2ge d\u2019or s\u2019\u00e9tire ensuite de 2017 \u00e0 2019. En 2017, sous la direction de Vladimir \u010ceburin, S\u016bduva conquiert son tout premier titre d\u2019A Lyga, avec 71 points, quatre de plus que le \u017dalgiris. Dans la foul\u00e9e, le club signe une campagne historique en Ligue Europa, jusqu\u2019au troisi\u00e8me tour de qualification. La domination se confirme en 2018, avec un deuxi\u00e8me sacre cons\u00e9cutif et une Supercoupe de Lituanie. S\u016bduva fait aussi la une en sortant l\u2019APOEL Nicosie lors des qualifications de la Ligue des champions, avant de c\u00e9der face au Crvena zvezda. En 2019, le club rafle les trois grands troph\u00e9es lituaniens \u2014 A Lyga, Supercoupe et Coupe LFF \u2014 tout en \u00e9tablissant un record de 87 points en championnat. L\u2019aventure europ\u00e9enne se nourrit d\u2019un succ\u00e8s spectaculaire contre le Maccabi Tel-Aviv, mais s\u2019ach\u00e8ve en barrages de Ligue Europa, \u00e9limin\u00e9 par le Ferencv\u00e1ros Budapest.<\/p><p data-start=\"2211\" data-end=\"2661\">La saison 2020 marque un recul : S\u016bduva termine deuxi\u00e8me du championnat et s\u2019incline en finale de la Supercoupe comme en finale de la Coupe LFF. En mars 2023, le club engage un vaste renouvellement, ax\u00e9 sur les talents locaux et la jeunesse, et nomme \u00e0 la t\u00eate de l\u2019\u00e9quipe premi\u00e8re Dovydas Lastauskas, enfant de Marijampol\u0117. L\u2019exercice se conclut par une 6e place en championnat et une \u00e9limination en quarts de finale de la Coupe LFF aux tirs au but.<\/p><p data-start=\"2663\" data-end=\"3026\">La saison 2024 s\u2019av\u00e8re compliqu\u00e9e, plusieurs probl\u00e8mes touchant l\u2019\u00e9quipe premi\u00e8re. Malgr\u00e9 la deuxi\u00e8me meilleure d\u00e9fense du championnat en nombre de buts encaiss\u00e9s, S\u016bduva affiche aussi la plus faible production offensive (33 buts, comme deux autres \u00e9quipes). Le club termine 9e sur 10 et ne se maintient qu\u2019au terme d\u2019un barrage de rel\u00e9gation arrach\u00e9 de justesse.<\/p><p data-start=\"3028\" data-end=\"3337\" data-is-last-node=\"\" data-is-only-node=\"\">En novembre 2025, Mantas Agentas, PDG de la grande entreprise locale \u00ab Mantinga Group \u00bb, devient le nouveau pr\u00e9sident de S\u016bduva. Dans la foul\u00e9e, le club op\u00e8re un rafra\u00eechissement de son identit\u00e9, avec l\u2019introduction du logo actuel, un budget revu \u00e0 la hausse et des ambitions plus \u00e9lev\u00e9es pour la saison 2026.<\/p>\t\t\t\t\t\t\t\t<\/div>\n\t\t\t\t<\/div>\n\t\t\t\t\t<\/div>\n\t\t\t\t<\/div>\n\t\t\t\t\t<\/div>\n\t\t\t\t<\/div>\n\t\t\t\t<\/div>\n\t\t\t\t\t<\/div>\n\t\t\t\t<\/div>\n\t\t<div class=\"elementor-element elementor-element-dcdef44 e-flex e-con-boxed wpr-particle-no wpr-jarallax-no wpr-parallax-no wpr-sticky-section-no e-con e-parent\" data-id=\"dcdef44\" data-element_type=\"container\" data-e-type=\"container\">\n\t\t\t\t\t<div class=\"e-con-inner\">\n\t\t\t\t<div class=\"elementor-element elementor-element-d06c7eb elementor-widget elementor-widget-google_maps\" data-id=\"d06c7eb\" data-element_type=\"widget\" data-e-type=\"widget\" data-widget_type=\"google_maps.default\">\n\t\t\t\t\t\t\t<div class=\"elementor-custom-embed\">\n\t\t\t<iframe loading=\"lazy\"\n\t\t\t\t\tsrc=\"https:\/\/maps.google.com\/maps?q=Marijampol%C4%97%20Stadium&#038;t=m&#038;z=13&#038;output=embed&#038;iwloc=near\"\n\t\t\t\t\ttitle=\"Marijampol\u0117 Stadium\"\n\t\t\t\t\taria-label=\"Marijampol\u0117 Stadium\"\n\t\t\t><\/iframe>\n\t\t<\/div>\n\t\t\t\t\t\t<\/div>\n\t\t\t\t\t<\/div>\n\t\t\t\t<\/div>\n\t\t\t\t<\/div>\n\t\t","protected":false},"excerpt":{"rendered":"<p>FK S\u016bduva Marijampol\u0117 Ann\u00e9e de fondation : 1942R\u00e9sidence : Marijampol\u0117, LituanieStade : Marijampol\u0117 StadiumCapacit\u00e9 : 6 500 placesFan-club : S\u016bduva Faithful Palmar\u00e8s :A Lyga (2017-2019)Coupe de Lituanie (2006, 2009, 2019)Supercoupe de Lituanie (2009, 2018, 2019, 2022) Home Facebook Instagram Youtube \u00c0 propos du club Le S\u016bduva Marijampol\u0117 figure parmi les clubs les plus titr\u00e9s de l\u2019histoire du football lituanien, avec trois titres d\u2019A Lyga, trois Coupes de Lituanie et quatre Supercoupes de Lituanie. Le club a aussi su capter l\u2019attention \u00e0 l\u2019international, en attirant notamment des joueurs de renomm\u00e9e mondiale comme la star japonaise Keisuke Honda, ancien de l\u2019AC Milan.<\/p>\n","protected":false},"author":2,"featured_media":0,"parent":0,"menu_order":0,"comment_status":"closed","ping_status":"closed","template":"","meta":{"nf_dc_page":"","cybocfi_hide_featured_image":"","footnotes":""},"class_list":["post-891","page","type-page","status-publish","hentry"],"aioseo_notices":[],"jetpack_sharing_enabled":true,"_links":{"self":[{"href":"https:\/\/balticfootballnews.com\/fr\/wp-json\/wp\/v2\/pages\/891","targetHints":{"allow":["GET"]}}],"collection":[{"href":"https:\/\/balticfootballnews.com\/fr\/wp-json\/wp\/v2\/pages"}],"about":[{"href":"https:\/\/balticfootballnews.com\/fr\/wp-json\/wp\/v2\/types\/page"}],"author":[{"embeddable":true,"href":"https:\/\/balticfootballnews.com\/fr\/wp-json\/wp\/v2\/users\/2"}],"replies":[{"embeddable":true,"href":"https:\/\/balticfootballnews.com\/fr\/wp-json\/wp\/v2\/comments?post=891"}],"version-history":[{"count":7,"href":"https:\/\/balticfootballnews.com\/fr\/wp-json\/wp\/v2\/pages\/891\/revisions"}],"predecessor-version":[{"id":994,"href":"https:\/\/balticfootballnews.com\/fr\/wp-json\/wp\/v2\/pages\/891\/revisions\/994"}],"wp:attachment":[{"href":"https:\/\/balticfootballnews.com\/fr\/wp-json\/wp\/v2\/media?parent=891"}],"curies":[{"name":"wp","href":"https:\/\/api.w.org\/{rel}","templated":true}]}}