{"id":267,"date":"2026-01-23T19:17:29","date_gmt":"2026-01-23T17:17:29","guid":{"rendered":"https:\/\/balticfootballnews.com\/fr\/?page_id=267"},"modified":"2026-02-13T20:57:02","modified_gmt":"2026-02-13T18:57:02","slug":"fk-zalgiris","status":"publish","type":"page","link":"https:\/\/balticfootballnews.com\/fr\/fk-zalgiris\/","title":{"rendered":"FK \u017dalgiris"},"content":{"rendered":"\t\t<div data-elementor-type=\"wp-page\" data-elementor-id=\"267\" class=\"elementor elementor-267\">\n\t\t\t\t<div class=\"elementor-element elementor-element-d5641b8 e-flex e-con-boxed wpr-particle-no wpr-jarallax-no wpr-parallax-no wpr-sticky-section-no e-con e-parent\" data-id=\"d5641b8\" data-element_type=\"container\" data-e-type=\"container\">\n\t\t\t\t\t<div class=\"e-con-inner\">\n\t\t<div class=\"elementor-element elementor-element-f90b9d9 e-con-full e-flex wpr-particle-no wpr-jarallax-no wpr-parallax-no wpr-sticky-section-no e-con e-child\" data-id=\"f90b9d9\" data-element_type=\"container\" data-e-type=\"container\">\n\t\t<div class=\"elementor-element elementor-element-d0ecdee e-con-full e-flex wpr-particle-no wpr-jarallax-no wpr-parallax-no wpr-sticky-section-no e-con e-child\" data-id=\"d0ecdee\" data-element_type=\"container\" data-e-type=\"container\">\n\t\t\t\t<div class=\"elementor-element elementor-element-f564d5b elementor-widget elementor-widget-heading\" data-id=\"f564d5b\" data-element_type=\"widget\" data-e-type=\"widget\" data-widget_type=\"heading.default\">\n\t\t\t\t\t<h2 class=\"elementor-heading-title elementor-size-default\">FK \u017dalgiris<\/h2>\t\t\t\t<\/div>\n\t\t\t\t<\/div>\n\t\t<div class=\"elementor-element elementor-element-b6c2952 e-flex e-con-boxed wpr-particle-no wpr-jarallax-no wpr-parallax-no wpr-sticky-section-no e-con e-child\" data-id=\"b6c2952\" data-element_type=\"container\" data-e-type=\"container\">\n\t\t\t\t\t<div class=\"e-con-inner\">\n\t\t<div class=\"elementor-element elementor-element-1118c2a e-flex e-con-boxed wpr-particle-no wpr-jarallax-no wpr-parallax-no wpr-sticky-section-no e-con e-child\" data-id=\"1118c2a\" data-element_type=\"container\" data-e-type=\"container\">\n\t\t\t\t\t<div class=\"e-con-inner\">\n\t\t<div class=\"elementor-element elementor-element-0531373 e-con-full e-grid wpr-particle-no wpr-jarallax-no wpr-parallax-no wpr-sticky-section-no e-con e-child\" data-id=\"0531373\" data-element_type=\"container\" data-e-type=\"container\">\n\t\t\t\t<div class=\"elementor-element elementor-element-fa01c7d elementor-widget elementor-widget-text-editor\" data-id=\"fa01c7d\" data-element_type=\"widget\" data-e-type=\"widget\" data-widget_type=\"text-editor.default\">\n\t\t\t\t\t\t\t\t\t<p><strong>Ann\u00e9e de fondation<\/strong> : 1947<br data-start=\"25\" data-end=\"28\" \/><strong>Ville<\/strong> : Vilnius, Lituanie<br data-start=\"53\" data-end=\"56\" \/><strong>Stade<\/strong> : LFF Stadium<br data-start=\"75\" data-end=\"78\" \/><strong>Capacit\u00e9 du stade<\/strong> : 5 067<br data-start=\"103\" data-end=\"106\" \/><strong>Fan-club<\/strong> : Piet\u0173 IV<br data-start=\"153\" data-end=\"156\" \/><strong>Palmar\u00e8s<\/strong> : <br \/>A Lyga (1991, 1992, 1998, 1999, 2013\u20132016, 2020\u20132022, 2024)<br \/>Coupe de Lituanie (1991\u20131994, 1997, 2003, 2012\u20132016, 2018, 2021, 2022)<br \/>Supercoupe de Lituanie (2003, 2013\u20132017, 2020, 2023, 2025)<\/p>\t\t\t\t\t\t\t\t<\/div>\n\t\t\t\t<div class=\"elementor-element elementor-element-bd5d588 elementor-widget elementor-widget-image\" data-id=\"bd5d588\" data-element_type=\"widget\" data-e-type=\"widget\" data-widget_type=\"image.default\">\n\t\t\t\t\t\t\t\t\t\t\t\t\t\t\t<img loading=\"lazy\" decoding=\"async\" loading=\"lazy\" width=\"300\" height=\"300\" src=\"https:\/\/i0.wp.com\/balticfootballnews.com\/fr\/wp-content\/uploads\/sites\/4\/2026\/01\/zalgiris512.png?fit=300%2C300&amp;ssl=1\" class=\"elementor-animation-grow attachment-medium size-medium wp-image-156\" alt=\"\" srcset=\"https:\/\/i0.wp.com\/balticfootballnews.com\/fr\/wp-content\/uploads\/sites\/4\/2026\/01\/zalgiris512.png?w=512&amp;ssl=1 512w, https:\/\/i0.wp.com\/balticfootballnews.com\/fr\/wp-content\/uploads\/sites\/4\/2026\/01\/zalgiris512.png?resize=300%2C300&amp;ssl=1 300w, https:\/\/i0.wp.com\/balticfootballnews.com\/fr\/wp-content\/uploads\/sites\/4\/2026\/01\/zalgiris512.png?resize=150%2C150&amp;ssl=1 150w, https:\/\/i0.wp.com\/balticfootballnews.com\/fr\/wp-content\/uploads\/sites\/4\/2026\/01\/zalgiris512.png?resize=60%2C60&amp;ssl=1 60w, https:\/\/i0.wp.com\/balticfootballnews.com\/fr\/wp-content\/uploads\/sites\/4\/2026\/01\/zalgiris512.png?resize=480%2C480&amp;ssl=1 480w\" sizes=\"auto, (max-width: 300px) 100vw, 300px\" \/>\t\t\t\t\t\t\t\t\t\t\t\t\t\t\t<\/div>\n\t\t\t\t<\/div>\n\t\t\t\t<div class=\"elementor-element elementor-element-5ee88e3 elementor-shape-circle elementor-grid-0 e-grid-align-center elementor-widget elementor-widget-social-icons\" data-id=\"5ee88e3\" data-element_type=\"widget\" data-e-type=\"widget\" data-widget_type=\"social-icons.default\">\n\t\t\t\t\t\t\t<div class=\"elementor-social-icons-wrapper elementor-grid\" role=\"list\">\n\t\t\t\t\t\t\t<span class=\"elementor-grid-item\" role=\"listitem\">\n\t\t\t\t\t<a class=\"elementor-icon elementor-social-icon elementor-social-icon-home elementor-animation-grow elementor-repeater-item-4f742bb\" href=\"https:\/\/fkzalgiris.lt\/en\/\" target=\"_blank\">\n\t\t\t\t\t\t<span class=\"elementor-screen-only\">Home<\/span>\n\t\t\t\t\t\t<svg aria-hidden=\"true\" class=\"e-font-icon-svg e-fas-home\" viewBox=\"0 0 576 512\" xmlns=\"http:\/\/www.w3.org\/2000\/svg\"><path d=\"M280.37 148.26L96 300.11V464a16 16 0 0 0 16 16l112.06-.29a16 16 0 0 0 15.92-16V368a16 16 0 0 1 16-16h64a16 16 0 0 1 16 16v95.64a16 16 0 0 0 16 16.05L464 480a16 16 0 0 0 16-16V300L295.67 148.26a12.19 12.19 0 0 0-15.3 0zM571.6 251.47L488 182.56V44.05a12 12 0 0 0-12-12h-56a12 12 0 0 0-12 12v72.61L318.47 43a48 48 0 0 0-61 0L4.34 251.47a12 12 0 0 0-1.6 16.9l25.5 31A12 12 0 0 0 45.15 301l235.22-193.74a12.19 12.19 0 0 1 15.3 0L530.9 301a12 12 0 0 0 16.9-1.6l25.5-31a12 12 0 0 0-1.7-16.93z\"><\/path><\/svg>\t\t\t\t\t<\/a>\n\t\t\t\t<\/span>\n\t\t\t\t\t\t\t<span class=\"elementor-grid-item\" role=\"listitem\">\n\t\t\t\t\t<a class=\"elementor-icon elementor-social-icon elementor-social-icon-facebook elementor-animation-grow elementor-repeater-item-ef1668a\" href=\"https:\/\/www.facebook.com\/fkzalgiris\/\" target=\"_blank\">\n\t\t\t\t\t\t<span class=\"elementor-screen-only\">Facebook<\/span>\n\t\t\t\t\t\t<svg aria-hidden=\"true\" class=\"e-font-icon-svg e-fab-facebook\" viewBox=\"0 0 512 512\" xmlns=\"http:\/\/www.w3.org\/2000\/svg\"><path d=\"M504 256C504 119 393 8 256 8S8 119 8 256c0 123.78 90.69 226.38 209.25 245V327.69h-63V256h63v-54.64c0-62.15 37-96.48 93.67-96.48 27.14 0 55.52 4.84 55.52 4.84v61h-31.28c-30.8 0-40.41 19.12-40.41 38.73V256h68.78l-11 71.69h-57.78V501C413.31 482.38 504 379.78 504 256z\"><\/path><\/svg>\t\t\t\t\t<\/a>\n\t\t\t\t<\/span>\n\t\t\t\t\t\t\t<span class=\"elementor-grid-item\" role=\"listitem\">\n\t\t\t\t\t<a class=\"elementor-icon elementor-social-icon elementor-social-icon-x-twitter elementor-animation-grow elementor-repeater-item-e3fa244\" href=\"https:\/\/x.com\/fkzalgiris\" target=\"_blank\">\n\t\t\t\t\t\t<span class=\"elementor-screen-only\">X-twitter<\/span>\n\t\t\t\t\t\t<svg aria-hidden=\"true\" class=\"e-font-icon-svg e-fab-x-twitter\" viewBox=\"0 0 512 512\" xmlns=\"http:\/\/www.w3.org\/2000\/svg\"><path d=\"M389.2 48h70.6L305.6 224.2 487 464H345L233.7 318.6 106.5 464H35.8L200.7 275.5 26.8 48H172.4L272.9 180.9 389.2 48zM364.4 421.8h39.1L151.1 88h-42L364.4 421.8z\"><\/path><\/svg>\t\t\t\t\t<\/a>\n\t\t\t\t<\/span>\n\t\t\t\t\t\t\t<span class=\"elementor-grid-item\" role=\"listitem\">\n\t\t\t\t\t<a class=\"elementor-icon elementor-social-icon elementor-social-icon-instagram elementor-animation-grow elementor-repeater-item-4eec7c9\" href=\"https:\/\/www.instagram.com\/fkzalgiris\/\" target=\"_blank\">\n\t\t\t\t\t\t<span class=\"elementor-screen-only\">Instagram<\/span>\n\t\t\t\t\t\t<svg aria-hidden=\"true\" class=\"e-font-icon-svg e-fab-instagram\" viewBox=\"0 0 448 512\" xmlns=\"http:\/\/www.w3.org\/2000\/svg\"><path d=\"M224.1 141c-63.6 0-114.9 51.3-114.9 114.9s51.3 114.9 114.9 114.9S339 319.5 339 255.9 287.7 141 224.1 141zm0 189.6c-41.1 0-74.7-33.5-74.7-74.7s33.5-74.7 74.7-74.7 74.7 33.5 74.7 74.7-33.6 74.7-74.7 74.7zm146.4-194.3c0 14.9-12 26.8-26.8 26.8-14.9 0-26.8-12-26.8-26.8s12-26.8 26.8-26.8 26.8 12 26.8 26.8zm76.1 27.2c-1.7-35.9-9.9-67.7-36.2-93.9-26.2-26.2-58-34.4-93.9-36.2-37-2.1-147.9-2.1-184.9 0-35.8 1.7-67.6 9.9-93.9 36.1s-34.4 58-36.2 93.9c-2.1 37-2.1 147.9 0 184.9 1.7 35.9 9.9 67.7 36.2 93.9s58 34.4 93.9 36.2c37 2.1 147.9 2.1 184.9 0 35.9-1.7 67.7-9.9 93.9-36.2 26.2-26.2 34.4-58 36.2-93.9 2.1-37 2.1-147.8 0-184.8zM398.8 388c-7.8 19.6-22.9 34.7-42.6 42.6-29.5 11.7-99.5 9-132.1 9s-102.7 2.6-132.1-9c-19.6-7.8-34.7-22.9-42.6-42.6-11.7-29.5-9-99.5-9-132.1s-2.6-102.7 9-132.1c7.8-19.6 22.9-34.7 42.6-42.6 29.5-11.7 99.5-9 132.1-9s102.7-2.6 132.1 9c19.6 7.8 34.7 22.9 42.6 42.6 11.7 29.5 9 99.5 9 132.1s2.7 102.7-9 132.1z\"><\/path><\/svg>\t\t\t\t\t<\/a>\n\t\t\t\t<\/span>\n\t\t\t\t\t\t\t<span class=\"elementor-grid-item\" role=\"listitem\">\n\t\t\t\t\t<a class=\"elementor-icon elementor-social-icon elementor-social-icon-youtube elementor-animation-grow elementor-repeater-item-b789578\" href=\"https:\/\/www.youtube.com\/channel\/UC1ag8JLxGirltMUoLlzfZLA\" target=\"_blank\">\n\t\t\t\t\t\t<span class=\"elementor-screen-only\">Youtube<\/span>\n\t\t\t\t\t\t<svg aria-hidden=\"true\" class=\"e-font-icon-svg e-fab-youtube\" viewBox=\"0 0 576 512\" xmlns=\"http:\/\/www.w3.org\/2000\/svg\"><path d=\"M549.655 124.083c-6.281-23.65-24.787-42.276-48.284-48.597C458.781 64 288 64 288 64S117.22 64 74.629 75.486c-23.497 6.322-42.003 24.947-48.284 48.597-11.412 42.867-11.412 132.305-11.412 132.305s0 89.438 11.412 132.305c6.281 23.65 24.787 41.5 48.284 47.821C117.22 448 288 448 288 448s170.78 0 213.371-11.486c23.497-6.321 42.003-24.171 48.284-47.821 11.412-42.867 11.412-132.305 11.412-132.305s0-89.438-11.412-132.305zm-317.51 213.508V175.185l142.739 81.205-142.739 81.201z\"><\/path><\/svg>\t\t\t\t\t<\/a>\n\t\t\t\t<\/span>\n\t\t\t\t\t\t\t<span class=\"elementor-grid-item\" role=\"listitem\">\n\t\t\t\t\t<a class=\"elementor-icon elementor-social-icon elementor-social-icon-tiktok elementor-animation-grow elementor-repeater-item-b3ab1b3\" href=\"https:\/\/www.tiktok.com\/@fkzalgiris\" target=\"_blank\">\n\t\t\t\t\t\t<span class=\"elementor-screen-only\">Tiktok<\/span>\n\t\t\t\t\t\t<svg aria-hidden=\"true\" class=\"e-font-icon-svg e-fab-tiktok\" viewBox=\"0 0 448 512\" xmlns=\"http:\/\/www.w3.org\/2000\/svg\"><path d=\"M448,209.91a210.06,210.06,0,0,1-122.77-39.25V349.38A162.55,162.55,0,1,1,185,188.31V278.2a74.62,74.62,0,1,0,52.23,71.18V0l88,0a121.18,121.18,0,0,0,1.86,22.17h0A122.18,122.18,0,0,0,381,102.39a121.43,121.43,0,0,0,67,20.14Z\"><\/path><\/svg>\t\t\t\t\t<\/a>\n\t\t\t\t<\/span>\n\t\t\t\t\t<\/div>\n\t\t\t\t\t\t<\/div>\n\t\t<div class=\"elementor-element elementor-element-76c50d2 e-con-full e-flex wpr-particle-no wpr-jarallax-no wpr-parallax-no wpr-sticky-section-no e-con e-child\" data-id=\"76c50d2\" data-element_type=\"container\" data-e-type=\"container\">\n\t\t\t\t<div class=\"elementor-element elementor-element-70edeab elementor-widget elementor-widget-heading\" data-id=\"70edeab\" data-element_type=\"widget\" data-e-type=\"widget\" data-widget_type=\"heading.default\">\n\t\t\t\t\t<h4 class=\"elementor-heading-title elementor-size-default\">\u00c0 propos du club<\/h4>\t\t\t\t<\/div>\n\t\t\t\t<div class=\"elementor-element elementor-element-78132af elementor-widget elementor-widget-text-editor\" data-id=\"78132af\" data-element_type=\"widget\" data-e-type=\"widget\" data-widget_type=\"text-editor.default\">\n\t\t\t\t\t\t\t\t\t<p>\u017dalgiris Vilnius est le club le plus embl\u00e9matique et le plus titr\u00e9 du football lituanien, fond\u00e9 en 1947. Il d\u00e9tient un record de 11 titres de champion de Lituanie (premi\u00e8re division) et compte 14 Coupes de Lituanie \u00e0 son palmar\u00e8s.<\/p><p>\u017dalgiris a \u00e9volu\u00e9 dans le syst\u00e8me des ligues de l\u2019Union sovi\u00e9tique de 1947 \u00e0 1989. En 1987, le club a sign\u00e9 sa saison la plus r\u00e9ussie en terminant 3e de la Soviet Top League. Il s\u2019est qualifi\u00e9 pour la Coupe de l\u2019UEFA pour la premi\u00e8re fois, o\u00f9 il a fait ses d\u00e9buts contre l\u2019Austria Wien.<\/p><p>Apr\u00e8s la d\u00e9claration d\u2019ind\u00e9pendance de la Lituanie, le 11 mars 1990, \u017dalgiris a quitt\u00e9 imm\u00e9diatement la Soviet Top League. Malgr\u00e9 le d\u00e9part de la plupart de ses joueurs cl\u00e9s, il faisait partie des favoris pour remporter la saison inaugurale de l\u2019A Lyga. Il a gagn\u00e9 la saison r\u00e9guli\u00e8re en ne perdant qu\u2019un seul match sur 32, mais s\u2019est inclin\u00e9 contre Ekranas en demi-finale des play-offs.<\/p><p>La saison suivante, le club a remport\u00e9 deux titres de champion cons\u00e9cutifs. Ces deux sacres ont \u00e9t\u00e9 les seuls dans les ann\u00e9es qui ont suivi, \u00e0 mesure que de nouveaux pr\u00e9tendants se sont impos\u00e9s : apr\u00e8s avoir termin\u00e9 vice-champion \u00e0 cinq reprises lors des six saisons suivantes, \u017dalgiris a remport\u00e9 le titre A Lyga 1998\/99 (la derni\u00e8re saison disput\u00e9e de l\u2019automne au printemps). Ce fut \u00e9galement son dernier titre de champion pendant plus d\u2019une d\u00e9cennie, alors que ses principaux rivaux, FBK Kaunas et FK Ekranas, ont pris le contr\u00f4le du football lituanien en remportant les 14 titres A Lyga suivants. Sur le plan financier, \u017dalgiris a connu de grandes difficult\u00e9s, en particulier apr\u00e8s l\u2019arrestation de son propri\u00e9taire, Vadim Kastujev, \u00e0 Moscou. Le club a tenu jusqu\u2019\u00e0 la fin de la saison 2008, mais n\u2019a pas pu satisfaire aux exigences financi\u00e8res pour 2009. En r\u00e9ponse, des supporters ont fond\u00e9 un nouveau club, VMFD \u017dalgiris, en conservant les m\u00eames joueurs et le m\u00eame staff.<\/p><p>La candidature du club pour int\u00e9grer l\u2019A Lyga a \u00e9t\u00e9 refus\u00e9e, et il a donc \u00e9volu\u00e9 en deuxi\u00e8me division. Bien qu\u2019il ait termin\u00e9 dernier cette saison-l\u00e0, il est revenu en A Lyga l\u2019ann\u00e9e suivante, apr\u00e8s le retrait d\u2019autres clubs pour raisons financi\u00e8res.<\/p><p>Le nouveau club a d\u2019abord connu des difficult\u00e9s, mais a rapidement rebondi et retrouv\u00e9 l\u2019A Lyga en un an. Depuis 2011, \u017dalgiris est rest\u00e9 r\u00e9guli\u00e8rement au plus haut niveau, ne terminant jamais plus bas que la deuxi\u00e8me place et remportant huit titres de champion suppl\u00e9mentaires. Il est \u00e9galement entr\u00e9 dans l\u2019histoire en devenant la premi\u00e8re \u00e9quipe lituanienne \u00e0 atteindre la phase de groupes d\u2019une comp\u00e9tition de l\u2019UEFA lors de l\u2019Europa Conference League 2022\/2023, o\u00f9 il a termin\u00e9 avec cinq points.<\/p>\t\t\t\t\t\t\t\t<\/div>\n\t\t\t\t<\/div>\n\t\t\t\t\t<\/div>\n\t\t\t\t<\/div>\n\t\t\t\t\t<\/div>\n\t\t\t\t<\/div>\n\t\t\t\t<\/div>\n\t\t\t\t\t<\/div>\n\t\t\t\t<\/div>\n\t\t<div class=\"elementor-element elementor-element-0da2dd3 e-flex e-con-boxed wpr-particle-no wpr-jarallax-no wpr-parallax-no wpr-sticky-section-no e-con e-parent\" data-id=\"0da2dd3\" data-element_type=\"container\" data-e-type=\"container\">\n\t\t\t\t\t<div class=\"e-con-inner\">\n\t\t\t\t<div class=\"elementor-element elementor-element-de96cbe elementor-widget elementor-widget-google_maps\" data-id=\"de96cbe\" data-element_type=\"widget\" data-e-type=\"widget\" data-widget_type=\"google_maps.default\">\n\t\t\t\t\t\t\t<div class=\"elementor-custom-embed\">\n\t\t\t<iframe loading=\"lazy\"\n\t\t\t\t\tsrc=\"https:\/\/maps.google.com\/maps?q=lff%20stadionas&#038;t=m&#038;z=13&#038;output=embed&#038;iwloc=near\"\n\t\t\t\t\ttitle=\"lff stadionas\"\n\t\t\t\t\taria-label=\"lff stadionas\"\n\t\t\t><\/iframe>\n\t\t<\/div>\n\t\t\t\t\t\t<\/div>\n\t\t\t\t\t<\/div>\n\t\t\t\t<\/div>\n\t\t\t\t<\/div>\n\t\t","protected":false},"excerpt":{"rendered":"<p>FK \u017dalgiris Ann\u00e9e de fondation : 1947Ville : Vilnius, LituanieStade : LFF StadiumCapacit\u00e9 du stade : 5 067Fan-club : Piet\u0173 IVPalmar\u00e8s : A Lyga (1991, 1992, 1998, 1999, 2013\u20132016, 2020\u20132022, 2024)Coupe de Lituanie (1991\u20131994, 1997, 2003, 2012\u20132016, 2018, 2021, 2022)Supercoupe de Lituanie (2003, 2013\u20132017, 2020, 2023, 2025) Home Facebook X-twitter Instagram Youtube Tiktok \u00c0 propos du club \u017dalgiris Vilnius est le club le plus embl\u00e9matique et le plus titr\u00e9 du football lituanien, fond\u00e9 en 1947. Il d\u00e9tient un record de 11 titres de champion de Lituanie (premi\u00e8re division) et compte 14 Coupes de Lituanie \u00e0 son palmar\u00e8s. \u017dalgiris a \u00e9volu\u00e9<\/p>\n","protected":false},"author":2,"featured_media":293,"parent":0,"menu_order":0,"comment_status":"closed","ping_status":"closed","template":"","meta":{"nf_dc_page":"","cybocfi_hide_featured_image":"","footnotes":""},"class_list":["post-267","page","type-page","status-publish","has-post-thumbnail","hentry"],"aioseo_notices":[],"jetpack_sharing_enabled":true,"_links":{"self":[{"href":"https:\/\/balticfootballnews.com\/fr\/wp-json\/wp\/v2\/pages\/267","targetHints":{"allow":["GET"]}}],"collection":[{"href":"https:\/\/balticfootballnews.com\/fr\/wp-json\/wp\/v2\/pages"}],"about":[{"href":"https:\/\/balticfootballnews.com\/fr\/wp-json\/wp\/v2\/types\/page"}],"author":[{"embeddable":true,"href":"https:\/\/balticfootballnews.com\/fr\/wp-json\/wp\/v2\/users\/2"}],"replies":[{"embeddable":true,"href":"https:\/\/balticfootballnews.com\/fr\/wp-json\/wp\/v2\/comments?post=267"}],"version-history":[{"count":11,"href":"https:\/\/balticfootballnews.com\/fr\/wp-json\/wp\/v2\/pages\/267\/revisions"}],"predecessor-version":[{"id":1003,"href":"https:\/\/balticfootballnews.com\/fr\/wp-json\/wp\/v2\/pages\/267\/revisions\/1003"}],"wp:featuredmedia":[{"embeddable":true,"href":"https:\/\/balticfootballnews.com\/fr\/wp-json\/wp\/v2\/media\/293"}],"wp:attachment":[{"href":"https:\/\/balticfootballnews.com\/fr\/wp-json\/wp\/v2\/media?parent=267"}],"curies":[{"name":"wp","href":"https:\/\/api.w.org\/{rel}","templated":true}]}}