{"id":26,"date":"2025-10-06T20:05:18","date_gmt":"2025-10-06T19:05:18","guid":{"rendered":"http:\/\/dkravcenko"},"modified":"2025-10-06T20:13:17","modified_gmt":"2025-10-06T19:13:17","slug":"ai-use-policy","status":"publish","type":"page","link":"https:\/\/balticfootballnews.com\/fr\/ai-use-policy\/","title":{"rendered":"Politique d\u2019utilisation de l\u2019IA"},"content":{"rendered":"\n<div style=\"height:100px\" aria-hidden=\"true\" class=\"wp-block-spacer\"><\/div>\n\n\n\n<p class=\"\">La <strong>Politique d\u2019utilisation de l\u2019intelligence artificielle (IA)<\/strong> des <strong>Actualit\u00e9s du football balte<\/strong> (<em>Baltic<\/em> <em>Football News France<\/em>) est au c\u0153ur de notre d\u00e9marche pour une utilisation responsable de cette technologie.<\/p>\n\n\n\n<p class=\"\">Elle s\u2019applique \u00e0 l\u2019ensemble des usages de l\u2019IA au sein de notre r\u00e9daction.<\/p>\n\n\n\n<hr class=\"wp-block-separator has-alpha-channel-opacity\"\/>\n\n\n\n<p class=\"\">Aux <strong>Actualit\u00e9s du football balte<\/strong>, nous pensons que l\u2019intelligence artificielle (IA) peut nous aider \u00e0 raconter des histoires, \u00e0 r\u00e9v\u00e9ler de nouvelles informations et \u00e0 rapprocher les fans du football qu\u2019ils aiment, de mani\u00e8re innovante.<\/p>\n\n\n\n<p class=\"\">Mais nous reconnaissons aussi que l\u2019usage de l\u2019IA dans le journalisme implique des responsabilit\u00e9s. Cette politique d\u00e9finit notre approche afin de tirer parti des avantages de l\u2019IA sans compromettre nos valeurs, la confiance de nos lecteurs ni l\u2019int\u00e9grit\u00e9 de nos reportages.<\/p>\n\n\n\n<p class=\"\">Nous utilisons l\u2019IA comme <strong>un outil \u2014 et non comme un substitut au jugement ou \u00e0 la cr\u00e9ativit\u00e9 humaine<\/strong>.<\/p>\n\n\n\n<p class=\"\">Qu\u2019il s\u2019agisse d\u2019analyser des donn\u00e9es, de faciliter la traduction linguistique dans notre r\u00e9gion multilingue ou ailleurs dans le monde o\u00f9 \u00e9voluent des footballeurs baltes, ou encore d\u2019acc\u00e9l\u00e9rer certains flux de production, l\u2019IA soutient le travail de nos journalistes sans jamais le remplacer. La d\u00e9cision finale revient toujours \u00e0 nos r\u00e9dacteurs humains, qui garantissent que chaque contenu respecte les normes \u00e9lev\u00e9es attendues par nos lecteurs avant d\u2019\u00eatre publi\u00e9.<\/p>\n\n\n\n<p class=\"\"><strong>La pr\u00e9cision et l\u2019\u00e9quit\u00e9<\/strong> demeurent au c\u0153ur de tout ce que nous faisons.<br>Lorsque nous utilisons l\u2019IA, nous v\u00e9rifions attentivement ses r\u00e9sultats, conscients que les syst\u00e8mes automatis\u00e9s peuvent introduire des erreurs ou des biais. Tout contenu produit avec l\u2019aide de l\u2019IA est <strong>rev\u00e9rifi\u00e9, valid\u00e9 et \u00e9dit\u00e9<\/strong> afin qu\u2019il refl\u00e8te fid\u00e8lement les faits et reste conforme \u00e0 l\u2019esprit d\u2019un journalisme sportif \u00e9quitable.<\/p>\n\n\n\n<p class=\"\">Nous nous engageons \u00e0 <strong>respecter les droits<\/strong> de toutes les personnes qui contribuent \u00e0 notre travail \u2014 journalistes, photographes, fournisseurs de donn\u00e9es ou autres cr\u00e9ateurs. Nous respectons \u00e9galement <strong>la vie priv\u00e9e et la protection des donn\u00e9es personnelles<\/strong> des individus dont les informations peuvent \u00eatre trait\u00e9es par des syst\u00e8mes d\u2019IA. Notre utilisation de l\u2019IA est conforme au <strong>R\u00e8glement g\u00e9n\u00e9ral sur la protection des donn\u00e9es (RGPD)<\/strong> et \u00e0 la <strong>Loi europ\u00e9enne sur l\u2019intelligence artificielle<\/strong>, et s\u2019appuie sur des principes \u00e9thiques, notamment en mati\u00e8re de donn\u00e9es personnelles et de propri\u00e9t\u00e9 intellectuelle.<\/p>\n\n\n\n<p class=\"\">Avant tout, la mission des <strong>Actualit\u00e9s du football balte<\/strong> est de servir les fans de football des pays baltes et d\u2019ailleurs avec une couverture <strong>pr\u00e9cise, juste et engageante<\/strong>. L\u2019IA peut nous y aider \u2014 mais seulement si elle est utilis\u00e9e de mani\u00e8re <strong>responsable, \u00e9thique et centr\u00e9e sur l\u2019expertise humaine<\/strong> et le jugement \u00e9ditorial.<\/p>\n\n\n\n<p class=\"\">Telle est notre promesse alors que nous continuons \u00e0 explorer les possibilit\u00e9s offertes par l\u2019intelligence artificielle dans le journalisme sportif.<br>Dans cette d\u00e9marche, les <strong>Actualit\u00e9s du football balte<\/strong> suivent de pr\u00e8s les d\u00e9bats et recommandations de la <strong>Commission europ\u00e9enne<\/strong> concernant l\u2019utilisation \u00e9thique de l\u2019IA.<\/p>\n\n\n\n<hr class=\"wp-block-separator has-alpha-channel-opacity\"\/>\n\n\n\n<p class=\"\">Sources de r\u00e9f\u00e9rence :<\/p>\n\n\n\n<p class=\"\"><a href=\"https:\/\/digital-strategy.ec.europa.eu\/en\/library\/ethics-guidelines-trustworthy-ai\" target=\"_blank\" rel=\"noopener\" title=\"\">Lignes directrices \u00e9thiques de l\u2019UE pour une IA digne de confiance<\/a><\/p>\n\n\n\n<p class=\"\"><a href=\"https:\/\/reutersinstitute.politics.ox.ac.uk\/ai-journalism-future-news\" target=\"_blank\" rel=\"noopener\" title=\"\"><em>AI and the Future of News<\/em> \u2013 Reuters Institute for the Study of Journalism<\/a><\/p>\n\n\n\n<p class=\"\"><a href=\"https:\/\/www.nytimes.com\/2024\/10\/07\/reader-center\/how-new-york-times-uses-ai-journalism.html\" target=\"_blank\" rel=\"noopener\" title=\"\">Politique d\u2019utilisation de l\u2019IA du New York Times<\/a><\/p>\n\n\n\n<p class=\"\"><a href=\"https:\/\/www.bbc.co.uk\/supplying\/working-with-us\/ai-principles\/\" target=\"_blank\" rel=\"noopener\" title=\"\">Politique d\u2019utilisation de l\u2019IA de la BBC<\/a><\/p>\n\n\n\n<p class=\"\"><a href=\"https:\/\/www.theguardian.com\/help\/insideguardian\/2023\/jun\/16\/the-guardians-approach-to-generative-ai\" target=\"_blank\" rel=\"noopener\" title=\"\">Politique d\u2019utilisation de l\u2019IA du Guardian<\/a><\/p>\n\n\n\n<p class=\"\"><\/p>\n","protected":false},"excerpt":{"rendered":"<p>La Politique d\u2019utilisation de l\u2019intelligence artificielle (IA) des Actualit\u00e9s du football balte (Baltic Football News France) est au c\u0153ur de notre d\u00e9marche pour une utilisation responsable de cette technologie. Elle s\u2019applique \u00e0 l\u2019ensemble des usages de l\u2019IA au sein de notre r\u00e9daction. Aux Actualit\u00e9s du football balte, nous pensons que l\u2019intelligence artificielle (IA) peut nous aider \u00e0 raconter des histoires, \u00e0 r\u00e9v\u00e9ler de nouvelles informations et \u00e0 rapprocher les fans du football qu\u2019ils aiment, de mani\u00e8re innovante. Mais nous reconnaissons aussi que l\u2019usage de l\u2019IA dans le journalisme implique des responsabilit\u00e9s. Cette politique d\u00e9finit notre approche afin de tirer parti<\/p>\n","protected":false},"author":2,"featured_media":0,"parent":0,"menu_order":0,"comment_status":"closed","ping_status":"closed","template":"","meta":{"nf_dc_page":"","cybocfi_hide_featured_image":"","footnotes":""},"class_list":["post-26","page","type-page","status-publish","hentry"],"aioseo_notices":[],"jetpack_sharing_enabled":true,"_links":{"self":[{"href":"https:\/\/balticfootballnews.com\/fr\/wp-json\/wp\/v2\/pages\/26","targetHints":{"allow":["GET"]}}],"collection":[{"href":"https:\/\/balticfootballnews.com\/fr\/wp-json\/wp\/v2\/pages"}],"about":[{"href":"https:\/\/balticfootballnews.com\/fr\/wp-json\/wp\/v2\/types\/page"}],"author":[{"embeddable":true,"href":"https:\/\/balticfootballnews.com\/fr\/wp-json\/wp\/v2\/users\/2"}],"replies":[{"embeddable":true,"href":"https:\/\/balticfootballnews.com\/fr\/wp-json\/wp\/v2\/comments?post=26"}],"version-history":[{"count":1,"href":"https:\/\/balticfootballnews.com\/fr\/wp-json\/wp\/v2\/pages\/26\/revisions"}],"predecessor-version":[{"id":43,"href":"https:\/\/balticfootballnews.com\/fr\/wp-json\/wp\/v2\/pages\/26\/revisions\/43"}],"wp:attachment":[{"href":"https:\/\/balticfootballnews.com\/fr\/wp-json\/wp\/v2\/media?parent=26"}],"curies":[{"name":"wp","href":"https:\/\/api.w.org\/{rel}","templated":true}]}}