{"id":2521,"date":"2026-02-15T21:04:17","date_gmt":"2026-02-15T19:04:17","guid":{"rendered":"https:\/\/balticfootballnews.com\/fr\/?page_id=2521"},"modified":"2026-02-15T21:10:18","modified_gmt":"2026-02-15T19:10:18","slug":"fc-nomme-united","status":"publish","type":"page","link":"https:\/\/balticfootballnews.com\/fr\/fc-nomme-united\/","title":{"rendered":"FC N\u00f5mme United"},"content":{"rendered":"\t\t<div data-elementor-type=\"wp-page\" data-elementor-id=\"2521\" class=\"elementor elementor-2521\">\n\t\t\t\t<div class=\"elementor-element elementor-element-b120043 e-flex e-con-boxed wpr-particle-no wpr-jarallax-no wpr-parallax-no wpr-sticky-section-no e-con e-parent\" data-id=\"b120043\" data-element_type=\"container\" data-e-type=\"container\">\n\t\t\t\t\t<div class=\"e-con-inner\">\n\t\t<div class=\"elementor-element elementor-element-0e921eb e-con-full e-flex wpr-particle-no wpr-jarallax-no wpr-parallax-no wpr-sticky-section-no e-con e-child\" data-id=\"0e921eb\" data-element_type=\"container\" data-e-type=\"container\">\n\t\t\t\t<div class=\"elementor-element elementor-element-42e175b elementor-widget elementor-widget-heading\" data-id=\"42e175b\" data-element_type=\"widget\" data-e-type=\"widget\" data-widget_type=\"heading.default\">\n\t\t\t\t\t<h2 class=\"elementor-heading-title elementor-size-default\">FC N\u00f5mme United<\/h2>\t\t\t\t<\/div>\n\t\t\t\t<\/div>\n\t\t<div class=\"elementor-element elementor-element-9a909f4 e-flex e-con-boxed wpr-particle-no wpr-jarallax-no wpr-parallax-no wpr-sticky-section-no e-con e-child\" data-id=\"9a909f4\" data-element_type=\"container\" data-e-type=\"container\">\n\t\t\t\t\t<div class=\"e-con-inner\">\n\t\t<div class=\"elementor-element elementor-element-da27871 e-flex e-con-boxed wpr-particle-no wpr-jarallax-no wpr-parallax-no wpr-sticky-section-no e-con e-child\" data-id=\"da27871\" data-element_type=\"container\" data-e-type=\"container\">\n\t\t\t\t\t<div class=\"e-con-inner\">\n\t\t<div class=\"elementor-element elementor-element-a543085 e-con-full e-grid wpr-particle-no wpr-jarallax-no wpr-parallax-no wpr-sticky-section-no e-con e-child\" data-id=\"a543085\" data-element_type=\"container\" data-e-type=\"container\">\n\t\t\t\t<div class=\"elementor-element elementor-element-1a7e859 elementor-widget elementor-widget-text-editor\" data-id=\"1a7e859\" data-element_type=\"widget\" data-e-type=\"widget\" data-widget_type=\"text-editor.default\">\n\t\t\t\t\t\t\t\t\t<p><strong>Ann\u00e9e de fondation<\/strong> : 2000<br \/><strong>R\u00e9sidence<\/strong> : Tallinn, Estonie<br \/><strong>Stade<\/strong> : Stade de M\u00e4nniku<br \/><strong>Capacit\u00e9 du stade<\/strong> : 500<br \/><strong>Club de supporters<\/strong> : N\/A<\/p><p><strong>Palmar\u00e8s<\/strong> : <br \/>Esiliiga (2e division ; 2023, 2025)<\/p>\t\t\t\t\t\t\t\t<\/div>\n\t\t\t\t<div class=\"elementor-element elementor-element-7d0c101 elementor-widget elementor-widget-image\" data-id=\"7d0c101\" data-element_type=\"widget\" data-e-type=\"widget\" data-widget_type=\"image.default\">\n\t\t\t\t\t\t\t\t\t\t\t\t\t\t\t<img loading=\"lazy\" decoding=\"async\" loading=\"lazy\" width=\"300\" height=\"300\" src=\"https:\/\/i0.wp.com\/balticfootballnews.com\/fr\/wp-content\/uploads\/sites\/4\/2026\/02\/Logo_of_FC_Nomme_United-1.webp?fit=300%2C300&amp;ssl=1\" class=\"elementor-animation-grow attachment-medium size-medium wp-image-2532\" alt=\"\" srcset=\"https:\/\/i0.wp.com\/balticfootballnews.com\/fr\/wp-content\/uploads\/sites\/4\/2026\/02\/Logo_of_FC_Nomme_United-1.webp?w=316&amp;ssl=1 316w, https:\/\/i0.wp.com\/balticfootballnews.com\/fr\/wp-content\/uploads\/sites\/4\/2026\/02\/Logo_of_FC_Nomme_United-1.webp?resize=300%2C300&amp;ssl=1 300w, https:\/\/i0.wp.com\/balticfootballnews.com\/fr\/wp-content\/uploads\/sites\/4\/2026\/02\/Logo_of_FC_Nomme_United-1.webp?resize=150%2C150&amp;ssl=1 150w, https:\/\/i0.wp.com\/balticfootballnews.com\/fr\/wp-content\/uploads\/sites\/4\/2026\/02\/Logo_of_FC_Nomme_United-1.webp?resize=60%2C60&amp;ssl=1 60w\" sizes=\"auto, (max-width: 300px) 100vw, 300px\" \/>\t\t\t\t\t\t\t\t\t\t\t\t\t\t\t<\/div>\n\t\t\t\t<\/div>\n\t\t\t\t<div class=\"elementor-element elementor-element-c0928b3 elementor-shape-circle elementor-grid-0 e-grid-align-center elementor-widget elementor-widget-social-icons\" data-id=\"c0928b3\" data-element_type=\"widget\" data-e-type=\"widget\" data-widget_type=\"social-icons.default\">\n\t\t\t\t\t\t\t<div class=\"elementor-social-icons-wrapper elementor-grid\" role=\"list\">\n\t\t\t\t\t\t\t<span class=\"elementor-grid-item\" role=\"listitem\">\n\t\t\t\t\t<a class=\"elementor-icon elementor-social-icon elementor-social-icon-home elementor-repeater-item-4f742bb\" href=\"https:\/\/fcnommu.ee\/\" target=\"_blank\">\n\t\t\t\t\t\t<span class=\"elementor-screen-only\">Home<\/span>\n\t\t\t\t\t\t<svg aria-hidden=\"true\" class=\"e-font-icon-svg e-fas-home\" viewBox=\"0 0 576 512\" xmlns=\"http:\/\/www.w3.org\/2000\/svg\"><path d=\"M280.37 148.26L96 300.11V464a16 16 0 0 0 16 16l112.06-.29a16 16 0 0 0 15.92-16V368a16 16 0 0 1 16-16h64a16 16 0 0 1 16 16v95.64a16 16 0 0 0 16 16.05L464 480a16 16 0 0 0 16-16V300L295.67 148.26a12.19 12.19 0 0 0-15.3 0zM571.6 251.47L488 182.56V44.05a12 12 0 0 0-12-12h-56a12 12 0 0 0-12 12v72.61L318.47 43a48 48 0 0 0-61 0L4.34 251.47a12 12 0 0 0-1.6 16.9l25.5 31A12 12 0 0 0 45.15 301l235.22-193.74a12.19 12.19 0 0 1 15.3 0L530.9 301a12 12 0 0 0 16.9-1.6l25.5-31a12 12 0 0 0-1.7-16.93z\"><\/path><\/svg>\t\t\t\t\t<\/a>\n\t\t\t\t<\/span>\n\t\t\t\t\t\t\t<span class=\"elementor-grid-item\" role=\"listitem\">\n\t\t\t\t\t<a class=\"elementor-icon elementor-social-icon elementor-social-icon-facebook elementor-repeater-item-ef1668a\" href=\"https:\/\/www.facebook.com\/FCNommeUnited\/\" target=\"_blank\">\n\t\t\t\t\t\t<span class=\"elementor-screen-only\">Facebook<\/span>\n\t\t\t\t\t\t<svg aria-hidden=\"true\" class=\"e-font-icon-svg e-fab-facebook\" viewBox=\"0 0 512 512\" xmlns=\"http:\/\/www.w3.org\/2000\/svg\"><path d=\"M504 256C504 119 393 8 256 8S8 119 8 256c0 123.78 90.69 226.38 209.25 245V327.69h-63V256h63v-54.64c0-62.15 37-96.48 93.67-96.48 27.14 0 55.52 4.84 55.52 4.84v61h-31.28c-30.8 0-40.41 19.12-40.41 38.73V256h68.78l-11 71.69h-57.78V501C413.31 482.38 504 379.78 504 256z\"><\/path><\/svg>\t\t\t\t\t<\/a>\n\t\t\t\t<\/span>\n\t\t\t\t\t\t\t<span class=\"elementor-grid-item\" role=\"listitem\">\n\t\t\t\t\t<a class=\"elementor-icon elementor-social-icon elementor-social-icon-instagram elementor-repeater-item-4eec7c9\" href=\"https:\/\/www.instagram.com\/nommeunited\/\" target=\"_blank\">\n\t\t\t\t\t\t<span class=\"elementor-screen-only\">Instagram<\/span>\n\t\t\t\t\t\t<svg aria-hidden=\"true\" class=\"e-font-icon-svg e-fab-instagram\" viewBox=\"0 0 448 512\" xmlns=\"http:\/\/www.w3.org\/2000\/svg\"><path d=\"M224.1 141c-63.6 0-114.9 51.3-114.9 114.9s51.3 114.9 114.9 114.9S339 319.5 339 255.9 287.7 141 224.1 141zm0 189.6c-41.1 0-74.7-33.5-74.7-74.7s33.5-74.7 74.7-74.7 74.7 33.5 74.7 74.7-33.6 74.7-74.7 74.7zm146.4-194.3c0 14.9-12 26.8-26.8 26.8-14.9 0-26.8-12-26.8-26.8s12-26.8 26.8-26.8 26.8 12 26.8 26.8zm76.1 27.2c-1.7-35.9-9.9-67.7-36.2-93.9-26.2-26.2-58-34.4-93.9-36.2-37-2.1-147.9-2.1-184.9 0-35.8 1.7-67.6 9.9-93.9 36.1s-34.4 58-36.2 93.9c-2.1 37-2.1 147.9 0 184.9 1.7 35.9 9.9 67.7 36.2 93.9s58 34.4 93.9 36.2c37 2.1 147.9 2.1 184.9 0 35.9-1.7 67.7-9.9 93.9-36.2 26.2-26.2 34.4-58 36.2-93.9 2.1-37 2.1-147.8 0-184.8zM398.8 388c-7.8 19.6-22.9 34.7-42.6 42.6-29.5 11.7-99.5 9-132.1 9s-102.7 2.6-132.1-9c-19.6-7.8-34.7-22.9-42.6-42.6-11.7-29.5-9-99.5-9-132.1s-2.6-102.7 9-132.1c7.8-19.6 22.9-34.7 42.6-42.6 29.5-11.7 99.5-9 132.1-9s102.7-2.6 132.1 9c19.6 7.8 34.7 22.9 42.6 42.6 11.7 29.5 9 99.5 9 132.1s2.7 102.7-9 132.1z\"><\/path><\/svg>\t\t\t\t\t<\/a>\n\t\t\t\t<\/span>\n\t\t\t\t\t\t\t<span class=\"elementor-grid-item\" role=\"listitem\">\n\t\t\t\t\t<a class=\"elementor-icon elementor-social-icon elementor-social-icon-youtube elementor-repeater-item-b789578\" href=\"https:\/\/www.youtube.com\/channel\/UCGofVp1npx4K3g2RUTixafw\" target=\"_blank\">\n\t\t\t\t\t\t<span class=\"elementor-screen-only\">Youtube<\/span>\n\t\t\t\t\t\t<svg aria-hidden=\"true\" class=\"e-font-icon-svg e-fab-youtube\" viewBox=\"0 0 576 512\" xmlns=\"http:\/\/www.w3.org\/2000\/svg\"><path d=\"M549.655 124.083c-6.281-23.65-24.787-42.276-48.284-48.597C458.781 64 288 64 288 64S117.22 64 74.629 75.486c-23.497 6.322-42.003 24.947-48.284 48.597-11.412 42.867-11.412 132.305-11.412 132.305s0 89.438 11.412 132.305c6.281 23.65 24.787 41.5 48.284 47.821C117.22 448 288 448 288 448s170.78 0 213.371-11.486c23.497-6.321 42.003-24.171 48.284-47.821 11.412-42.867 11.412-132.305 11.412-132.305s0-89.438-11.412-132.305zm-317.51 213.508V175.185l142.739 81.205-142.739 81.201z\"><\/path><\/svg>\t\t\t\t\t<\/a>\n\t\t\t\t<\/span>\n\t\t\t\t\t<\/div>\n\t\t\t\t\t\t<\/div>\n\t\t<div class=\"elementor-element elementor-element-3f4d520 e-con-full e-flex wpr-particle-no wpr-jarallax-no wpr-parallax-no wpr-sticky-section-no e-con e-child\" data-id=\"3f4d520\" data-element_type=\"container\" data-e-type=\"container\">\n\t\t\t\t<div class=\"elementor-element elementor-element-4d6db06 elementor-widget elementor-widget-heading\" data-id=\"4d6db06\" data-element_type=\"widget\" data-e-type=\"widget\" data-widget_type=\"heading.default\">\n\t\t\t\t\t<h4 class=\"elementor-heading-title elementor-size-default\">\u00c0 propos du club<\/h4>\t\t\t\t<\/div>\n\t\t\t\t<div class=\"elementor-element elementor-element-e6c9b4d elementor-widget elementor-widget-text-editor\" data-id=\"e6c9b4d\" data-element_type=\"widget\" data-e-type=\"widget\" data-widget_type=\"text-editor.default\">\n\t\t\t\t\t\t\t\t\t<p>Le FC N\u00f5mme United a \u00e9t\u00e9 fond\u00e9 en 2000 et est bas\u00e9 dans le quartier de N\u00f5mme, \u00e0 Tallinn. Le club est surtout connu pour son mod\u00e8le de formation, avec un engagement de long terme visant \u00e0 am\u00e9liorer la qualit\u00e9 du football des jeunes gr\u00e2ce \u00e0 l\u2019encadrement, aux standards d\u2019entra\u00eenement et \u00e0 des conditions modernes.<\/p><p>Fond\u00e9 par Enn Loog, le club a d\u2019abord \u00e9volu\u00e9 sous les noms Eesti Telefoni SK et FC Elion, avant d\u2019adopter en 2006 l\u2019appellation FC N\u00f5mme United. D\u00e8s ses premi\u00e8res ann\u00e9es, le d\u00e9veloppement du club a \u00e9t\u00e9 soutenu par l\u2019ancien gardien international estonien Mart Poom. Apr\u00e8s la fin de sa carri\u00e8re, une structure d\u00e9di\u00e9e, la Mart Poom Football School, a \u00e9t\u00e9 cr\u00e9\u00e9e et int\u00e9gr\u00e9e au syst\u00e8me de formation de N\u00f5mme United.<\/p><p>Au niveau senior, N\u00f5mme United a pass\u00e9 13 saisons (2005\u20132017) en II liiga (quatri\u00e8me niveau), avant d\u2019obtenir la mont\u00e9e en 2017 en remportant son championnat et en acc\u00e9dant \u00e0 l\u2019Esiliiga B. Apr\u00e8s une premi\u00e8re saison d\u2019Esiliiga B conclue en milieu de tableau (5e), le club a assur\u00e9 sa place en Esiliiga en 2019. \u00c0 l\u2019issue de la saison 2022, Vladimir Vassiljev a \u00e9t\u00e9 nomm\u00e9 entra\u00eeneur principal et le club s\u2019est fix\u00e9 l\u2019objectif d\u2019atteindre la Premium Liiga en trois saisons. Cette ambition a \u00e9t\u00e9 r\u00e9alis\u00e9e imm\u00e9diatement : en 2023, N\u00f5mme United a remport\u00e9 l\u2019Esiliiga avec 90 points et a \u00e9t\u00e9 promu. La saison de d\u00e9buts en Premium Liiga s\u2019est r\u00e9v\u00e9l\u00e9e difficile, marqu\u00e9e par des changements d\u2019entra\u00eeneur d\u00e8s le d\u00e9but du championnat, et l\u2019\u00e9quipe a termin\u00e9 derni\u00e8re avec seulement 15 points, synonyme de rel\u00e9gation en Esiliiga.<\/p><p>La saison 2025 a constitu\u00e9 une \u00e9tape importante sur le plan structurel : aux c\u00f4t\u00e9s de l\u2019\u00e9quipe premi\u00e8re, engag\u00e9e au niveau Esiliiga A, l\u2019\u00e9quipe U21 a atteint pour la premi\u00e8re fois un niveau sous licence et \u00e9voluera en Esiliiga B. Pour 2026, l\u2019objectif affich\u00e9 du club \u00e9tait de retrouver l\u2019\u00e9lite, ce qu\u2019il a r\u00e9ussi, en \u00e9tablissant au passage un nouveau record de points (92) et de buts marqu\u00e9s (125). Le club encadre 14 groupes de jeunes, soit environ 304 gar\u00e7ons et filles.<\/p><p>Le FC N\u00f5mme United s\u2019entra\u00eene et dispute ses matches \u00e0 domicile au stade de M\u00e4nniku, \u00e0 Tallinn.<\/p>\t\t\t\t\t\t\t\t<\/div>\n\t\t\t\t<\/div>\n\t\t\t\t\t<\/div>\n\t\t\t\t<\/div>\n\t\t\t\t\t<\/div>\n\t\t\t\t<\/div>\n\t\t\t\t\t<\/div>\n\t\t\t\t<\/div>\n\t\t<div class=\"elementor-element elementor-element-ced0353 e-flex e-con-boxed wpr-particle-no wpr-jarallax-no wpr-parallax-no wpr-sticky-section-no e-con e-parent\" data-id=\"ced0353\" data-element_type=\"container\" data-e-type=\"container\">\n\t\t\t\t\t<div class=\"e-con-inner\">\n\t\t\t\t<div class=\"elementor-element elementor-element-78ea822 elementor-widget elementor-widget-google_maps\" data-id=\"78ea822\" data-element_type=\"widget\" data-e-type=\"widget\" data-widget_type=\"google_maps.default\">\n\t\t\t\t\t\t\t<div class=\"elementor-custom-embed\">\n\t\t\t<iframe loading=\"lazy\"\n\t\t\t\t\tsrc=\"https:\/\/maps.google.com\/maps?q=Stade%20de%20M%C3%A4nniku&#038;t=m&#038;z=13&#038;output=embed&#038;iwloc=near\"\n\t\t\t\t\ttitle=\"Stade de M\u00e4nniku\"\n\t\t\t\t\taria-label=\"Stade de M\u00e4nniku\"\n\t\t\t><\/iframe>\n\t\t<\/div>\n\t\t\t\t\t\t<\/div>\n\t\t\t\t\t<\/div>\n\t\t\t\t<\/div>\n\t\t\t\t<\/div>\n\t\t","protected":false},"excerpt":{"rendered":"<p>FC N\u00f5mme United Ann\u00e9e de fondation : 2000R\u00e9sidence : Tallinn, EstonieStade : Stade de M\u00e4nnikuCapacit\u00e9 du stade : 500Club de supporters : N\/A Palmar\u00e8s : Esiliiga (2e division ; 2023, 2025) Home Facebook Instagram Youtube \u00c0 propos du club Le FC N\u00f5mme United a \u00e9t\u00e9 fond\u00e9 en 2000 et est bas\u00e9 dans le quartier de N\u00f5mme, \u00e0 Tallinn. Le club est surtout connu pour son mod\u00e8le de formation, avec un engagement de long terme visant \u00e0 am\u00e9liorer la qualit\u00e9 du football des jeunes gr\u00e2ce \u00e0 l\u2019encadrement, aux standards d\u2019entra\u00eenement et \u00e0 des conditions modernes. Fond\u00e9 par Enn Loog, le club<\/p>\n","protected":false},"author":2,"featured_media":2523,"parent":0,"menu_order":0,"comment_status":"closed","ping_status":"closed","template":"","meta":{"nf_dc_page":"","cybocfi_hide_featured_image":"","footnotes":""},"class_list":["post-2521","page","type-page","status-publish","has-post-thumbnail","hentry"],"aioseo_notices":[],"jetpack_sharing_enabled":true,"_links":{"self":[{"href":"https:\/\/balticfootballnews.com\/fr\/wp-json\/wp\/v2\/pages\/2521","targetHints":{"allow":["GET"]}}],"collection":[{"href":"https:\/\/balticfootballnews.com\/fr\/wp-json\/wp\/v2\/pages"}],"about":[{"href":"https:\/\/balticfootballnews.com\/fr\/wp-json\/wp\/v2\/types\/page"}],"author":[{"embeddable":true,"href":"https:\/\/balticfootballnews.com\/fr\/wp-json\/wp\/v2\/users\/2"}],"replies":[{"embeddable":true,"href":"https:\/\/balticfootballnews.com\/fr\/wp-json\/wp\/v2\/comments?post=2521"}],"version-history":[{"count":4,"href":"https:\/\/balticfootballnews.com\/fr\/wp-json\/wp\/v2\/pages\/2521\/revisions"}],"predecessor-version":[{"id":2565,"href":"https:\/\/balticfootballnews.com\/fr\/wp-json\/wp\/v2\/pages\/2521\/revisions\/2565"}],"wp:featuredmedia":[{"embeddable":true,"href":"https:\/\/balticfootballnews.com\/fr\/wp-json\/wp\/v2\/media\/2523"}],"wp:attachment":[{"href":"https:\/\/balticfootballnews.com\/fr\/wp-json\/wp\/v2\/media?parent=2521"}],"curies":[{"name":"wp","href":"https:\/\/api.w.org\/{rel}","templated":true}]}}