{"id":2398,"date":"2026-02-15T19:44:48","date_gmt":"2026-02-15T17:44:48","guid":{"rendered":"https:\/\/balticfootballnews.com\/fr\/?page_id=2398"},"modified":"2026-02-15T19:50:27","modified_gmt":"2026-02-15T17:50:27","slug":"fk-grobina","status":"publish","type":"page","link":"https:\/\/balticfootballnews.com\/fr\/fk-grobina\/","title":{"rendered":"FK Grobi\u0146a"},"content":{"rendered":"\t\t<div data-elementor-type=\"wp-page\" data-elementor-id=\"2398\" class=\"elementor elementor-2398\">\n\t\t\t\t<div class=\"elementor-element elementor-element-380c663 e-flex e-con-boxed wpr-particle-no wpr-jarallax-no wpr-parallax-no wpr-sticky-section-no e-con e-parent\" data-id=\"380c663\" data-element_type=\"container\" data-e-type=\"container\">\n\t\t\t\t\t<div class=\"e-con-inner\">\n\t\t<div class=\"elementor-element elementor-element-0f0f747 e-con-full e-flex wpr-particle-no wpr-jarallax-no wpr-parallax-no wpr-sticky-section-no e-con e-child\" data-id=\"0f0f747\" data-element_type=\"container\" data-e-type=\"container\">\n\t\t<div class=\"elementor-element elementor-element-08959f6 e-con-full e-flex wpr-particle-no wpr-jarallax-no wpr-parallax-no wpr-sticky-section-no e-con e-child\" data-id=\"08959f6\" data-element_type=\"container\" data-e-type=\"container\">\n\t\t\t\t<div class=\"elementor-element elementor-element-150c55c elementor-widget elementor-widget-heading\" data-id=\"150c55c\" data-element_type=\"widget\" data-e-type=\"widget\" data-widget_type=\"heading.default\">\n\t\t\t\t\t<h2 class=\"elementor-heading-title elementor-size-default\">FK Grobi\u0146a<\/h2>\t\t\t\t<\/div>\n\t\t\t\t<\/div>\n\t\t<div class=\"elementor-element elementor-element-1406aa1 e-flex e-con-boxed wpr-particle-no wpr-jarallax-no wpr-parallax-no wpr-sticky-section-no e-con e-child\" data-id=\"1406aa1\" data-element_type=\"container\" data-e-type=\"container\">\n\t\t\t\t\t<div class=\"e-con-inner\">\n\t\t<div class=\"elementor-element elementor-element-b35a3ae e-flex e-con-boxed wpr-particle-no wpr-jarallax-no wpr-parallax-no wpr-sticky-section-no e-con e-child\" data-id=\"b35a3ae\" data-element_type=\"container\" data-e-type=\"container\">\n\t\t\t\t\t<div class=\"e-con-inner\">\n\t\t<div class=\"elementor-element elementor-element-59d5208 e-con-full e-grid wpr-particle-no wpr-jarallax-no wpr-parallax-no wpr-sticky-section-no e-con e-child\" data-id=\"59d5208\" data-element_type=\"container\" data-e-type=\"container\">\n\t\t\t\t<div class=\"elementor-element elementor-element-d422062 elementor-widget elementor-widget-text-editor\" data-id=\"d422062\" data-element_type=\"widget\" data-e-type=\"widget\" data-widget_type=\"text-editor.default\">\n\t\t\t\t\t\t\t\t\t<p><strong>Ann\u00e9e de fondation<\/strong> : 2009<br \/><strong>R\u00e9sidence<\/strong> : Grobi\u0146a, Lettonie<br \/><strong>Stade<\/strong> : Daugavas Stadium, Liep\u0101ja<br \/><strong>Capacit\u00e9<\/strong> : 4 022 places<br \/><strong>Fan-club<\/strong> : 912 Ultras<\/p><p><strong>Palmar\u00e8s<\/strong> :<br \/>N\u0101kotnes l\u012bga (2e niveau : 2023)<\/p>\t\t\t\t\t\t\t\t<\/div>\n\t\t\t\t<div class=\"elementor-element elementor-element-a9c9b81 elementor-widget elementor-widget-image\" data-id=\"a9c9b81\" data-element_type=\"widget\" data-e-type=\"widget\" data-widget_type=\"image.default\">\n\t\t\t\t\t\t\t\t\t\t\t\t\t\t\t<img loading=\"lazy\" decoding=\"async\" loading=\"lazy\" width=\"300\" height=\"300\" src=\"https:\/\/i0.wp.com\/balticfootballnews.com\/fr\/wp-content\/uploads\/sites\/4\/2026\/01\/Grobina-1.png?fit=300%2C300&amp;ssl=1\" class=\"elementor-animation-grow attachment-medium size-medium wp-image-179\" alt=\"\" srcset=\"https:\/\/i0.wp.com\/balticfootballnews.com\/fr\/wp-content\/uploads\/sites\/4\/2026\/01\/Grobina-1.png?w=1080&amp;ssl=1 1080w, https:\/\/i0.wp.com\/balticfootballnews.com\/fr\/wp-content\/uploads\/sites\/4\/2026\/01\/Grobina-1.png?resize=300%2C300&amp;ssl=1 300w, https:\/\/i0.wp.com\/balticfootballnews.com\/fr\/wp-content\/uploads\/sites\/4\/2026\/01\/Grobina-1.png?resize=1024%2C1024&amp;ssl=1 1024w, https:\/\/i0.wp.com\/balticfootballnews.com\/fr\/wp-content\/uploads\/sites\/4\/2026\/01\/Grobina-1.png?resize=150%2C150&amp;ssl=1 150w, https:\/\/i0.wp.com\/balticfootballnews.com\/fr\/wp-content\/uploads\/sites\/4\/2026\/01\/Grobina-1.png?resize=768%2C768&amp;ssl=1 768w, https:\/\/i0.wp.com\/balticfootballnews.com\/fr\/wp-content\/uploads\/sites\/4\/2026\/01\/Grobina-1.png?resize=60%2C60&amp;ssl=1 60w, https:\/\/i0.wp.com\/balticfootballnews.com\/fr\/wp-content\/uploads\/sites\/4\/2026\/01\/Grobina-1.png?resize=480%2C480&amp;ssl=1 480w\" sizes=\"auto, (max-width: 300px) 100vw, 300px\" \/>\t\t\t\t\t\t\t\t\t\t\t\t\t\t\t<\/div>\n\t\t\t\t<\/div>\n\t\t\t\t<div class=\"elementor-element elementor-element-41acc6e elementor-shape-circle elementor-grid-0 e-grid-align-center elementor-widget elementor-widget-social-icons\" data-id=\"41acc6e\" data-element_type=\"widget\" data-e-type=\"widget\" data-widget_type=\"social-icons.default\">\n\t\t\t\t\t\t\t<div class=\"elementor-social-icons-wrapper elementor-grid\" role=\"list\">\n\t\t\t\t\t\t\t<span class=\"elementor-grid-item\" role=\"listitem\">\n\t\t\t\t\t<a class=\"elementor-icon elementor-social-icon elementor-social-icon-facebook elementor-repeater-item-ef1668a\" href=\"https:\/\/www.facebook.com\/p\/Grobi%C5%86as-SC-LFS-100067071221547\/\" target=\"_blank\">\n\t\t\t\t\t\t<span class=\"elementor-screen-only\">Facebook<\/span>\n\t\t\t\t\t\t<svg aria-hidden=\"true\" class=\"e-font-icon-svg e-fab-facebook\" viewBox=\"0 0 512 512\" xmlns=\"http:\/\/www.w3.org\/2000\/svg\"><path d=\"M504 256C504 119 393 8 256 8S8 119 8 256c0 123.78 90.69 226.38 209.25 245V327.69h-63V256h63v-54.64c0-62.15 37-96.48 93.67-96.48 27.14 0 55.52 4.84 55.52 4.84v61h-31.28c-30.8 0-40.41 19.12-40.41 38.73V256h68.78l-11 71.69h-57.78V501C413.31 482.38 504 379.78 504 256z\"><\/path><\/svg>\t\t\t\t\t<\/a>\n\t\t\t\t<\/span>\n\t\t\t\t\t\t\t<span class=\"elementor-grid-item\" role=\"listitem\">\n\t\t\t\t\t<a class=\"elementor-icon elementor-social-icon elementor-social-icon-x-twitter elementor-repeater-item-e9c1cf9\" href=\"https:\/\/x.com\/GROBINAS_SC\" target=\"_blank\">\n\t\t\t\t\t\t<span class=\"elementor-screen-only\">X-twitter<\/span>\n\t\t\t\t\t\t<svg aria-hidden=\"true\" class=\"e-font-icon-svg e-fab-x-twitter\" viewBox=\"0 0 512 512\" xmlns=\"http:\/\/www.w3.org\/2000\/svg\"><path d=\"M389.2 48h70.6L305.6 224.2 487 464H345L233.7 318.6 106.5 464H35.8L200.7 275.5 26.8 48H172.4L272.9 180.9 389.2 48zM364.4 421.8h39.1L151.1 88h-42L364.4 421.8z\"><\/path><\/svg>\t\t\t\t\t<\/a>\n\t\t\t\t<\/span>\n\t\t\t\t\t\t\t<span class=\"elementor-grid-item\" role=\"listitem\">\n\t\t\t\t\t<a class=\"elementor-icon elementor-social-icon elementor-social-icon-instagram elementor-repeater-item-4eec7c9\" href=\"https:\/\/www.instagram.com\/grobinasc\/\" target=\"_blank\">\n\t\t\t\t\t\t<span class=\"elementor-screen-only\">Instagram<\/span>\n\t\t\t\t\t\t<svg aria-hidden=\"true\" class=\"e-font-icon-svg e-fab-instagram\" viewBox=\"0 0 448 512\" xmlns=\"http:\/\/www.w3.org\/2000\/svg\"><path d=\"M224.1 141c-63.6 0-114.9 51.3-114.9 114.9s51.3 114.9 114.9 114.9S339 319.5 339 255.9 287.7 141 224.1 141zm0 189.6c-41.1 0-74.7-33.5-74.7-74.7s33.5-74.7 74.7-74.7 74.7 33.5 74.7 74.7-33.6 74.7-74.7 74.7zm146.4-194.3c0 14.9-12 26.8-26.8 26.8-14.9 0-26.8-12-26.8-26.8s12-26.8 26.8-26.8 26.8 12 26.8 26.8zm76.1 27.2c-1.7-35.9-9.9-67.7-36.2-93.9-26.2-26.2-58-34.4-93.9-36.2-37-2.1-147.9-2.1-184.9 0-35.8 1.7-67.6 9.9-93.9 36.1s-34.4 58-36.2 93.9c-2.1 37-2.1 147.9 0 184.9 1.7 35.9 9.9 67.7 36.2 93.9s58 34.4 93.9 36.2c37 2.1 147.9 2.1 184.9 0 35.9-1.7 67.7-9.9 93.9-36.2 26.2-26.2 34.4-58 36.2-93.9 2.1-37 2.1-147.8 0-184.8zM398.8 388c-7.8 19.6-22.9 34.7-42.6 42.6-29.5 11.7-99.5 9-132.1 9s-102.7 2.6-132.1-9c-19.6-7.8-34.7-22.9-42.6-42.6-11.7-29.5-9-99.5-9-132.1s-2.6-102.7 9-132.1c7.8-19.6 22.9-34.7 42.6-42.6 29.5-11.7 99.5-9 132.1-9s102.7-2.6 132.1 9c19.6 7.8 34.7 22.9 42.6 42.6 11.7 29.5 9 99.5 9 132.1s2.7 102.7-9 132.1z\"><\/path><\/svg>\t\t\t\t\t<\/a>\n\t\t\t\t<\/span>\n\t\t\t\t\t<\/div>\n\t\t\t\t\t\t<\/div>\n\t\t<div class=\"elementor-element elementor-element-618f3a2 e-con-full e-flex wpr-particle-no wpr-jarallax-no wpr-parallax-no wpr-sticky-section-no e-con e-child\" data-id=\"618f3a2\" data-element_type=\"container\" data-e-type=\"container\">\n\t\t\t\t<div class=\"elementor-element elementor-element-03b1fc6 elementor-widget elementor-widget-heading\" data-id=\"03b1fc6\" data-element_type=\"widget\" data-e-type=\"widget\" data-widget_type=\"heading.default\">\n\t\t\t\t\t<h4 class=\"elementor-heading-title elementor-size-default\">\u00c0 propos du club<\/h4>\t\t\t\t<\/div>\n\t\t\t\t<div class=\"elementor-element elementor-element-40c65c4 elementor-widget elementor-widget-text-editor\" data-id=\"40c65c4\" data-element_type=\"widget\" data-e-type=\"widget\" data-widget_type=\"text-editor.default\">\n\t\t\t\t\t\t\t\t\t<p>Le club a pass\u00e9 de nombreuses saisons en deuxi\u00e8me division lettone, la N\u0101kotnes L\u012bga, avant d\u2019acc\u00e9der \u00e0 l\u2019\u00e9lite, la Virsl\u012bga, en 2023. Cette mont\u00e9e a suscit\u00e9 un enthousiasme particulier, notamment en raison de la rivalit\u00e9 id\u00e9ologique avec le FK Liep\u0101ja voisin et du fait que les deux clubs appartiennent au syst\u00e8me de l\u2019\u00e9cole municipale de football de Liep\u0101ja. C\u2019est pour cette raison que, lors de la saison 2024, les deux \u00e9quipes avaient \u00ab Liep\u0101ja \u00bb comme sponsor au dos du maillot, que Grobi\u0146a jouait au stade Daugava \u00e0 Liep\u0101ja, et que le club avait ajout\u00e9 LFS \u00e0 son nom depuis la promotion (LFS = l\u2019\u00c9cole de football de Liep\u0101ja). Cette mention a toutefois \u00e9t\u00e9 retir\u00e9e la saison suivante, lorsque Grobi\u0146a a aussi chang\u00e9 de nom pour devenir FK Grobi\u0146a et s\u2019est engag\u00e9 sur la voie d\u2019une professionnalisation compl\u00e8te.<\/p><p>La ville de Grobi\u0146a se situe \u00e0 seulement 7 km de Liep\u0101ja, reli\u00e9e par une piste cyclable et desservie par le bus num\u00e9ro 912 \u2014 un num\u00e9ro que les supporters ont choisi d\u2019adopter comme identit\u00e9 (912 Ultras) lors de l\u2019accession du club \u00e0 l\u2019\u00e9lite lettone. Grobi\u0146a, m\u00eame si elle n\u2019est aujourd\u2019hui gu\u00e8re plus qu\u2019une banlieue de Liep\u0101ja, reste un lieu historique : elle fut une importante implantation viking au IXe si\u00e8cle, un h\u00e9ritage encore assum\u00e9 et c\u00e9l\u00e9br\u00e9 \u00e0 travers divers \u00e9v\u00e9nements culturels et r\u00e9cr\u00e9atifs. La mascotte de la ville est le h\u00e9ron, \u00e9galement pr\u00e9sent sur l\u2019\u00e9cusson du club.<\/p><p>\u00c0 l\u2019inverse de ses rivaux plus puissants, l\u2019\u00e9quipe est connue pour s\u2019appuyer sur des joueurs locaux form\u00e9s \u00e0 l\u2019acad\u00e9mie de football de Liep\u0101ja, et pour les d\u00e9velopper. Cette priorit\u00e9 donn\u00e9e au vivier local lui a valu de nombreux supporters fid\u00e8les, notamment apr\u00e8s sa victoire marquante contre le FK Liep\u0101ja lors d\u2019un derby de Coupe de Lettonie en 2023, alors que le club \u00e9voluait encore en deuxi\u00e8me division. Cette rencontre a pris une ampleur particuli\u00e8re, car elle ne s\u2019est pas r\u00e9sum\u00e9e au football : elle a mis en sc\u00e8ne deux philosophies diam\u00e9tralement oppos\u00e9es et a raviv\u00e9 des \u00e9clats d\u2019un pass\u00e9 glorieux du football local, lorsque des clubs comme Sarkanais Metalurgs (1949-1961) ou Liep\u0101jas Metalurgs (1997-2014) dominaient souvent le football letton avec des effectifs majoritairement compos\u00e9s de joueurs locaux.<\/p><p>La rivalit\u00e9 avec le FK Liep\u0101ja s\u2019est intensifi\u00e9e depuis l\u2019arriv\u00e9e du FK Grobi\u0146a en Virsl\u012bga. Le \u00ab derby de Liep\u0101ja \u00bb, parfois aussi appel\u00e9 \u00ab derby du sud de la Courlande \u00bb, attire d\u00e9sormais des foules qu\u2019on n\u2019avait plus vues depuis pr\u00e8s de deux d\u00e9cennies, avec jusqu\u2019\u00e0 2 500 spectateurs, illustrant l\u2019essor de la ferveur autour du club dans la r\u00e9gion.<\/p>\t\t\t\t\t\t\t\t<\/div>\n\t\t\t\t<\/div>\n\t\t\t\t\t<\/div>\n\t\t\t\t<\/div>\n\t\t\t\t\t<\/div>\n\t\t\t\t<\/div>\n\t\t\t\t<\/div>\n\t\t\t\t\t<\/div>\n\t\t\t\t<\/div>\n\t\t<div class=\"elementor-element elementor-element-2990de8 e-flex e-con-boxed wpr-particle-no wpr-jarallax-no wpr-parallax-no wpr-sticky-section-no e-con e-parent\" data-id=\"2990de8\" data-element_type=\"container\" data-e-type=\"container\">\n\t\t\t\t\t<div class=\"e-con-inner\">\n\t\t\t\t<div class=\"elementor-element elementor-element-c1e5190 elementor-widget elementor-widget-google_maps\" data-id=\"c1e5190\" data-element_type=\"widget\" data-e-type=\"widget\" data-widget_type=\"google_maps.default\">\n\t\t\t\t\t\t\t<div class=\"elementor-custom-embed\">\n\t\t\t<iframe loading=\"lazy\"\n\t\t\t\t\tsrc=\"https:\/\/maps.google.com\/maps?q=Daugavas%20Stadium%2C%20Liep%C4%81ja&#038;t=m&#038;z=13&#038;output=embed&#038;iwloc=near\"\n\t\t\t\t\ttitle=\"Daugavas Stadium, Liep\u0101ja\"\n\t\t\t\t\taria-label=\"Daugavas Stadium, Liep\u0101ja\"\n\t\t\t><\/iframe>\n\t\t<\/div>\n\t\t\t\t\t\t<\/div>\n\t\t\t\t\t<\/div>\n\t\t\t\t<\/div>\n\t\t\t\t<\/div>\n\t\t","protected":false},"excerpt":{"rendered":"<p>FK Grobi\u0146a Ann\u00e9e de fondation : 2009R\u00e9sidence : Grobi\u0146a, LettonieStade : Daugavas Stadium, Liep\u0101jaCapacit\u00e9 : 4 022 placesFan-club : 912 Ultras Palmar\u00e8s :N\u0101kotnes l\u012bga (2e niveau : 2023) Facebook X-twitter Instagram \u00c0 propos du club Le club a pass\u00e9 de nombreuses saisons en deuxi\u00e8me division lettone, la N\u0101kotnes L\u012bga, avant d\u2019acc\u00e9der \u00e0 l\u2019\u00e9lite, la Virsl\u012bga, en 2023. Cette mont\u00e9e a suscit\u00e9 un enthousiasme particulier, notamment en raison de la rivalit\u00e9 id\u00e9ologique avec le FK Liep\u0101ja voisin et du fait que les deux clubs appartiennent au syst\u00e8me de l\u2019\u00e9cole municipale de football de Liep\u0101ja. C\u2019est pour cette raison que, lors de<\/p>\n","protected":false},"author":2,"featured_media":2400,"parent":0,"menu_order":0,"comment_status":"closed","ping_status":"closed","template":"","meta":{"nf_dc_page":"","cybocfi_hide_featured_image":"","footnotes":""},"class_list":["post-2398","page","type-page","status-publish","has-post-thumbnail","hentry"],"aioseo_notices":[],"jetpack_sharing_enabled":true,"_links":{"self":[{"href":"https:\/\/balticfootballnews.com\/fr\/wp-json\/wp\/v2\/pages\/2398","targetHints":{"allow":["GET"]}}],"collection":[{"href":"https:\/\/balticfootballnews.com\/fr\/wp-json\/wp\/v2\/pages"}],"about":[{"href":"https:\/\/balticfootballnews.com\/fr\/wp-json\/wp\/v2\/types\/page"}],"author":[{"embeddable":true,"href":"https:\/\/balticfootballnews.com\/fr\/wp-json\/wp\/v2\/users\/2"}],"replies":[{"embeddable":true,"href":"https:\/\/balticfootballnews.com\/fr\/wp-json\/wp\/v2\/comments?post=2398"}],"version-history":[{"count":4,"href":"https:\/\/balticfootballnews.com\/fr\/wp-json\/wp\/v2\/pages\/2398\/revisions"}],"predecessor-version":[{"id":2440,"href":"https:\/\/balticfootballnews.com\/fr\/wp-json\/wp\/v2\/pages\/2398\/revisions\/2440"}],"wp:featuredmedia":[{"embeddable":true,"href":"https:\/\/balticfootballnews.com\/fr\/wp-json\/wp\/v2\/media\/2400"}],"wp:attachment":[{"href":"https:\/\/balticfootballnews.com\/fr\/wp-json\/wp\/v2\/media?parent=2398"}],"curies":[{"name":"wp","href":"https:\/\/api.w.org\/{rel}","templated":true}]}}