{"id":2314,"date":"2026-02-15T17:38:10","date_gmt":"2026-02-15T15:38:10","guid":{"rendered":"https:\/\/balticfootballnews.com\/fr\/?page_id=2314"},"modified":"2026-02-15T17:48:27","modified_gmt":"2026-02-15T15:48:27","slug":"fc-rfs","status":"publish","type":"page","link":"https:\/\/balticfootballnews.com\/fr\/fc-rfs\/","title":{"rendered":"FC RFS"},"content":{"rendered":"\t\t<div data-elementor-type=\"wp-page\" data-elementor-id=\"2314\" class=\"elementor elementor-2314\">\n\t\t\t\t<div class=\"elementor-element elementor-element-6591899 e-flex e-con-boxed wpr-particle-no wpr-jarallax-no wpr-parallax-no wpr-sticky-section-no e-con e-parent\" data-id=\"6591899\" data-element_type=\"container\" data-e-type=\"container\">\n\t\t\t\t\t<div class=\"e-con-inner\">\n\t\t<div class=\"elementor-element elementor-element-7a0c4f9 e-con-full e-flex wpr-particle-no wpr-jarallax-no wpr-parallax-no wpr-sticky-section-no e-con e-child\" data-id=\"7a0c4f9\" data-element_type=\"container\" data-e-type=\"container\">\n\t\t<div class=\"elementor-element elementor-element-ec0d406 e-con-full e-flex wpr-particle-no wpr-jarallax-no wpr-parallax-no wpr-sticky-section-no e-con e-child\" data-id=\"ec0d406\" data-element_type=\"container\" data-e-type=\"container\">\n\t\t\t\t<div class=\"elementor-element elementor-element-19252f4 elementor-widget elementor-widget-heading\" data-id=\"19252f4\" data-element_type=\"widget\" data-e-type=\"widget\" data-widget_type=\"heading.default\">\n\t\t\t\t\t<h2 class=\"elementor-heading-title elementor-size-default\">FC RFS<\/h2>\t\t\t\t<\/div>\n\t\t\t\t<\/div>\n\t\t<div class=\"elementor-element elementor-element-e04d145 e-flex e-con-boxed wpr-particle-no wpr-jarallax-no wpr-parallax-no wpr-sticky-section-no e-con e-child\" data-id=\"e04d145\" data-element_type=\"container\" data-e-type=\"container\">\n\t\t\t\t\t<div class=\"e-con-inner\">\n\t\t<div class=\"elementor-element elementor-element-6b1af73 e-flex e-con-boxed wpr-particle-no wpr-jarallax-no wpr-parallax-no wpr-sticky-section-no e-con e-child\" data-id=\"6b1af73\" data-element_type=\"container\" data-e-type=\"container\">\n\t\t\t\t\t<div class=\"e-con-inner\">\n\t\t<div class=\"elementor-element elementor-element-c7f49d7 e-con-full e-grid wpr-particle-no wpr-jarallax-no wpr-parallax-no wpr-sticky-section-no e-con e-child\" data-id=\"c7f49d7\" data-element_type=\"container\" data-e-type=\"container\">\n\t\t\t\t<div class=\"elementor-element elementor-element-f1e88b3 elementor-widget elementor-widget-text-editor\" data-id=\"f1e88b3\" data-element_type=\"widget\" data-e-type=\"widget\" data-widget_type=\"text-editor.default\">\n\t\t\t\t\t\t\t\t\t<p><strong>Ann\u00e9e de fondation<\/strong> : 2005<br \/><strong>R\u00e9sidence<\/strong> : R\u012bga, Lettonie<br \/><strong>Stade<\/strong> : LNK Sporta Parks<br \/><strong>Capacit\u00e9<\/strong> : 2 300 places<br \/><strong>Fan-club<\/strong> : Riverside Lions<\/p><p><strong>Palmar\u00e8s<\/strong> :<br \/>Virsl\u012bga (2021, 2023, 2024)<br \/>Coupe de Lettonie (2019, 2021, 2024)<br \/>Supercoupe de Lettonie (2025)<\/p>\t\t\t\t\t\t\t\t<\/div>\n\t\t\t\t<div class=\"elementor-element elementor-element-ab1ed30 elementor-widget elementor-widget-image\" data-id=\"ab1ed30\" data-element_type=\"widget\" data-e-type=\"widget\" data-widget_type=\"image.default\">\n\t\t\t\t\t\t\t\t\t\t\t\t\t\t\t<img loading=\"lazy\" decoding=\"async\" loading=\"lazy\" width=\"300\" height=\"298\" src=\"https:\/\/i0.wp.com\/balticfootballnews.com\/fr\/wp-content\/uploads\/sites\/4\/2026\/01\/RFS.png?fit=300%2C298&amp;ssl=1\" class=\"elementor-animation-grow attachment-medium size-medium wp-image-176\" alt=\"\" srcset=\"https:\/\/i0.wp.com\/balticfootballnews.com\/fr\/wp-content\/uploads\/sites\/4\/2026\/01\/RFS.png?w=965&amp;ssl=1 965w, https:\/\/i0.wp.com\/balticfootballnews.com\/fr\/wp-content\/uploads\/sites\/4\/2026\/01\/RFS.png?resize=300%2C298&amp;ssl=1 300w, https:\/\/i0.wp.com\/balticfootballnews.com\/fr\/wp-content\/uploads\/sites\/4\/2026\/01\/RFS.png?resize=150%2C150&amp;ssl=1 150w, https:\/\/i0.wp.com\/balticfootballnews.com\/fr\/wp-content\/uploads\/sites\/4\/2026\/01\/RFS.png?resize=768%2C763&amp;ssl=1 768w, https:\/\/i0.wp.com\/balticfootballnews.com\/fr\/wp-content\/uploads\/sites\/4\/2026\/01\/RFS.png?resize=60%2C60&amp;ssl=1 60w\" sizes=\"auto, (max-width: 300px) 100vw, 300px\" \/>\t\t\t\t\t\t\t\t\t\t\t\t\t\t\t<\/div>\n\t\t\t\t<\/div>\n\t\t\t\t<div class=\"elementor-element elementor-element-935269b elementor-shape-circle elementor-grid-0 e-grid-align-center elementor-widget elementor-widget-social-icons\" data-id=\"935269b\" data-element_type=\"widget\" data-e-type=\"widget\" data-widget_type=\"social-icons.default\">\n\t\t\t\t\t\t\t<div class=\"elementor-social-icons-wrapper elementor-grid\" role=\"list\">\n\t\t\t\t\t\t\t<span class=\"elementor-grid-item\" role=\"listitem\">\n\t\t\t\t\t<a class=\"elementor-icon elementor-social-icon elementor-social-icon-home elementor-animation-grow elementor-repeater-item-4f742bb\" href=\"https:\/\/fkrfs.lv\/en\/\" target=\"_blank\">\n\t\t\t\t\t\t<span class=\"elementor-screen-only\">Home<\/span>\n\t\t\t\t\t\t<svg aria-hidden=\"true\" class=\"e-font-icon-svg e-fas-home\" viewBox=\"0 0 576 512\" xmlns=\"http:\/\/www.w3.org\/2000\/svg\"><path d=\"M280.37 148.26L96 300.11V464a16 16 0 0 0 16 16l112.06-.29a16 16 0 0 0 15.92-16V368a16 16 0 0 1 16-16h64a16 16 0 0 1 16 16v95.64a16 16 0 0 0 16 16.05L464 480a16 16 0 0 0 16-16V300L295.67 148.26a12.19 12.19 0 0 0-15.3 0zM571.6 251.47L488 182.56V44.05a12 12 0 0 0-12-12h-56a12 12 0 0 0-12 12v72.61L318.47 43a48 48 0 0 0-61 0L4.34 251.47a12 12 0 0 0-1.6 16.9l25.5 31A12 12 0 0 0 45.15 301l235.22-193.74a12.19 12.19 0 0 1 15.3 0L530.9 301a12 12 0 0 0 16.9-1.6l25.5-31a12 12 0 0 0-1.7-16.93z\"><\/path><\/svg>\t\t\t\t\t<\/a>\n\t\t\t\t<\/span>\n\t\t\t\t\t\t\t<span class=\"elementor-grid-item\" role=\"listitem\">\n\t\t\t\t\t<a class=\"elementor-icon elementor-social-icon elementor-social-icon-facebook elementor-animation-grow elementor-repeater-item-ef1668a\" href=\"https:\/\/www.facebook.com\/fkrfs\/\" target=\"_blank\">\n\t\t\t\t\t\t<span class=\"elementor-screen-only\">Facebook<\/span>\n\t\t\t\t\t\t<svg aria-hidden=\"true\" class=\"e-font-icon-svg e-fab-facebook\" viewBox=\"0 0 512 512\" xmlns=\"http:\/\/www.w3.org\/2000\/svg\"><path d=\"M504 256C504 119 393 8 256 8S8 119 8 256c0 123.78 90.69 226.38 209.25 245V327.69h-63V256h63v-54.64c0-62.15 37-96.48 93.67-96.48 27.14 0 55.52 4.84 55.52 4.84v61h-31.28c-30.8 0-40.41 19.12-40.41 38.73V256h68.78l-11 71.69h-57.78V501C413.31 482.38 504 379.78 504 256z\"><\/path><\/svg>\t\t\t\t\t<\/a>\n\t\t\t\t<\/span>\n\t\t\t\t\t\t\t<span class=\"elementor-grid-item\" role=\"listitem\">\n\t\t\t\t\t<a class=\"elementor-icon elementor-social-icon elementor-social-icon-x-twitter elementor-animation-grow elementor-repeater-item-e9c1cf9\" href=\"https:\/\/x.com\/rfsdaily\" target=\"_blank\">\n\t\t\t\t\t\t<span class=\"elementor-screen-only\">X-twitter<\/span>\n\t\t\t\t\t\t<svg aria-hidden=\"true\" class=\"e-font-icon-svg e-fab-x-twitter\" viewBox=\"0 0 512 512\" xmlns=\"http:\/\/www.w3.org\/2000\/svg\"><path d=\"M389.2 48h70.6L305.6 224.2 487 464H345L233.7 318.6 106.5 464H35.8L200.7 275.5 26.8 48H172.4L272.9 180.9 389.2 48zM364.4 421.8h39.1L151.1 88h-42L364.4 421.8z\"><\/path><\/svg>\t\t\t\t\t<\/a>\n\t\t\t\t<\/span>\n\t\t\t\t\t\t\t<span class=\"elementor-grid-item\" role=\"listitem\">\n\t\t\t\t\t<a class=\"elementor-icon elementor-social-icon elementor-social-icon-instagram elementor-animation-grow elementor-repeater-item-4eec7c9\" href=\"https:\/\/www.instagram.com\/fk_rfs\/\" target=\"_blank\">\n\t\t\t\t\t\t<span class=\"elementor-screen-only\">Instagram<\/span>\n\t\t\t\t\t\t<svg aria-hidden=\"true\" class=\"e-font-icon-svg e-fab-instagram\" viewBox=\"0 0 448 512\" xmlns=\"http:\/\/www.w3.org\/2000\/svg\"><path d=\"M224.1 141c-63.6 0-114.9 51.3-114.9 114.9s51.3 114.9 114.9 114.9S339 319.5 339 255.9 287.7 141 224.1 141zm0 189.6c-41.1 0-74.7-33.5-74.7-74.7s33.5-74.7 74.7-74.7 74.7 33.5 74.7 74.7-33.6 74.7-74.7 74.7zm146.4-194.3c0 14.9-12 26.8-26.8 26.8-14.9 0-26.8-12-26.8-26.8s12-26.8 26.8-26.8 26.8 12 26.8 26.8zm76.1 27.2c-1.7-35.9-9.9-67.7-36.2-93.9-26.2-26.2-58-34.4-93.9-36.2-37-2.1-147.9-2.1-184.9 0-35.8 1.7-67.6 9.9-93.9 36.1s-34.4 58-36.2 93.9c-2.1 37-2.1 147.9 0 184.9 1.7 35.9 9.9 67.7 36.2 93.9s58 34.4 93.9 36.2c37 2.1 147.9 2.1 184.9 0 35.9-1.7 67.7-9.9 93.9-36.2 26.2-26.2 34.4-58 36.2-93.9 2.1-37 2.1-147.8 0-184.8zM398.8 388c-7.8 19.6-22.9 34.7-42.6 42.6-29.5 11.7-99.5 9-132.1 9s-102.7 2.6-132.1-9c-19.6-7.8-34.7-22.9-42.6-42.6-11.7-29.5-9-99.5-9-132.1s-2.6-102.7 9-132.1c7.8-19.6 22.9-34.7 42.6-42.6 29.5-11.7 99.5-9 132.1-9s102.7-2.6 132.1 9c19.6 7.8 34.7 22.9 42.6 42.6 11.7 29.5 9 99.5 9 132.1s2.7 102.7-9 132.1z\"><\/path><\/svg>\t\t\t\t\t<\/a>\n\t\t\t\t<\/span>\n\t\t\t\t\t\t\t<span class=\"elementor-grid-item\" role=\"listitem\">\n\t\t\t\t\t<a class=\"elementor-icon elementor-social-icon elementor-social-icon-youtube elementor-animation-grow elementor-repeater-item-b789578\" href=\"https:\/\/www.youtube.com\/channel\/UC6pduD1aLwITdxztf27UIdA\" target=\"_blank\">\n\t\t\t\t\t\t<span class=\"elementor-screen-only\">Youtube<\/span>\n\t\t\t\t\t\t<svg aria-hidden=\"true\" class=\"e-font-icon-svg e-fab-youtube\" viewBox=\"0 0 576 512\" xmlns=\"http:\/\/www.w3.org\/2000\/svg\"><path d=\"M549.655 124.083c-6.281-23.65-24.787-42.276-48.284-48.597C458.781 64 288 64 288 64S117.22 64 74.629 75.486c-23.497 6.322-42.003 24.947-48.284 48.597-11.412 42.867-11.412 132.305-11.412 132.305s0 89.438 11.412 132.305c6.281 23.65 24.787 41.5 48.284 47.821C117.22 448 288 448 288 448s170.78 0 213.371-11.486c23.497-6.321 42.003-24.171 48.284-47.821 11.412-42.867 11.412-132.305 11.412-132.305s0-89.438-11.412-132.305zm-317.51 213.508V175.185l142.739 81.205-142.739 81.201z\"><\/path><\/svg>\t\t\t\t\t<\/a>\n\t\t\t\t<\/span>\n\t\t\t\t\t<\/div>\n\t\t\t\t\t\t<\/div>\n\t\t<div class=\"elementor-element elementor-element-73104d1 e-con-full e-flex wpr-particle-no wpr-jarallax-no wpr-parallax-no wpr-sticky-section-no e-con e-child\" data-id=\"73104d1\" data-element_type=\"container\" data-e-type=\"container\">\n\t\t\t\t<div class=\"elementor-element elementor-element-c03fccb elementor-widget elementor-widget-heading\" data-id=\"c03fccb\" data-element_type=\"widget\" data-e-type=\"widget\" data-widget_type=\"heading.default\">\n\t\t\t\t\t<h4 class=\"elementor-heading-title elementor-size-default\">\u00c0 propos du club<\/h4>\t\t\t\t<\/div>\n\t\t\t\t<div class=\"elementor-element elementor-element-aab9e33 elementor-widget elementor-widget-text-editor\" data-id=\"aab9e33\" data-element_type=\"widget\" data-e-type=\"widget\" data-widget_type=\"text-editor.default\">\n\t\t\t\t\t\t\t\t\t<p>Le FC RFS (\u00e0 ne pas confondre avec la tr\u00e8s proche homonyme R\u012bgas Futbola Skola \u2014 l\u2019\u00e9cole de football de la ville de R\u012bga, fond\u00e9e en 1962) est un club professionnel letton, pr\u00e9sent en Virsl\u012bga depuis 2016. Selon les donn\u00e9es Transfermarkt, c\u2019est le deuxi\u00e8me club le plus valoris\u00e9 du championnat. Triple champion de Lettonie et double vainqueur de la Coupe de Lettonie, le FC RFS est aussi le premier club letton \u00e0 atteindre la phase de groupes de l\u2019UEFA Conference League (en 2022), le deuxi\u00e8me club letton \u00e0 jouer en Europa League (2024), et le seul club des pays baltes \u00e0 avoir disput\u00e9 plus d\u2019une fois la phase principale d\u2019une grande comp\u00e9tition europ\u00e9enne de clubs.<\/p><p>Les origines du FC RFS remontent \u00e0 l\u2019\u00e9quipe junior (JFC) du l\u00e9gendaire Skonto FC. En 2003, l\u2019entra\u00eeneur principal du JFC Skonto de l\u2019\u00e9poque, Vladimirs Be\u013cajevs, quitte Skonto avec ses jeunes pour cr\u00e9er sa propre acad\u00e9mie, appel\u00e9e Daugava. Deux ans plus tard, un club professionnel est fond\u00e9 sous le nom de \u00ab FSK Daugava 90 \u00bb. En 2008, FSK Daugava 90 obtient la mont\u00e9e en Virsl\u012bga et se rebaptise \u00ab FK Daugava \u00bb, mais ne parvient pas \u00e0 s\u2019y maintenir et est rel\u00e9gu\u00e9 en 2009. En 2011, le FK Daugava change encore de nom et devient \u00ab R\u012bgas Futbola Skola \u00bb, s\u2019installant en deuxi\u00e8me division jusqu\u2019en 2015, saison o\u00f9 le club termine troisi\u00e8me mais obtient la promotion en Virsl\u012bga, Skonto FC ayant fait faillite et lib\u00e9r\u00e9 une place suppl\u00e9mentaire.<\/p><p>Dans ce contexte, le club est rachet\u00e9 par une grande entreprise lettone de construction et de d\u00e9veloppement, LNK Industries, et rebrand\u00e9 pour devenir \u00ab FC RFS \u00bb, le club tel qu\u2019on le conna\u00eet aujourd\u2019hui. Le RFS d\u00e9bute en Virsl\u012bga en 2016 \u00e0 la 6e place, puis progresse graduellement jusqu\u2019\u00e0 d\u00e9crocher son premier troph\u00e9e, la Coupe de Lettonie, en 2019, et son premier titre de Virsl\u012bga deux ans plus tard. Dans la foul\u00e9e de ce premier sacre, le RFS se qualifie pour la phase de groupes de la Conference League la saison suivante, mettant fin \u00e0 une attente de 13 ans depuis la derni\u00e8re pr\u00e9sence d\u2019un club letton en phase de groupes d\u2019une comp\u00e9tition europ\u00e9enne (le FK Ventspils en Europa League 2009\/10).<\/p><p>Le RFS est reconnu pour son approche patiente et progressive du d\u00e9veloppement. Le club reste conservateur sur le march\u00e9 des transferts, privil\u00e9gie la durabilit\u00e9 financi\u00e8re en maintenant un solde commercial nettement positif, change rarement d\u2019entra\u00eeneur (Viktors Morozs est en poste depuis 2020) et adopte, de mani\u00e8re g\u00e9n\u00e9rale, une strat\u00e9gie de croissance longue et structur\u00e9e.<\/p><p>Cette philosophie se refl\u00e8te aussi chez ses supporters, les Riverside Lions, qui mettent l\u2019accent sur la qualit\u00e9 plut\u00f4t que sur le nombre et travaillent activement avec la communaut\u00e9 locale pour cr\u00e9er une dynamique autour d\u2019un club qui, \u00e0 tous points de vue, reste tr\u00e8s jeune.<\/p><p>Le club appartient \u00e0 l\u2019homme d\u2019affaires letton Artjoms Milovs, et l\u2019un des joueurs lettons les plus l\u00e9gendaires, M\u0101ris Verpakovskis, occupe le poste de directeur g\u00e9n\u00e9ral depuis 2018.<\/p><p>Le RFS dispose aussi d\u2019une \u00e9quipe f\u00e9minine solide, RFS Women, et a eu un club de futsal, dissous avant la saison 2025.<\/p>\t\t\t\t\t\t\t\t<\/div>\n\t\t\t\t<\/div>\n\t\t\t\t\t<\/div>\n\t\t\t\t<\/div>\n\t\t\t\t\t<\/div>\n\t\t\t\t<\/div>\n\t\t\t\t<\/div>\n\t\t\t\t\t<\/div>\n\t\t\t\t<\/div>\n\t\t<div class=\"elementor-element elementor-element-b792dbe e-flex e-con-boxed wpr-particle-no wpr-jarallax-no wpr-parallax-no wpr-sticky-section-no e-con e-parent\" data-id=\"b792dbe\" data-element_type=\"container\" data-e-type=\"container\">\n\t\t\t\t\t<div class=\"e-con-inner\">\n\t\t\t\t<div class=\"elementor-element elementor-element-47dfa10 elementor-widget elementor-widget-google_maps\" data-id=\"47dfa10\" data-element_type=\"widget\" data-e-type=\"widget\" data-widget_type=\"google_maps.default\">\n\t\t\t\t\t\t\t<div class=\"elementor-custom-embed\">\n\t\t\t<iframe loading=\"lazy\"\n\t\t\t\t\tsrc=\"https:\/\/maps.google.com\/maps?q=LNK%20Sporta%20Parks&#038;t=m&#038;z=13&#038;output=embed&#038;iwloc=near\"\n\t\t\t\t\ttitle=\"LNK Sporta Parks\"\n\t\t\t\t\taria-label=\"LNK Sporta Parks\"\n\t\t\t><\/iframe>\n\t\t<\/div>\n\t\t\t\t\t\t<\/div>\n\t\t\t\t\t<\/div>\n\t\t\t\t<\/div>\n\t\t\t\t<\/div>\n\t\t","protected":false},"excerpt":{"rendered":"<p>FC RFS Ann\u00e9e de fondation : 2005R\u00e9sidence : R\u012bga, LettonieStade : LNK Sporta ParksCapacit\u00e9 : 2 300 placesFan-club : Riverside Lions Palmar\u00e8s :Virsl\u012bga (2021, 2023, 2024)Coupe de Lettonie (2019, 2021, 2024)Supercoupe de Lettonie (2025) Home Facebook X-twitter Instagram Youtube \u00c0 propos du club Le FC RFS (\u00e0 ne pas confondre avec la tr\u00e8s proche homonyme R\u012bgas Futbola Skola \u2014 l\u2019\u00e9cole de football de la ville de R\u012bga, fond\u00e9e en 1962) est un club professionnel letton, pr\u00e9sent en Virsl\u012bga depuis 2016. Selon les donn\u00e9es Transfermarkt, c\u2019est le deuxi\u00e8me club le plus valoris\u00e9 du championnat. Triple champion de Lettonie et double vainqueur<\/p>\n","protected":false},"author":2,"featured_media":2316,"parent":0,"menu_order":0,"comment_status":"closed","ping_status":"closed","template":"","meta":{"nf_dc_page":"","cybocfi_hide_featured_image":"","footnotes":""},"class_list":["post-2314","page","type-page","status-publish","has-post-thumbnail","hentry"],"aioseo_notices":[],"jetpack_sharing_enabled":true,"_links":{"self":[{"href":"https:\/\/balticfootballnews.com\/fr\/wp-json\/wp\/v2\/pages\/2314","targetHints":{"allow":["GET"]}}],"collection":[{"href":"https:\/\/balticfootballnews.com\/fr\/wp-json\/wp\/v2\/pages"}],"about":[{"href":"https:\/\/balticfootballnews.com\/fr\/wp-json\/wp\/v2\/types\/page"}],"author":[{"embeddable":true,"href":"https:\/\/balticfootballnews.com\/fr\/wp-json\/wp\/v2\/users\/2"}],"replies":[{"embeddable":true,"href":"https:\/\/balticfootballnews.com\/fr\/wp-json\/wp\/v2\/comments?post=2314"}],"version-history":[{"count":4,"href":"https:\/\/balticfootballnews.com\/fr\/wp-json\/wp\/v2\/pages\/2314\/revisions"}],"predecessor-version":[{"id":2357,"href":"https:\/\/balticfootballnews.com\/fr\/wp-json\/wp\/v2\/pages\/2314\/revisions\/2357"}],"wp:featuredmedia":[{"embeddable":true,"href":"https:\/\/balticfootballnews.com\/fr\/wp-json\/wp\/v2\/media\/2316"}],"wp:attachment":[{"href":"https:\/\/balticfootballnews.com\/fr\/wp-json\/wp\/v2\/media?parent=2314"}],"curies":[{"name":"wp","href":"https:\/\/api.w.org\/{rel}","templated":true}]}}