{"id":2266,"date":"2026-02-15T17:31:18","date_gmt":"2026-02-15T15:31:18","guid":{"rendered":"https:\/\/balticfootballnews.com\/fr\/?page_id=2266"},"modified":"2026-02-15T17:36:23","modified_gmt":"2026-02-15T15:36:23","slug":"riga-fc","status":"publish","type":"page","link":"https:\/\/balticfootballnews.com\/fr\/riga-fc\/","title":{"rendered":"Riga FC"},"content":{"rendered":"\t\t<div data-elementor-type=\"wp-page\" data-elementor-id=\"2266\" class=\"elementor elementor-2266\">\n\t\t\t\t<div class=\"elementor-element elementor-element-6e0d69b e-flex e-con-boxed wpr-particle-no wpr-jarallax-no wpr-parallax-no wpr-sticky-section-no e-con e-parent\" data-id=\"6e0d69b\" data-element_type=\"container\" data-e-type=\"container\">\n\t\t\t\t\t<div class=\"e-con-inner\">\n\t\t<div class=\"elementor-element elementor-element-720fe38 e-con-full e-flex wpr-particle-no wpr-jarallax-no wpr-parallax-no wpr-sticky-section-no e-con e-child\" data-id=\"720fe38\" data-element_type=\"container\" data-e-type=\"container\">\n\t\t<div class=\"elementor-element elementor-element-1c4fb37 e-con-full e-flex wpr-particle-no wpr-jarallax-no wpr-parallax-no wpr-sticky-section-no e-con e-child\" data-id=\"1c4fb37\" data-element_type=\"container\" data-e-type=\"container\">\n\t\t\t\t<div class=\"elementor-element elementor-element-ac4841f elementor-widget elementor-widget-heading\" data-id=\"ac4841f\" data-element_type=\"widget\" data-e-type=\"widget\" data-widget_type=\"heading.default\">\n\t\t\t\t\t<h2 class=\"elementor-heading-title elementor-size-default\">Riga FC<\/h2>\t\t\t\t<\/div>\n\t\t\t\t<\/div>\n\t\t<div class=\"elementor-element elementor-element-3ebb94d e-flex e-con-boxed wpr-particle-no wpr-jarallax-no wpr-parallax-no wpr-sticky-section-no e-con e-child\" data-id=\"3ebb94d\" data-element_type=\"container\" data-e-type=\"container\">\n\t\t\t\t\t<div class=\"e-con-inner\">\n\t\t<div class=\"elementor-element elementor-element-568edd8 e-flex e-con-boxed wpr-particle-no wpr-jarallax-no wpr-parallax-no wpr-sticky-section-no e-con e-child\" data-id=\"568edd8\" data-element_type=\"container\" data-e-type=\"container\">\n\t\t\t\t\t<div class=\"e-con-inner\">\n\t\t<div class=\"elementor-element elementor-element-69fe572 e-con-full e-grid wpr-particle-no wpr-jarallax-no wpr-parallax-no wpr-sticky-section-no e-con e-child\" data-id=\"69fe572\" data-element_type=\"container\" data-e-type=\"container\">\n\t\t\t\t<div class=\"elementor-element elementor-element-ec9ce4a elementor-widget elementor-widget-text-editor\" data-id=\"ec9ce4a\" data-element_type=\"widget\" data-e-type=\"widget\" data-widget_type=\"text-editor.default\">\n\t\t\t\t\t\t\t\t\t<p><strong>Ann\u00e9e de fondation<\/strong> : 2014<br \/><strong>R\u00e9sidence<\/strong> : R\u012bga, Lettonie<br \/><strong>Stade<\/strong> : Skonto Stadions<br \/><strong>Capacit\u00e9<\/strong> : 6 800 places<br \/><strong>Fan-club<\/strong> : Riga FC fan club<\/p><p><strong>Palmar\u00e8s<\/strong> :<br \/>Virsl\u012bga (2018, 2019, 2020, 2025)<br \/>Coupe de Lettonie (2018, 2023)<br \/>Supercoupe de Lettonie (2024)<br \/><br \/><\/p>\t\t\t\t\t\t\t\t<\/div>\n\t\t\t\t<div class=\"elementor-element elementor-element-3d9f0ed elementor-widget elementor-widget-image\" data-id=\"3d9f0ed\" data-element_type=\"widget\" data-e-type=\"widget\" data-widget_type=\"image.default\">\n\t\t\t\t\t\t\t\t\t\t\t\t\t\t\t<img loading=\"lazy\" decoding=\"async\" loading=\"lazy\" width=\"300\" height=\"288\" src=\"https:\/\/i0.wp.com\/balticfootballnews.com\/fr\/wp-content\/uploads\/sites\/4\/2026\/02\/riga-sign-gambia-striker-badamosi-e1771169435741.jpg?fit=300%2C288&amp;ssl=1\" class=\"elementor-animation-grow attachment-medium size-medium wp-image-2277\" alt=\"\" srcset=\"https:\/\/i0.wp.com\/balticfootballnews.com\/fr\/wp-content\/uploads\/sites\/4\/2026\/02\/riga-sign-gambia-striker-badamosi-e1771169435741.jpg?w=555&amp;ssl=1 555w, https:\/\/i0.wp.com\/balticfootballnews.com\/fr\/wp-content\/uploads\/sites\/4\/2026\/02\/riga-sign-gambia-striker-badamosi-e1771169435741.jpg?resize=300%2C288&amp;ssl=1 300w, https:\/\/i0.wp.com\/balticfootballnews.com\/fr\/wp-content\/uploads\/sites\/4\/2026\/02\/riga-sign-gambia-striker-badamosi-e1771169435741.jpg?resize=60%2C58&amp;ssl=1 60w\" sizes=\"auto, (max-width: 300px) 100vw, 300px\" \/>\t\t\t\t\t\t\t\t\t\t\t\t\t\t\t<\/div>\n\t\t\t\t<\/div>\n\t\t<div class=\"elementor-element elementor-element-4963ca0 e-con-full e-flex wpr-particle-no wpr-jarallax-no wpr-parallax-no wpr-sticky-section-no e-con e-child\" data-id=\"4963ca0\" data-element_type=\"container\" data-e-type=\"container\">\n\t\t\t\t<div class=\"elementor-element elementor-element-97d116d elementor-shape-circle elementor-grid-0 e-grid-align-center elementor-widget elementor-widget-social-icons\" data-id=\"97d116d\" data-element_type=\"widget\" data-e-type=\"widget\" data-widget_type=\"social-icons.default\">\n\t\t\t\t\t\t\t<div class=\"elementor-social-icons-wrapper elementor-grid\" role=\"list\">\n\t\t\t\t\t\t\t<span class=\"elementor-grid-item\" role=\"listitem\">\n\t\t\t\t\t<a class=\"elementor-icon elementor-social-icon elementor-social-icon-home elementor-repeater-item-4f742bb\" href=\"https:\/\/rigafc.lv\/en\/\" target=\"_blank\">\n\t\t\t\t\t\t<span class=\"elementor-screen-only\">Home<\/span>\n\t\t\t\t\t\t<svg aria-hidden=\"true\" class=\"e-font-icon-svg e-fas-home\" viewBox=\"0 0 576 512\" xmlns=\"http:\/\/www.w3.org\/2000\/svg\"><path d=\"M280.37 148.26L96 300.11V464a16 16 0 0 0 16 16l112.06-.29a16 16 0 0 0 15.92-16V368a16 16 0 0 1 16-16h64a16 16 0 0 1 16 16v95.64a16 16 0 0 0 16 16.05L464 480a16 16 0 0 0 16-16V300L295.67 148.26a12.19 12.19 0 0 0-15.3 0zM571.6 251.47L488 182.56V44.05a12 12 0 0 0-12-12h-56a12 12 0 0 0-12 12v72.61L318.47 43a48 48 0 0 0-61 0L4.34 251.47a12 12 0 0 0-1.6 16.9l25.5 31A12 12 0 0 0 45.15 301l235.22-193.74a12.19 12.19 0 0 1 15.3 0L530.9 301a12 12 0 0 0 16.9-1.6l25.5-31a12 12 0 0 0-1.7-16.93z\"><\/path><\/svg>\t\t\t\t\t<\/a>\n\t\t\t\t<\/span>\n\t\t\t\t\t\t\t<span class=\"elementor-grid-item\" role=\"listitem\">\n\t\t\t\t\t<a class=\"elementor-icon elementor-social-icon elementor-social-icon-facebook elementor-repeater-item-ef1668a\" href=\"https:\/\/www.facebook.com\/rigafootballclub\/\" target=\"_blank\">\n\t\t\t\t\t\t<span class=\"elementor-screen-only\">Facebook<\/span>\n\t\t\t\t\t\t<svg aria-hidden=\"true\" class=\"e-font-icon-svg e-fab-facebook\" viewBox=\"0 0 512 512\" xmlns=\"http:\/\/www.w3.org\/2000\/svg\"><path d=\"M504 256C504 119 393 8 256 8S8 119 8 256c0 123.78 90.69 226.38 209.25 245V327.69h-63V256h63v-54.64c0-62.15 37-96.48 93.67-96.48 27.14 0 55.52 4.84 55.52 4.84v61h-31.28c-30.8 0-40.41 19.12-40.41 38.73V256h68.78l-11 71.69h-57.78V501C413.31 482.38 504 379.78 504 256z\"><\/path><\/svg>\t\t\t\t\t<\/a>\n\t\t\t\t<\/span>\n\t\t\t\t\t\t\t<span class=\"elementor-grid-item\" role=\"listitem\">\n\t\t\t\t\t<a class=\"elementor-icon elementor-social-icon elementor-social-icon-x-twitter elementor-repeater-item-e9c1cf9\" href=\"https:\/\/x.com\/RigaFC_Official\" target=\"_blank\">\n\t\t\t\t\t\t<span class=\"elementor-screen-only\">X-twitter<\/span>\n\t\t\t\t\t\t<svg aria-hidden=\"true\" class=\"e-font-icon-svg e-fab-x-twitter\" viewBox=\"0 0 512 512\" xmlns=\"http:\/\/www.w3.org\/2000\/svg\"><path d=\"M389.2 48h70.6L305.6 224.2 487 464H345L233.7 318.6 106.5 464H35.8L200.7 275.5 26.8 48H172.4L272.9 180.9 389.2 48zM364.4 421.8h39.1L151.1 88h-42L364.4 421.8z\"><\/path><\/svg>\t\t\t\t\t<\/a>\n\t\t\t\t<\/span>\n\t\t\t\t\t\t\t<span class=\"elementor-grid-item\" role=\"listitem\">\n\t\t\t\t\t<a class=\"elementor-icon elementor-social-icon elementor-social-icon-instagram elementor-repeater-item-4eec7c9\" href=\"https:\/\/www.instagram.com\/rigafc\/\" target=\"_blank\">\n\t\t\t\t\t\t<span class=\"elementor-screen-only\">Instagram<\/span>\n\t\t\t\t\t\t<svg aria-hidden=\"true\" class=\"e-font-icon-svg e-fab-instagram\" viewBox=\"0 0 448 512\" xmlns=\"http:\/\/www.w3.org\/2000\/svg\"><path d=\"M224.1 141c-63.6 0-114.9 51.3-114.9 114.9s51.3 114.9 114.9 114.9S339 319.5 339 255.9 287.7 141 224.1 141zm0 189.6c-41.1 0-74.7-33.5-74.7-74.7s33.5-74.7 74.7-74.7 74.7 33.5 74.7 74.7-33.6 74.7-74.7 74.7zm146.4-194.3c0 14.9-12 26.8-26.8 26.8-14.9 0-26.8-12-26.8-26.8s12-26.8 26.8-26.8 26.8 12 26.8 26.8zm76.1 27.2c-1.7-35.9-9.9-67.7-36.2-93.9-26.2-26.2-58-34.4-93.9-36.2-37-2.1-147.9-2.1-184.9 0-35.8 1.7-67.6 9.9-93.9 36.1s-34.4 58-36.2 93.9c-2.1 37-2.1 147.9 0 184.9 1.7 35.9 9.9 67.7 36.2 93.9s58 34.4 93.9 36.2c37 2.1 147.9 2.1 184.9 0 35.9-1.7 67.7-9.9 93.9-36.2 26.2-26.2 34.4-58 36.2-93.9 2.1-37 2.1-147.8 0-184.8zM398.8 388c-7.8 19.6-22.9 34.7-42.6 42.6-29.5 11.7-99.5 9-132.1 9s-102.7 2.6-132.1-9c-19.6-7.8-34.7-22.9-42.6-42.6-11.7-29.5-9-99.5-9-132.1s-2.6-102.7 9-132.1c7.8-19.6 22.9-34.7 42.6-42.6 29.5-11.7 99.5-9 132.1-9s102.7-2.6 132.1 9c19.6 7.8 34.7 22.9 42.6 42.6 11.7 29.5 9 99.5 9 132.1s2.7 102.7-9 132.1z\"><\/path><\/svg>\t\t\t\t\t<\/a>\n\t\t\t\t<\/span>\n\t\t\t\t\t\t\t<span class=\"elementor-grid-item\" role=\"listitem\">\n\t\t\t\t\t<a class=\"elementor-icon elementor-social-icon elementor-social-icon-youtube elementor-repeater-item-b789578\" href=\"https:\/\/www.youtube.com\/channel\/UCvgWcVhzOb0pPFLVcM99OJQ\" target=\"_blank\">\n\t\t\t\t\t\t<span class=\"elementor-screen-only\">Youtube<\/span>\n\t\t\t\t\t\t<svg aria-hidden=\"true\" class=\"e-font-icon-svg e-fab-youtube\" viewBox=\"0 0 576 512\" xmlns=\"http:\/\/www.w3.org\/2000\/svg\"><path d=\"M549.655 124.083c-6.281-23.65-24.787-42.276-48.284-48.597C458.781 64 288 64 288 64S117.22 64 74.629 75.486c-23.497 6.322-42.003 24.947-48.284 48.597-11.412 42.867-11.412 132.305-11.412 132.305s0 89.438 11.412 132.305c6.281 23.65 24.787 41.5 48.284 47.821C117.22 448 288 448 288 448s170.78 0 213.371-11.486c23.497-6.321 42.003-24.171 48.284-47.821 11.412-42.867 11.412-132.305 11.412-132.305s0-89.438-11.412-132.305zm-317.51 213.508V175.185l142.739 81.205-142.739 81.201z\"><\/path><\/svg>\t\t\t\t\t<\/a>\n\t\t\t\t<\/span>\n\t\t\t\t\t\t\t<span class=\"elementor-grid-item\" role=\"listitem\">\n\t\t\t\t\t<a class=\"elementor-icon elementor-social-icon elementor-social-icon-tiktok elementor-repeater-item-a5ceb0c\" href=\"https:\/\/www.tiktok.com\/@rigafc_official?_t=8eGYGzOhwZm&#038;_r=1\" target=\"_blank\">\n\t\t\t\t\t\t<span class=\"elementor-screen-only\">Tiktok<\/span>\n\t\t\t\t\t\t<svg aria-hidden=\"true\" class=\"e-font-icon-svg e-fab-tiktok\" viewBox=\"0 0 448 512\" xmlns=\"http:\/\/www.w3.org\/2000\/svg\"><path d=\"M448,209.91a210.06,210.06,0,0,1-122.77-39.25V349.38A162.55,162.55,0,1,1,185,188.31V278.2a74.62,74.62,0,1,0,52.23,71.18V0l88,0a121.18,121.18,0,0,0,1.86,22.17h0A122.18,122.18,0,0,0,381,102.39a121.43,121.43,0,0,0,67,20.14Z\"><\/path><\/svg>\t\t\t\t\t<\/a>\n\t\t\t\t<\/span>\n\t\t\t\t\t<\/div>\n\t\t\t\t\t\t<\/div>\n\t\t\t\t<div class=\"elementor-element elementor-element-8506957 elementor-widget elementor-widget-heading\" data-id=\"8506957\" data-element_type=\"widget\" data-e-type=\"widget\" data-widget_type=\"heading.default\">\n\t\t\t\t\t<h4 class=\"elementor-heading-title elementor-size-default\">\u00c0 propos du club<\/h4>\t\t\t\t<\/div>\n\t\t\t\t<div class=\"elementor-element elementor-element-a46204b elementor-widget elementor-widget-text-editor\" data-id=\"a46204b\" data-element_type=\"widget\" data-e-type=\"widget\" data-widget_type=\"text-editor.default\">\n\t\t\t\t\t\t\t\t\t<p>Le Riga FC est fond\u00e9 en 2014 \u00e0 la suite de la fusion de deux \u00e9quipes de R\u012bga : le FC Caramba (fond\u00e9 en 2012) et le Dinamo R\u012bga (fond\u00e9 en 2005 et qui existe toujours aujourd\u2019hui sous ce nom). Lors de la saison 2015, l\u2019\u00e9quipe \u00e9volue en deuxi\u00e8me division lettone (N\u0101kotnes l\u012bga) sous l\u2019appellation FC Caramba\/Dinamo. Apr\u00e8s avoir remport\u00e9 la N\u0101kotnes l\u012bga et obtenu la promotion en Virsl\u012bga, le club adopte le nom de Riga FC.<\/p><p>Le Riga FC termine 5e pour sa premi\u00e8re saison dans l\u2019\u00e9lite, puis 3e lors de la suivante, avant de s\u2019imposer comme une force dominante du football letton en encha\u00eenant trois titres cons\u00e9cutifs de Virsl\u012bga. En 2021, le club est d\u00e9pass\u00e9 par son grand rival, le RFS, et peine depuis \u00e0 reconqu\u00e9rir des titres, \u00e0 l\u2019exception de la Coupe de Lettonie 2023 et de la Supercoupe 2024 (toutes deux gagn\u00e9es aux tirs au but contre le RFS). Le Riga FC reste per\u00e7u comme le club vitrine du football de clubs letton, jouant chaque saison toutes les comp\u00e9titions pour les troph\u00e9es disponibles. D\u2019apr\u00e8s les donn\u00e9es Transfermarkt, le Riga FC est de mani\u00e8re r\u00e9guli\u00e8re, et de loin, le club le plus valoris\u00e9 des pays baltes. Il dispose \u00e9galement du budget le plus \u00e9lev\u00e9 de la r\u00e9gion, non seulement en football mais parmi tous les sports collectifs, ce qui lui permet d\u2019attirer r\u00e9guli\u00e8rement des joueurs et des entra\u00eeneurs de premier plan.<\/p><p>Au-del\u00e0 de son statut de gros d\u00e9pensier, le Riga FC s\u2019est aussi forg\u00e9 une r\u00e9putation d\u2019impatience sur le banc, avec un changement d\u2019entra\u00eeneur en moyenne tous les 128 jours. Le premier entra\u00eeneur principal \u00e0 boucler une saison compl\u00e8te \u00e0 la t\u00eate du club est Tomislav Stipi\u0107, lors de la Virsl\u012bga 2023.<\/p><p>Son groupe de supporters, Riga FC fans, est le plus nombreux parmi les mouvements officiels de la Virsl\u012bga et se distingue notamment par son usage des tambours. Particularit\u00e9 rare : ils disposent m\u00eame de leurs propres sponsors de maillot, ce qui explique que la tenue port\u00e9e par les supporters puisse diff\u00e9rer de celle des joueurs.<\/p><p>Le Riga FC \u00e9volue au mythique Skonto Stadium, en plein centre de R\u012bga, et s\u2019appuie sur des infrastructures d\u2019entra\u00eenement \u00e0 Me\u017eaparks (dont un terrain synth\u00e9tique et un complexe sportif \u00e0 \u0136eizarme\u017es (Kaiserwald)) ainsi qu\u2019\u00e0 Pi\u0146\u0137i, \u00e0 mi-chemin entre R\u012bga et J\u016brmala. Le site de Pi\u0146\u0137i \u2014 le Baltic Sports Village \u2014 doit \u00e0 terme accueillir un stade pleinement op\u00e9rationnel de 5 000 places, m\u00eame si les travaux ont ralenti ces derni\u00e8res ann\u00e9es.<\/p><p>Le club appartient \u00e0 Sergey Lomakin, milliardaire russe et cofondateur de la cha\u00eene de hard-discount Fix Price, \u00e9galement propri\u00e9taire du Pafos FC \u00e0 Chypre et du FC Rodina Moscou en Russie. Il en r\u00e9sulte des mouvements r\u00e9guliers de joueurs entre Pafos et Riga, ainsi qu\u2019avec United FC aux \u00c9mirats arabes unis. En 2020, il est inscrit sur la liste persona non grata par le minist\u00e8re letton de l\u2019Int\u00e9rieur.<\/p><p>Le Riga FC s\u2019appuie aussi sur une section f\u00e9minine particuli\u00e8rement performante (Riga FC Women), un club de futsal tr\u00e8s performant (Riga Futsal Club) et une \u00e9quipe de beach soccer.<\/p>\t\t\t\t\t\t\t\t<\/div>\n\t\t\t\t<\/div>\n\t\t\t\t\t<\/div>\n\t\t\t\t<\/div>\n\t\t\t\t\t<\/div>\n\t\t\t\t<\/div>\n\t\t\t\t<\/div>\n\t\t\t\t\t<\/div>\n\t\t\t\t<\/div>\n\t\t<div class=\"elementor-element elementor-element-d78c3f6 e-flex e-con-boxed wpr-particle-no wpr-jarallax-no wpr-parallax-no wpr-sticky-section-no e-con e-parent\" data-id=\"d78c3f6\" data-element_type=\"container\" data-e-type=\"container\">\n\t\t\t\t\t<div class=\"e-con-inner\">\n\t\t\t\t<div class=\"elementor-element elementor-element-8268d93 elementor-widget elementor-widget-google_maps\" data-id=\"8268d93\" data-element_type=\"widget\" data-e-type=\"widget\" data-widget_type=\"google_maps.default\">\n\t\t\t\t\t\t\t<div class=\"elementor-custom-embed\">\n\t\t\t<iframe loading=\"lazy\"\n\t\t\t\t\tsrc=\"https:\/\/maps.google.com\/maps?q=skonto%20stadions&#038;t=m&#038;z=13&#038;output=embed&#038;iwloc=near\"\n\t\t\t\t\ttitle=\"skonto stadions\"\n\t\t\t\t\taria-label=\"skonto stadions\"\n\t\t\t><\/iframe>\n\t\t<\/div>\n\t\t\t\t\t\t<\/div>\n\t\t\t\t\t<\/div>\n\t\t\t\t<\/div>\n\t\t\t\t<\/div>\n\t\t","protected":false},"excerpt":{"rendered":"<p>Riga FC Ann\u00e9e de fondation : 2014R\u00e9sidence : R\u012bga, LettonieStade : Skonto StadionsCapacit\u00e9 : 6 800 placesFan-club : Riga FC fan club Palmar\u00e8s :Virsl\u012bga (2018, 2019, 2020, 2025)Coupe de Lettonie (2018, 2023)Supercoupe de Lettonie (2024) Home Facebook X-twitter Instagram Youtube Tiktok \u00c0 propos du club Le Riga FC est fond\u00e9 en 2014 \u00e0 la suite de la fusion de deux \u00e9quipes de R\u012bga : le FC Caramba (fond\u00e9 en 2012) et le Dinamo R\u012bga (fond\u00e9 en 2005 et qui existe toujours aujourd\u2019hui sous ce nom). Lors de la saison 2015, l\u2019\u00e9quipe \u00e9volue en deuxi\u00e8me division lettone (N\u0101kotnes l\u012bga) sous l\u2019appellation<\/p>\n","protected":false},"author":2,"featured_media":2268,"parent":0,"menu_order":0,"comment_status":"closed","ping_status":"closed","template":"","meta":{"nf_dc_page":"","cybocfi_hide_featured_image":"","footnotes":""},"class_list":["post-2266","page","type-page","status-publish","has-post-thumbnail","hentry"],"aioseo_notices":[],"jetpack_sharing_enabled":true,"_links":{"self":[{"href":"https:\/\/balticfootballnews.com\/fr\/wp-json\/wp\/v2\/pages\/2266","targetHints":{"allow":["GET"]}}],"collection":[{"href":"https:\/\/balticfootballnews.com\/fr\/wp-json\/wp\/v2\/pages"}],"about":[{"href":"https:\/\/balticfootballnews.com\/fr\/wp-json\/wp\/v2\/types\/page"}],"author":[{"embeddable":true,"href":"https:\/\/balticfootballnews.com\/fr\/wp-json\/wp\/v2\/users\/2"}],"replies":[{"embeddable":true,"href":"https:\/\/balticfootballnews.com\/fr\/wp-json\/wp\/v2\/comments?post=2266"}],"version-history":[{"count":7,"href":"https:\/\/balticfootballnews.com\/fr\/wp-json\/wp\/v2\/pages\/2266\/revisions"}],"predecessor-version":[{"id":2313,"href":"https:\/\/balticfootballnews.com\/fr\/wp-json\/wp\/v2\/pages\/2266\/revisions\/2313"}],"wp:featuredmedia":[{"embeddable":true,"href":"https:\/\/balticfootballnews.com\/fr\/wp-json\/wp\/v2\/media\/2268"}],"wp:attachment":[{"href":"https:\/\/balticfootballnews.com\/fr\/wp-json\/wp\/v2\/media?parent=2266"}],"curies":[{"name":"wp","href":"https:\/\/api.w.org\/{rel}","templated":true}]}}