{"id":2223,"date":"2026-02-15T17:16:25","date_gmt":"2026-02-15T15:16:25","guid":{"rendered":"https:\/\/balticfootballnews.com\/fr\/?page_id=2223"},"modified":"2026-02-15T17:22:47","modified_gmt":"2026-02-15T15:22:47","slug":"fk-liepaja","status":"publish","type":"page","link":"https:\/\/balticfootballnews.com\/fr\/fk-liepaja\/","title":{"rendered":"FK Liep\u0101ja"},"content":{"rendered":"\t\t<div data-elementor-type=\"wp-page\" data-elementor-id=\"2223\" class=\"elementor elementor-2223\">\n\t\t\t\t<div class=\"elementor-element elementor-element-e9a0dad e-flex e-con-boxed wpr-particle-no wpr-jarallax-no wpr-parallax-no wpr-sticky-section-no e-con e-parent\" data-id=\"e9a0dad\" data-element_type=\"container\" data-e-type=\"container\">\n\t\t\t\t\t<div class=\"e-con-inner\">\n\t\t<div class=\"elementor-element elementor-element-db8fa9d e-con-full e-flex wpr-particle-no wpr-jarallax-no wpr-parallax-no wpr-sticky-section-no e-con e-child\" data-id=\"db8fa9d\" data-element_type=\"container\" data-e-type=\"container\">\n\t\t<div class=\"elementor-element elementor-element-5b4f3ad e-con-full e-flex wpr-particle-no wpr-jarallax-no wpr-parallax-no wpr-sticky-section-no e-con e-child\" data-id=\"5b4f3ad\" data-element_type=\"container\" data-e-type=\"container\">\n\t\t\t\t<div class=\"elementor-element elementor-element-c9aaa99 elementor-widget elementor-widget-heading\" data-id=\"c9aaa99\" data-element_type=\"widget\" data-e-type=\"widget\" data-widget_type=\"heading.default\">\n\t\t\t\t\t<h2 class=\"elementor-heading-title elementor-size-default\">FK Liep\u0101ja<\/h2>\t\t\t\t<\/div>\n\t\t\t\t<\/div>\n\t\t<div class=\"elementor-element elementor-element-45afb86 e-flex e-con-boxed wpr-particle-no wpr-jarallax-no wpr-parallax-no wpr-sticky-section-no e-con e-child\" data-id=\"45afb86\" data-element_type=\"container\" data-e-type=\"container\">\n\t\t\t\t\t<div class=\"e-con-inner\">\n\t\t<div class=\"elementor-element elementor-element-ee96c51 e-flex e-con-boxed wpr-particle-no wpr-jarallax-no wpr-parallax-no wpr-sticky-section-no e-con e-child\" data-id=\"ee96c51\" data-element_type=\"container\" data-e-type=\"container\">\n\t\t\t\t\t<div class=\"e-con-inner\">\n\t\t<div class=\"elementor-element elementor-element-d8cf63d e-con-full e-grid wpr-particle-no wpr-jarallax-no wpr-parallax-no wpr-sticky-section-no e-con e-child\" data-id=\"d8cf63d\" data-element_type=\"container\" data-e-type=\"container\">\n\t\t\t\t<div class=\"elementor-element elementor-element-282ffe8 elementor-widget elementor-widget-text-editor\" data-id=\"282ffe8\" data-element_type=\"widget\" data-e-type=\"widget\" data-widget_type=\"text-editor.default\">\n\t\t\t\t\t\t\t\t\t<p><strong>Ann\u00e9e de fondation<\/strong> : 2014<br \/><strong>R\u00e9sidence<\/strong> : Liep\u0101ja, Lettonie<br \/><strong>Stade<\/strong> : Stadions Daugava, Liep\u0101ja<br \/><strong>Capacit\u00e9<\/strong> : 4 022 places<br \/><strong>Fan-club<\/strong> : Amber City<\/p><p><strong>Palmar\u00e8s<\/strong> :<br \/>Virsl\u012bga (2015)<br \/>Coupe de Lettonie (2017, 2020)<\/p>\t\t\t\t\t\t\t\t<\/div>\n\t\t\t\t<div class=\"elementor-element elementor-element-06a1447 elementor-widget elementor-widget-image\" data-id=\"06a1447\" data-element_type=\"widget\" data-e-type=\"widget\" data-widget_type=\"image.default\">\n\t\t\t\t\t\t\t\t\t\t\t\t\t\t\t<img loading=\"lazy\" decoding=\"async\" loading=\"lazy\" width=\"300\" height=\"300\" src=\"https:\/\/i0.wp.com\/balticfootballnews.com\/fr\/wp-content\/uploads\/sites\/4\/2026\/01\/Liepaja-1.png?fit=300%2C300&amp;ssl=1\" class=\"elementor-animation-grow attachment-medium size-medium wp-image-177\" alt=\"\" srcset=\"https:\/\/i0.wp.com\/balticfootballnews.com\/fr\/wp-content\/uploads\/sites\/4\/2026\/01\/Liepaja-1.png?w=1080&amp;ssl=1 1080w, https:\/\/i0.wp.com\/balticfootballnews.com\/fr\/wp-content\/uploads\/sites\/4\/2026\/01\/Liepaja-1.png?resize=300%2C300&amp;ssl=1 300w, https:\/\/i0.wp.com\/balticfootballnews.com\/fr\/wp-content\/uploads\/sites\/4\/2026\/01\/Liepaja-1.png?resize=1024%2C1024&amp;ssl=1 1024w, https:\/\/i0.wp.com\/balticfootballnews.com\/fr\/wp-content\/uploads\/sites\/4\/2026\/01\/Liepaja-1.png?resize=150%2C150&amp;ssl=1 150w, https:\/\/i0.wp.com\/balticfootballnews.com\/fr\/wp-content\/uploads\/sites\/4\/2026\/01\/Liepaja-1.png?resize=768%2C768&amp;ssl=1 768w, https:\/\/i0.wp.com\/balticfootballnews.com\/fr\/wp-content\/uploads\/sites\/4\/2026\/01\/Liepaja-1.png?resize=60%2C60&amp;ssl=1 60w, https:\/\/i0.wp.com\/balticfootballnews.com\/fr\/wp-content\/uploads\/sites\/4\/2026\/01\/Liepaja-1.png?resize=480%2C480&amp;ssl=1 480w\" sizes=\"auto, (max-width: 300px) 100vw, 300px\" \/>\t\t\t\t\t\t\t\t\t\t\t\t\t\t\t<\/div>\n\t\t\t\t<\/div>\n\t\t\t\t<div class=\"elementor-element elementor-element-086473d elementor-shape-circle elementor-grid-0 e-grid-align-center elementor-widget elementor-widget-social-icons\" data-id=\"086473d\" data-element_type=\"widget\" data-e-type=\"widget\" data-widget_type=\"social-icons.default\">\n\t\t\t\t\t\t\t<div class=\"elementor-social-icons-wrapper elementor-grid\" role=\"list\">\n\t\t\t\t\t\t\t<span class=\"elementor-grid-item\" role=\"listitem\">\n\t\t\t\t\t<a class=\"elementor-icon elementor-social-icon elementor-social-icon-home elementor-repeater-item-4f742bb\" href=\"https:\/\/fkliepaja.lv\/lv\/\" target=\"_blank\">\n\t\t\t\t\t\t<span class=\"elementor-screen-only\">Home<\/span>\n\t\t\t\t\t\t<svg aria-hidden=\"true\" class=\"e-font-icon-svg e-fas-home\" viewBox=\"0 0 576 512\" xmlns=\"http:\/\/www.w3.org\/2000\/svg\"><path d=\"M280.37 148.26L96 300.11V464a16 16 0 0 0 16 16l112.06-.29a16 16 0 0 0 15.92-16V368a16 16 0 0 1 16-16h64a16 16 0 0 1 16 16v95.64a16 16 0 0 0 16 16.05L464 480a16 16 0 0 0 16-16V300L295.67 148.26a12.19 12.19 0 0 0-15.3 0zM571.6 251.47L488 182.56V44.05a12 12 0 0 0-12-12h-56a12 12 0 0 0-12 12v72.61L318.47 43a48 48 0 0 0-61 0L4.34 251.47a12 12 0 0 0-1.6 16.9l25.5 31A12 12 0 0 0 45.15 301l235.22-193.74a12.19 12.19 0 0 1 15.3 0L530.9 301a12 12 0 0 0 16.9-1.6l25.5-31a12 12 0 0 0-1.7-16.93z\"><\/path><\/svg>\t\t\t\t\t<\/a>\n\t\t\t\t<\/span>\n\t\t\t\t\t\t\t<span class=\"elementor-grid-item\" role=\"listitem\">\n\t\t\t\t\t<a class=\"elementor-icon elementor-social-icon elementor-social-icon-facebook elementor-repeater-item-ef1668a\" href=\"https:\/\/www.facebook.com\/FKLiepaja\/?ref=br_rs\" target=\"_blank\">\n\t\t\t\t\t\t<span class=\"elementor-screen-only\">Facebook<\/span>\n\t\t\t\t\t\t<svg aria-hidden=\"true\" class=\"e-font-icon-svg e-fab-facebook\" viewBox=\"0 0 512 512\" xmlns=\"http:\/\/www.w3.org\/2000\/svg\"><path d=\"M504 256C504 119 393 8 256 8S8 119 8 256c0 123.78 90.69 226.38 209.25 245V327.69h-63V256h63v-54.64c0-62.15 37-96.48 93.67-96.48 27.14 0 55.52 4.84 55.52 4.84v61h-31.28c-30.8 0-40.41 19.12-40.41 38.73V256h68.78l-11 71.69h-57.78V501C413.31 482.38 504 379.78 504 256z\"><\/path><\/svg>\t\t\t\t\t<\/a>\n\t\t\t\t<\/span>\n\t\t\t\t\t\t\t<span class=\"elementor-grid-item\" role=\"listitem\">\n\t\t\t\t\t<a class=\"elementor-icon elementor-social-icon elementor-social-icon-x-twitter elementor-repeater-item-e9c1cf9\" href=\"https:\/\/x.com\/liepajafk\" target=\"_blank\">\n\t\t\t\t\t\t<span class=\"elementor-screen-only\">X-twitter<\/span>\n\t\t\t\t\t\t<svg aria-hidden=\"true\" class=\"e-font-icon-svg e-fab-x-twitter\" viewBox=\"0 0 512 512\" xmlns=\"http:\/\/www.w3.org\/2000\/svg\"><path d=\"M389.2 48h70.6L305.6 224.2 487 464H345L233.7 318.6 106.5 464H35.8L200.7 275.5 26.8 48H172.4L272.9 180.9 389.2 48zM364.4 421.8h39.1L151.1 88h-42L364.4 421.8z\"><\/path><\/svg>\t\t\t\t\t<\/a>\n\t\t\t\t<\/span>\n\t\t\t\t\t\t\t<span class=\"elementor-grid-item\" role=\"listitem\">\n\t\t\t\t\t<a class=\"elementor-icon elementor-social-icon elementor-social-icon-instagram elementor-repeater-item-4eec7c9\" href=\"https:\/\/www.instagram.com\/fkliepaja\/\" target=\"_blank\">\n\t\t\t\t\t\t<span class=\"elementor-screen-only\">Instagram<\/span>\n\t\t\t\t\t\t<svg aria-hidden=\"true\" class=\"e-font-icon-svg e-fab-instagram\" viewBox=\"0 0 448 512\" xmlns=\"http:\/\/www.w3.org\/2000\/svg\"><path d=\"M224.1 141c-63.6 0-114.9 51.3-114.9 114.9s51.3 114.9 114.9 114.9S339 319.5 339 255.9 287.7 141 224.1 141zm0 189.6c-41.1 0-74.7-33.5-74.7-74.7s33.5-74.7 74.7-74.7 74.7 33.5 74.7 74.7-33.6 74.7-74.7 74.7zm146.4-194.3c0 14.9-12 26.8-26.8 26.8-14.9 0-26.8-12-26.8-26.8s12-26.8 26.8-26.8 26.8 12 26.8 26.8zm76.1 27.2c-1.7-35.9-9.9-67.7-36.2-93.9-26.2-26.2-58-34.4-93.9-36.2-37-2.1-147.9-2.1-184.9 0-35.8 1.7-67.6 9.9-93.9 36.1s-34.4 58-36.2 93.9c-2.1 37-2.1 147.9 0 184.9 1.7 35.9 9.9 67.7 36.2 93.9s58 34.4 93.9 36.2c37 2.1 147.9 2.1 184.9 0 35.9-1.7 67.7-9.9 93.9-36.2 26.2-26.2 34.4-58 36.2-93.9 2.1-37 2.1-147.8 0-184.8zM398.8 388c-7.8 19.6-22.9 34.7-42.6 42.6-29.5 11.7-99.5 9-132.1 9s-102.7 2.6-132.1-9c-19.6-7.8-34.7-22.9-42.6-42.6-11.7-29.5-9-99.5-9-132.1s-2.6-102.7 9-132.1c7.8-19.6 22.9-34.7 42.6-42.6 29.5-11.7 99.5-9 132.1-9s102.7-2.6 132.1 9c19.6 7.8 34.7 22.9 42.6 42.6 11.7 29.5 9 99.5 9 132.1s2.7 102.7-9 132.1z\"><\/path><\/svg>\t\t\t\t\t<\/a>\n\t\t\t\t<\/span>\n\t\t\t\t\t\t\t<span class=\"elementor-grid-item\" role=\"listitem\">\n\t\t\t\t\t<a class=\"elementor-icon elementor-social-icon elementor-social-icon-youtube elementor-repeater-item-b789578\" href=\"https:\/\/www.youtube.com\/channel\/UC7En5xPHN_UR4eGP4J5Vg9w\" target=\"_blank\">\n\t\t\t\t\t\t<span class=\"elementor-screen-only\">Youtube<\/span>\n\t\t\t\t\t\t<svg aria-hidden=\"true\" class=\"e-font-icon-svg e-fab-youtube\" viewBox=\"0 0 576 512\" xmlns=\"http:\/\/www.w3.org\/2000\/svg\"><path d=\"M549.655 124.083c-6.281-23.65-24.787-42.276-48.284-48.597C458.781 64 288 64 288 64S117.22 64 74.629 75.486c-23.497 6.322-42.003 24.947-48.284 48.597-11.412 42.867-11.412 132.305-11.412 132.305s0 89.438 11.412 132.305c6.281 23.65 24.787 41.5 48.284 47.821C117.22 448 288 448 288 448s170.78 0 213.371-11.486c23.497-6.321 42.003-24.171 48.284-47.821 11.412-42.867 11.412-132.305 11.412-132.305s0-89.438-11.412-132.305zm-317.51 213.508V175.185l142.739 81.205-142.739 81.201z\"><\/path><\/svg>\t\t\t\t\t<\/a>\n\t\t\t\t<\/span>\n\t\t\t\t\t<\/div>\n\t\t\t\t\t\t<\/div>\n\t\t<div class=\"elementor-element elementor-element-d20b209 e-con-full e-flex wpr-particle-no wpr-jarallax-no wpr-parallax-no wpr-sticky-section-no e-con e-child\" data-id=\"d20b209\" data-element_type=\"container\" data-e-type=\"container\">\n\t\t\t\t<div class=\"elementor-element elementor-element-ce1a0a3 elementor-widget elementor-widget-heading\" data-id=\"ce1a0a3\" data-element_type=\"widget\" data-e-type=\"widget\" data-widget_type=\"heading.default\">\n\t\t\t\t\t<h4 class=\"elementor-heading-title elementor-size-default\">\u00c0 propos du club<\/h4>\t\t\t\t<\/div>\n\t\t\t\t<div class=\"elementor-element elementor-element-a403ecf elementor-widget elementor-widget-text-editor\" data-id=\"a403ecf\" data-element_type=\"widget\" data-e-type=\"widget\" data-widget_type=\"text-editor.default\">\n\t\t\t\t\t\t\t\t\t<p>Bien que fond\u00e9 seulement en 2014, le FK Liep\u0101ja peut revendiquer un h\u00e9ritage tr\u00e8s important dans le football letton, \u00e0 travers le FK Liep\u0101jas Metalurgs, actif de 1997 \u00e0 2014 et v\u00e9ritable moteur du football r\u00e9gional, autant sur le terrain que dans les tribunes. \u00c0 certains \u00e9gards, le FK Liep\u0101ja peut \u00eatre consid\u00e9r\u00e9 comme un club \u00ab ph\u00e9nix \u00bb de Liep\u0101jas Metalurgs, m\u00eame si la question de savoir s\u2019il en est l\u2019h\u00e9ritier l\u00e9gitime de la riche et importante tradition footballistique de Liep\u0101ja reste, \u00e0 ce jour, mati\u00e8re \u00e0 d\u00e9bat.<\/p><p>Le FK Liep\u0101jas Metalurgs se situait lui-m\u00eame au sommet d\u2019une histoire locale qui remonte \u00e0 1909. En 17 ans d\u2019existence, le club est devenu l\u2019une des \u00e9quipes les plus reconnues du pays et, en 2005, la premi\u00e8re \u00e0 interrompre les 13 ann\u00e9es de domination du Skonto FC sur le championnat national. En plus de deux titres de Virsl\u012bga et d\u2019une Coupe de Lettonie, le FK Liep\u0101jas Metalurgs s\u2019est offert une pr\u00e9sence aussi excitante que br\u00e8ve dans les tours qualificatifs des comp\u00e9titions europ\u00e9ennes, et a \u00e9t\u00e9 un acteur majeur du derby historique de Courlande face au FK Ventspils.<\/p><p>Le FK Liep\u0101jas Metalurgs b\u00e9n\u00e9ficiait d\u2019un large soutien populaire dans la ville, notamment gr\u00e2ce \u00e0 son lien intime avec l\u2019usine m\u00e9tallurgique de Liep\u0101ja \u2014 Liep\u0101jas Metalurgs \u2014 un employeur majeur jusqu\u2019\u00e0 ce que l\u2019entreprise succombe aux cons\u00e9quences de la crise financi\u00e8re mondiale de 2007-2008 et d\u00e9pose le bilan en 2013, entra\u00eenant le club dans sa chute l\u2019ann\u00e9e suivante.<\/p><p>\u00c0 ses d\u00e9buts, le FK Liep\u0101ja reprend globalement l\u00e0 o\u00f9 Metalurgs s\u2019\u00e9tait arr\u00eat\u00e9 : il met en avant les talents locaux et reconstitue une partie de l\u2019ancien noyau de Liep\u0101jas Metalurgs. Mais le contexte a chang\u00e9 et, malgr\u00e9 un d\u00e9part solide, la dynamique sportive du club se d\u00e9grade au fil du temps, surtout avec l\u2019arriv\u00e9e des futurs poids lourds lettons, le Riga FC et le FC RFS, en Virsl\u012bga. Le FK Liep\u0101ja remporte le championnat en 2015, puis la Coupe de Lettonie \u00e0 deux reprises, en 2017 et 2020. Le club se d\u00e9veloppe sous l\u2019impulsion de figures reconnues comme M\u0101ris Verpakovskis, c\u00e9l\u00e8bre joueur letton, et l\u2019actuel directeur sportif Ivan Djurdjevi\u0107. En 2018, un changement de propri\u00e9taire voit M\u0101ris Verpakovskis partir vers le RFS et entra\u00eene un virage strat\u00e9gique : le club s\u2019\u00e9loigne d\u2019un ancrage \u00ab club de la ville \u00bb et \u00ab club des (anciens) ouvriers \u00bb pour se tourner vers des march\u00e9s mondiaux, en particulier en Afrique.<\/p><p>Pendant de nombreuses ann\u00e9es, le FK Liep\u0101ja constitue le sommet naturel de l\u2019\u00e9cole municipale de football de Liep\u0101ja, historiquement comme aujourd\u2019hui respect\u00e9e en Lettonie pour sa capacit\u00e9 \u00e0 produire r\u00e9guli\u00e8rement des joueurs de qualit\u00e9. Mais, \u00e0 mesure que le club se r\u00e9oriente explicitement loin du vivier local pour importer des \u00e9trangers par vagues importantes environ tous les six mois, une partie du public se d\u00e9tourne progressivement du FK Liep\u0101ja au profit d\u2019une \u00e9quipe plus modeste d\u2019une ville voisine, le Grobi\u0146as SC, qui construit d\u2019abord son effectif autour des joueurs locaux issus de la m\u00eame \u00e9cole. Quand Grobi\u0146as SC\/LFS obtient la mont\u00e9e en Virsl\u012bga en 2024, un nouveau derby na\u00eet alors, tr\u00e8s marqu\u00e9 sur le plan des principes, opposant deux philosophies de club et de d\u00e9veloppement des joueurs.<\/p><p>Le club appartient \u00e0 O\u013cegs Hramovs, magnat de l\u2019immobilier et du transport maritime, lituano-russe bas\u00e9 \u00e0 Liep\u0101ja. Il continue d\u2019appuyer la progression du club via des investissements r\u00e9guliers, installant le FK Liep\u0101ja parmi les \u00ab Top 5 traditionnels \u00bb du football letton.<\/p>\t\t\t\t\t\t\t\t<\/div>\n\t\t\t\t<\/div>\n\t\t\t\t\t<\/div>\n\t\t\t\t<\/div>\n\t\t\t\t\t<\/div>\n\t\t\t\t<\/div>\n\t\t\t\t<\/div>\n\t\t\t\t\t<\/div>\n\t\t\t\t<\/div>\n\t\t<div class=\"elementor-element elementor-element-1b92e3b e-flex e-con-boxed wpr-particle-no wpr-jarallax-no wpr-parallax-no wpr-sticky-section-no e-con e-parent\" data-id=\"1b92e3b\" data-element_type=\"container\" data-e-type=\"container\">\n\t\t\t\t\t<div class=\"e-con-inner\">\n\t\t\t\t<div class=\"elementor-element elementor-element-d793b99 elementor-widget elementor-widget-google_maps\" data-id=\"d793b99\" data-element_type=\"widget\" data-e-type=\"widget\" data-widget_type=\"google_maps.default\">\n\t\t\t\t\t\t\t<div class=\"elementor-custom-embed\">\n\t\t\t<iframe loading=\"lazy\"\n\t\t\t\t\tsrc=\"https:\/\/maps.google.com\/maps?q=Stadions%20Daugava%2C%20Liep%C4%81ja&#038;t=m&#038;z=13&#038;output=embed&#038;iwloc=near\"\n\t\t\t\t\ttitle=\"Stadions Daugava, Liep\u0101ja\"\n\t\t\t\t\taria-label=\"Stadions Daugava, Liep\u0101ja\"\n\t\t\t><\/iframe>\n\t\t<\/div>\n\t\t\t\t\t\t<\/div>\n\t\t\t\t\t<\/div>\n\t\t\t\t<\/div>\n\t\t\t\t<\/div>\n\t\t","protected":false},"excerpt":{"rendered":"<p>FK Liep\u0101ja Ann\u00e9e de fondation : 2014R\u00e9sidence : Liep\u0101ja, LettonieStade : Stadions Daugava, Liep\u0101jaCapacit\u00e9 : 4 022 placesFan-club : Amber City Palmar\u00e8s :Virsl\u012bga (2015)Coupe de Lettonie (2017, 2020) Home Facebook X-twitter Instagram Youtube \u00c0 propos du club Bien que fond\u00e9 seulement en 2014, le FK Liep\u0101ja peut revendiquer un h\u00e9ritage tr\u00e8s important dans le football letton, \u00e0 travers le FK Liep\u0101jas Metalurgs, actif de 1997 \u00e0 2014 et v\u00e9ritable moteur du football r\u00e9gional, autant sur le terrain que dans les tribunes. \u00c0 certains \u00e9gards, le FK Liep\u0101ja peut \u00eatre consid\u00e9r\u00e9 comme un club \u00ab ph\u00e9nix \u00bb de Liep\u0101jas Metalurgs, m\u00eame<\/p>\n","protected":false},"author":2,"featured_media":2225,"parent":0,"menu_order":0,"comment_status":"closed","ping_status":"closed","template":"","meta":{"nf_dc_page":"","cybocfi_hide_featured_image":"","footnotes":""},"class_list":["post-2223","page","type-page","status-publish","has-post-thumbnail","hentry"],"aioseo_notices":[],"jetpack_sharing_enabled":true,"_links":{"self":[{"href":"https:\/\/balticfootballnews.com\/fr\/wp-json\/wp\/v2\/pages\/2223","targetHints":{"allow":["GET"]}}],"collection":[{"href":"https:\/\/balticfootballnews.com\/fr\/wp-json\/wp\/v2\/pages"}],"about":[{"href":"https:\/\/balticfootballnews.com\/fr\/wp-json\/wp\/v2\/types\/page"}],"author":[{"embeddable":true,"href":"https:\/\/balticfootballnews.com\/fr\/wp-json\/wp\/v2\/users\/2"}],"replies":[{"embeddable":true,"href":"https:\/\/balticfootballnews.com\/fr\/wp-json\/wp\/v2\/comments?post=2223"}],"version-history":[{"count":4,"href":"https:\/\/balticfootballnews.com\/fr\/wp-json\/wp\/v2\/pages\/2223\/revisions"}],"predecessor-version":[{"id":2265,"href":"https:\/\/balticfootballnews.com\/fr\/wp-json\/wp\/v2\/pages\/2223\/revisions\/2265"}],"wp:featuredmedia":[{"embeddable":true,"href":"https:\/\/balticfootballnews.com\/fr\/wp-json\/wp\/v2\/media\/2225"}],"wp:attachment":[{"href":"https:\/\/balticfootballnews.com\/fr\/wp-json\/wp\/v2\/media?parent=2223"}],"curies":[{"name":"wp","href":"https:\/\/api.w.org\/{rel}","templated":true}]}}