{"id":2008,"date":"2026-02-15T16:21:30","date_gmt":"2026-02-15T14:21:30","guid":{"rendered":"https:\/\/balticfootballnews.com\/fr\/?page_id=2008"},"modified":"2026-02-15T16:30:28","modified_gmt":"2026-02-15T14:30:28","slug":"parnu-jk-vaprus","status":"publish","type":"page","link":"https:\/\/balticfootballnews.com\/fr\/parnu-jk-vaprus\/","title":{"rendered":"P\u00e4rnu JK Vaprus"},"content":{"rendered":"\t\t<div data-elementor-type=\"wp-page\" data-elementor-id=\"2008\" class=\"elementor elementor-2008\">\n\t\t\t\t<div class=\"elementor-element elementor-element-d6b0439 e-flex e-con-boxed wpr-particle-no wpr-jarallax-no wpr-parallax-no wpr-sticky-section-no e-con e-parent\" data-id=\"d6b0439\" data-element_type=\"container\" data-e-type=\"container\">\n\t\t\t\t\t<div class=\"e-con-inner\">\n\t\t<div class=\"elementor-element elementor-element-5d3608b e-con-full e-flex wpr-particle-no wpr-jarallax-no wpr-parallax-no wpr-sticky-section-no e-con e-child\" data-id=\"5d3608b\" data-element_type=\"container\" data-e-type=\"container\">\n\t\t<div class=\"elementor-element elementor-element-16e56c2 e-con-full e-flex wpr-particle-no wpr-jarallax-no wpr-parallax-no wpr-sticky-section-no e-con e-child\" data-id=\"16e56c2\" data-element_type=\"container\" data-e-type=\"container\">\n\t\t\t\t<div class=\"elementor-element elementor-element-ffa6679 elementor-widget elementor-widget-heading\" data-id=\"ffa6679\" data-element_type=\"widget\" data-e-type=\"widget\" data-widget_type=\"heading.default\">\n\t\t\t\t\t<h2 class=\"elementor-heading-title elementor-size-default\">P\u00e4rnu JK Vaprus<\/h2>\t\t\t\t<\/div>\n\t\t\t\t<\/div>\n\t\t<div class=\"elementor-element elementor-element-9c795e9 e-flex e-con-boxed wpr-particle-no wpr-jarallax-no wpr-parallax-no wpr-sticky-section-no e-con e-child\" data-id=\"9c795e9\" data-element_type=\"container\" data-e-type=\"container\">\n\t\t\t\t\t<div class=\"e-con-inner\">\n\t\t<div class=\"elementor-element elementor-element-4bdce59 e-flex e-con-boxed wpr-particle-no wpr-jarallax-no wpr-parallax-no wpr-sticky-section-no e-con e-child\" data-id=\"4bdce59\" data-element_type=\"container\" data-e-type=\"container\">\n\t\t\t\t\t<div class=\"e-con-inner\">\n\t\t<div class=\"elementor-element elementor-element-4fcac83 e-con-full e-grid wpr-particle-no wpr-jarallax-no wpr-parallax-no wpr-sticky-section-no e-con e-child\" data-id=\"4fcac83\" data-element_type=\"container\" data-e-type=\"container\">\n\t\t\t\t<div class=\"elementor-element elementor-element-9ea0384 elementor-widget elementor-widget-text-editor\" data-id=\"9ea0384\" data-element_type=\"widget\" data-e-type=\"widget\" data-widget_type=\"text-editor.default\">\n\t\t\t\t\t\t\t\t\t<p><strong>Ann\u00e9e de fondation<\/strong> : 1922<br \/><strong>R\u00e9sidence<\/strong> : P\u00e4rnu, Estonie<br \/><strong>Stade<\/strong> : P\u00e4rnu Rannastaadion<br \/><strong>Capacit\u00e9<\/strong> : 1 501 places<br \/><strong>Fan-club<\/strong> : Vaprad Karud<\/p><p><strong>Palmar\u00e8s<\/strong> :<br \/>Esiliiga (2e niveau : 2005, 2020)<\/p>\t\t\t\t\t\t\t\t<\/div>\n\t\t\t\t<div class=\"elementor-element elementor-element-e7c4ed5 elementor-widget elementor-widget-image\" data-id=\"e7c4ed5\" data-element_type=\"widget\" data-e-type=\"widget\" data-widget_type=\"image.default\">\n\t\t\t\t\t\t\t\t\t\t\t\t\t\t\t<img loading=\"lazy\" decoding=\"async\" loading=\"lazy\" width=\"300\" height=\"300\" src=\"https:\/\/i0.wp.com\/balticfootballnews.com\/fr\/wp-content\/uploads\/sites\/4\/2026\/01\/vaprus512.png?fit=300%2C300&amp;ssl=1\" class=\"elementor-animation-grow attachment-medium size-medium wp-image-200\" alt=\"\" srcset=\"https:\/\/i0.wp.com\/balticfootballnews.com\/fr\/wp-content\/uploads\/sites\/4\/2026\/01\/vaprus512.png?w=512&amp;ssl=1 512w, https:\/\/i0.wp.com\/balticfootballnews.com\/fr\/wp-content\/uploads\/sites\/4\/2026\/01\/vaprus512.png?resize=300%2C300&amp;ssl=1 300w, https:\/\/i0.wp.com\/balticfootballnews.com\/fr\/wp-content\/uploads\/sites\/4\/2026\/01\/vaprus512.png?resize=150%2C150&amp;ssl=1 150w, https:\/\/i0.wp.com\/balticfootballnews.com\/fr\/wp-content\/uploads\/sites\/4\/2026\/01\/vaprus512.png?resize=60%2C60&amp;ssl=1 60w, https:\/\/i0.wp.com\/balticfootballnews.com\/fr\/wp-content\/uploads\/sites\/4\/2026\/01\/vaprus512.png?resize=480%2C480&amp;ssl=1 480w\" sizes=\"auto, (max-width: 300px) 100vw, 300px\" \/>\t\t\t\t\t\t\t\t\t\t\t\t\t\t\t<\/div>\n\t\t\t\t<\/div>\n\t\t\t\t<div class=\"elementor-element elementor-element-e7cb564 elementor-shape-circle elementor-grid-0 e-grid-align-center elementor-widget elementor-widget-social-icons\" data-id=\"e7cb564\" data-element_type=\"widget\" data-e-type=\"widget\" data-widget_type=\"social-icons.default\">\n\t\t\t\t\t\t\t<div class=\"elementor-social-icons-wrapper elementor-grid\" role=\"list\">\n\t\t\t\t\t\t\t<span class=\"elementor-grid-item\" role=\"listitem\">\n\t\t\t\t\t<a class=\"elementor-icon elementor-social-icon elementor-social-icon-home elementor-repeater-item-4f742bb\" href=\"https:\/\/vaprus.ee\/\" target=\"_blank\">\n\t\t\t\t\t\t<span class=\"elementor-screen-only\">Home<\/span>\n\t\t\t\t\t\t<svg aria-hidden=\"true\" class=\"e-font-icon-svg e-fas-home\" viewBox=\"0 0 576 512\" xmlns=\"http:\/\/www.w3.org\/2000\/svg\"><path d=\"M280.37 148.26L96 300.11V464a16 16 0 0 0 16 16l112.06-.29a16 16 0 0 0 15.92-16V368a16 16 0 0 1 16-16h64a16 16 0 0 1 16 16v95.64a16 16 0 0 0 16 16.05L464 480a16 16 0 0 0 16-16V300L295.67 148.26a12.19 12.19 0 0 0-15.3 0zM571.6 251.47L488 182.56V44.05a12 12 0 0 0-12-12h-56a12 12 0 0 0-12 12v72.61L318.47 43a48 48 0 0 0-61 0L4.34 251.47a12 12 0 0 0-1.6 16.9l25.5 31A12 12 0 0 0 45.15 301l235.22-193.74a12.19 12.19 0 0 1 15.3 0L530.9 301a12 12 0 0 0 16.9-1.6l25.5-31a12 12 0 0 0-1.7-16.93z\"><\/path><\/svg>\t\t\t\t\t<\/a>\n\t\t\t\t<\/span>\n\t\t\t\t\t\t\t<span class=\"elementor-grid-item\" role=\"listitem\">\n\t\t\t\t\t<a class=\"elementor-icon elementor-social-icon elementor-social-icon-facebook elementor-repeater-item-ef1668a\" href=\"https:\/\/www.facebook.com\/ParnuJalgpalliklubiVaprus\" target=\"_blank\">\n\t\t\t\t\t\t<span class=\"elementor-screen-only\">Facebook<\/span>\n\t\t\t\t\t\t<svg aria-hidden=\"true\" class=\"e-font-icon-svg e-fab-facebook\" viewBox=\"0 0 512 512\" xmlns=\"http:\/\/www.w3.org\/2000\/svg\"><path d=\"M504 256C504 119 393 8 256 8S8 119 8 256c0 123.78 90.69 226.38 209.25 245V327.69h-63V256h63v-54.64c0-62.15 37-96.48 93.67-96.48 27.14 0 55.52 4.84 55.52 4.84v61h-31.28c-30.8 0-40.41 19.12-40.41 38.73V256h68.78l-11 71.69h-57.78V501C413.31 482.38 504 379.78 504 256z\"><\/path><\/svg>\t\t\t\t\t<\/a>\n\t\t\t\t<\/span>\n\t\t\t\t\t\t\t<span class=\"elementor-grid-item\" role=\"listitem\">\n\t\t\t\t\t<a class=\"elementor-icon elementor-social-icon elementor-social-icon-instagram elementor-repeater-item-4eec7c9\" href=\"https:\/\/www.instagram.com\/jkparnuvaprus\/\" target=\"_blank\">\n\t\t\t\t\t\t<span class=\"elementor-screen-only\">Instagram<\/span>\n\t\t\t\t\t\t<svg aria-hidden=\"true\" class=\"e-font-icon-svg e-fab-instagram\" viewBox=\"0 0 448 512\" xmlns=\"http:\/\/www.w3.org\/2000\/svg\"><path d=\"M224.1 141c-63.6 0-114.9 51.3-114.9 114.9s51.3 114.9 114.9 114.9S339 319.5 339 255.9 287.7 141 224.1 141zm0 189.6c-41.1 0-74.7-33.5-74.7-74.7s33.5-74.7 74.7-74.7 74.7 33.5 74.7 74.7-33.6 74.7-74.7 74.7zm146.4-194.3c0 14.9-12 26.8-26.8 26.8-14.9 0-26.8-12-26.8-26.8s12-26.8 26.8-26.8 26.8 12 26.8 26.8zm76.1 27.2c-1.7-35.9-9.9-67.7-36.2-93.9-26.2-26.2-58-34.4-93.9-36.2-37-2.1-147.9-2.1-184.9 0-35.8 1.7-67.6 9.9-93.9 36.1s-34.4 58-36.2 93.9c-2.1 37-2.1 147.9 0 184.9 1.7 35.9 9.9 67.7 36.2 93.9s58 34.4 93.9 36.2c37 2.1 147.9 2.1 184.9 0 35.9-1.7 67.7-9.9 93.9-36.2 26.2-26.2 34.4-58 36.2-93.9 2.1-37 2.1-147.8 0-184.8zM398.8 388c-7.8 19.6-22.9 34.7-42.6 42.6-29.5 11.7-99.5 9-132.1 9s-102.7 2.6-132.1-9c-19.6-7.8-34.7-22.9-42.6-42.6-11.7-29.5-9-99.5-9-132.1s-2.6-102.7 9-132.1c7.8-19.6 22.9-34.7 42.6-42.6 29.5-11.7 99.5-9 132.1-9s102.7-2.6 132.1 9c19.6 7.8 34.7 22.9 42.6 42.6 11.7 29.5 9 99.5 9 132.1s2.7 102.7-9 132.1z\"><\/path><\/svg>\t\t\t\t\t<\/a>\n\t\t\t\t<\/span>\n\t\t\t\t\t\t\t<span class=\"elementor-grid-item\" role=\"listitem\">\n\t\t\t\t\t<a class=\"elementor-icon elementor-social-icon elementor-social-icon-youtube elementor-repeater-item-b789578\" href=\"https:\/\/www.youtube.com\/channel\/UCjGFGHQbkYMa6mhnLE-Wxmw?fbclid=IwAR3pDfHVImxaDPQKK6wxBZCmo3jF6CR_FP1nHJivgg0MShHqzic2Xom7Qwo\" target=\"_blank\">\n\t\t\t\t\t\t<span class=\"elementor-screen-only\">Youtube<\/span>\n\t\t\t\t\t\t<svg aria-hidden=\"true\" class=\"e-font-icon-svg e-fab-youtube\" viewBox=\"0 0 576 512\" xmlns=\"http:\/\/www.w3.org\/2000\/svg\"><path d=\"M549.655 124.083c-6.281-23.65-24.787-42.276-48.284-48.597C458.781 64 288 64 288 64S117.22 64 74.629 75.486c-23.497 6.322-42.003 24.947-48.284 48.597-11.412 42.867-11.412 132.305-11.412 132.305s0 89.438 11.412 132.305c6.281 23.65 24.787 41.5 48.284 47.821C117.22 448 288 448 288 448s170.78 0 213.371-11.486c23.497-6.321 42.003-24.171 48.284-47.821 11.412-42.867 11.412-132.305 11.412-132.305s0-89.438-11.412-132.305zm-317.51 213.508V175.185l142.739 81.205-142.739 81.201z\"><\/path><\/svg>\t\t\t\t\t<\/a>\n\t\t\t\t<\/span>\n\t\t\t\t\t<\/div>\n\t\t\t\t\t\t<\/div>\n\t\t<div class=\"elementor-element elementor-element-8d63972 e-con-full e-flex wpr-particle-no wpr-jarallax-no wpr-parallax-no wpr-sticky-section-no e-con e-child\" data-id=\"8d63972\" data-element_type=\"container\" data-e-type=\"container\">\n\t\t\t\t<div class=\"elementor-element elementor-element-75ea449 elementor-widget elementor-widget-heading\" data-id=\"75ea449\" data-element_type=\"widget\" data-e-type=\"widget\" data-widget_type=\"heading.default\">\n\t\t\t\t\t<h4 class=\"elementor-heading-title elementor-size-default\">\u00c0 propos du club\n<\/h4>\t\t\t\t<\/div>\n\t\t\t\t<div class=\"elementor-element elementor-element-83e0d14 elementor-widget elementor-widget-text-editor\" data-id=\"83e0d14\" data-element_type=\"widget\" data-e-type=\"widget\" data-widget_type=\"text-editor.default\">\n\t\t\t\t\t\t\t\t\t<p>Le P\u00e4rnu JK Vaprus est un club professionnel estonien bas\u00e9 \u00e0 P\u00e4rnu, la \u00ab capitale d\u2019\u00e9t\u00e9 \u00bb de l\u2019Estonie. Vaprus na\u00eet en mai 1922 sous le nom de Sporting Society Vaprus, et participe aux championnats locaux de P\u00e4rnu, qu\u2019il remporte en 1927 et en 1934. En 1937, Vaprus fusionne avec plusieurs autres clubs sportifs de la ville pour former P\u00e4rnu Kalev. Apr\u00e8s la Seconde Guerre mondiale, puis durant l\u2019occupation sovi\u00e9tique, le club cesse d\u2019exister.<\/p><p>Le club est relanc\u00e9 en 1999, lorsque Aleksandr Padu &#8211; attaquant de Vaprus \u00e0 l\u2019\u00e9poque de la premi\u00e8re R\u00e9publique d\u2019Estonie (1932-1936) &#8211; et Reigo T\u00f5nsberg se rencontrent au Kalevi Stadium de P\u00e4rnu et imaginent faire rena\u00eetre le club sportif Vaprus. Avec le soutien financier de l\u2019homme d\u2019affaires Ivo Tah, les statuts du JK Vaprus r\u00e9incarn\u00e9 sont approuv\u00e9s et le club est officiellement enregistr\u00e9 l\u2019ann\u00e9e suivante.<\/p><p>En 2003, plusieurs clubs locaux fusionnent avec Vaprus, dont l\u2019ancien club de premi\u00e8re division P\u00e4rnu Levadia, donnant naissance \u00e0 la structure que l\u2019on conna\u00eet aujourd\u2019hui.<\/p><p>Vaprus remporte l\u2019Esiliiga en 2005 et obtient, pour la premi\u00e8re fois, la promotion en premi\u00e8re division estonienne. Mais l\u2019aventure est br\u00e8ve : apr\u00e8s trois saisons en Premium Liiga, le club est rel\u00e9gu\u00e9 en Esiliiga.<\/p><p>En 2010, Vaprus fusionne avec P\u00e4rnu JK et P\u00e4rnu Kalev pour former une nouvelle \u00e9quipe, P\u00e4rnu Linnameeskond. L\u2019ancien Vaprus poursuit alors son activit\u00e9 dans le football de jeunes jusqu\u2019en 2014, ann\u00e9e o\u00f9 il r\u00e9int\u00e8gre la pyramide estonienne avec une \u00e9quipe senior. P\u00e4rnu Linnameeskond atteint l\u2019\u00e9lite en 2015, mais cesse son activit\u00e9 \u00e0 l\u2019issue de la saison 2016, et le P\u00e4rnu JK Vaprus h\u00e9rite de sa place en championnat pour la saison 2017.<\/p><p>Vaprus retrouve la premi\u00e8re division dans un stade fra\u00eechement r\u00e9nov\u00e9. M\u00eame s\u2019il termine dernier lors de ses deux campagnes suivantes, le club \u00e9vite la rel\u00e9gation gr\u00e2ce aux difficult\u00e9s financi\u00e8res d\u2019autres \u00e9quipes. Apr\u00e8s ces deux derni\u00e8res places cons\u00e9cutives, des changements radicaux sont engag\u00e9s. L\u2019ancien international estonien et joueur local Igor Prins est nomm\u00e9 entra\u00eeneur principal et conduit le P\u00e4rnu JK Vaprus \u00e0 son meilleur classement historique en Premium Liiga : une 6e place en 2023, puis \u00e0 nouveau en 2025.<\/p><p>En plus d\u2019\u00e9galer ce meilleur r\u00e9sultat en 2025, Vaprus atteint un autre jalon : la vente de son jeune issu de l\u2019acad\u00e9mie et meilleur jeune joueur de Premium Liiga 2025, Marten-Chris Paalberg, au club fran\u00e7ais de deuxi\u00e8me division AS Saint-\u00c9tienne, pour pr\u00e8s d\u2019un million d\u2019euros.<\/p>\t\t\t\t\t\t\t\t<\/div>\n\t\t\t\t<\/div>\n\t\t\t\t\t<\/div>\n\t\t\t\t<\/div>\n\t\t\t\t\t<\/div>\n\t\t\t\t<\/div>\n\t\t\t\t<\/div>\n\t\t\t\t\t<\/div>\n\t\t\t\t<\/div>\n\t\t<div class=\"elementor-element elementor-element-aa7249d e-flex e-con-boxed wpr-particle-no wpr-jarallax-no wpr-parallax-no wpr-sticky-section-no e-con e-parent\" data-id=\"aa7249d\" data-element_type=\"container\" data-e-type=\"container\">\n\t\t\t\t\t<div class=\"e-con-inner\">\n\t\t\t\t<div class=\"elementor-element elementor-element-01a1e45 elementor-widget elementor-widget-google_maps\" data-id=\"01a1e45\" data-element_type=\"widget\" data-e-type=\"widget\" data-widget_type=\"google_maps.default\">\n\t\t\t\t\t\t\t<div class=\"elementor-custom-embed\">\n\t\t\t<iframe loading=\"lazy\"\n\t\t\t\t\tsrc=\"https:\/\/maps.google.com\/maps?q=P%C3%A4rnu%20Rannastaadion&#038;t=m&#038;z=13&#038;output=embed&#038;iwloc=near\"\n\t\t\t\t\ttitle=\"P\u00e4rnu Rannastaadion\"\n\t\t\t\t\taria-label=\"P\u00e4rnu Rannastaadion\"\n\t\t\t><\/iframe>\n\t\t<\/div>\n\t\t\t\t\t\t<\/div>\n\t\t\t\t\t<\/div>\n\t\t\t\t<\/div>\n\t\t\t\t<\/div>\n\t\t","protected":false},"excerpt":{"rendered":"<p>P\u00e4rnu JK Vaprus Ann\u00e9e de fondation : 1922R\u00e9sidence : P\u00e4rnu, EstonieStade : P\u00e4rnu RannastaadionCapacit\u00e9 : 1 501 placesFan-club : Vaprad Karud Palmar\u00e8s :Esiliiga (2e niveau : 2005, 2020) Home Facebook Instagram Youtube \u00c0 propos du club Le P\u00e4rnu JK Vaprus est un club professionnel estonien bas\u00e9 \u00e0 P\u00e4rnu, la \u00ab capitale d\u2019\u00e9t\u00e9 \u00bb de l\u2019Estonie. Vaprus na\u00eet en mai 1922 sous le nom de Sporting Society Vaprus, et participe aux championnats locaux de P\u00e4rnu, qu\u2019il remporte en 1927 et en 1934. En 1937, Vaprus fusionne avec plusieurs autres clubs sportifs de la ville pour former P\u00e4rnu Kalev. Apr\u00e8s la Seconde<\/p>\n","protected":false},"author":2,"featured_media":2010,"parent":0,"menu_order":0,"comment_status":"closed","ping_status":"closed","template":"","meta":{"nf_dc_page":"","cybocfi_hide_featured_image":"","footnotes":""},"class_list":["post-2008","page","type-page","status-publish","has-post-thumbnail","hentry"],"aioseo_notices":[],"jetpack_sharing_enabled":true,"_links":{"self":[{"href":"https:\/\/balticfootballnews.com\/fr\/wp-json\/wp\/v2\/pages\/2008","targetHints":{"allow":["GET"]}}],"collection":[{"href":"https:\/\/balticfootballnews.com\/fr\/wp-json\/wp\/v2\/pages"}],"about":[{"href":"https:\/\/balticfootballnews.com\/fr\/wp-json\/wp\/v2\/types\/page"}],"author":[{"embeddable":true,"href":"https:\/\/balticfootballnews.com\/fr\/wp-json\/wp\/v2\/users\/2"}],"replies":[{"embeddable":true,"href":"https:\/\/balticfootballnews.com\/fr\/wp-json\/wp\/v2\/comments?post=2008"}],"version-history":[{"count":4,"href":"https:\/\/balticfootballnews.com\/fr\/wp-json\/wp\/v2\/pages\/2008\/revisions"}],"predecessor-version":[{"id":2050,"href":"https:\/\/balticfootballnews.com\/fr\/wp-json\/wp\/v2\/pages\/2008\/revisions\/2050"}],"wp:featuredmedia":[{"embeddable":true,"href":"https:\/\/balticfootballnews.com\/fr\/wp-json\/wp\/v2\/media\/2010"}],"wp:attachment":[{"href":"https:\/\/balticfootballnews.com\/fr\/wp-json\/wp\/v2\/media?parent=2008"}],"curies":[{"name":"wp","href":"https:\/\/api.w.org\/{rel}","templated":true}]}}