{"id":18,"date":"2025-10-06T20:05:18","date_gmt":"2025-10-06T19:05:18","guid":{"rendered":"http:\/\/dkravcenko"},"modified":"2026-02-20T20:57:18","modified_gmt":"2026-02-20T18:57:18","slug":"commercial-opportunities","status":"publish","type":"page","link":"https:\/\/balticfootballnews.com\/fr\/commercial-opportunities\/","title":{"rendered":"Opportunit\u00e9s commerciales"},"content":{"rendered":"\n<h1 class=\"wp-block-heading has-text-align-center\">Opportunit\u00e9s commerciales<\/h1>\n\n\n\n<h3 class=\"wp-block-heading\">B2C : Commercial et publicit\u00e9<\/h3>\n\n\n\n<p class=\"\">Nous proposons un \u00e9ventail de strat\u00e9gies con\u00e7ues pour placer votre marque au premier plan aupr\u00e8s des publics sportifs pan-baltes. Nous offrons des espaces publicitaires (display) et des emplacements de banni\u00e8res \u00e0 plusieurs endroits du site et\/ou via nos autres canaux d\u2019information et nos \u00e9missions multim\u00e9dias. Gr\u00e2ce \u00e0 des partenariats de marque strat\u00e9giques et \u00e0 des publireportages, nous veillons \u00e0 ce que votre histoire soit racont\u00e9e avec authenticit\u00e9 et impact. De notre site web \u00e0 nos r\u00e9seaux sociaux, en passant par notre cha\u00eene YouTube et la mise en avant de votre marque dans notre podcast, nous concevons des campagnes sur mesure qui r\u00e9sonnent sur l\u2019ensemble des plateformes.<\/p>\n\n\n\n<p class=\"\">Pour les campagnes sur les r\u00e9seaux sociaux, le streaming et la vid\u00e9o, notre approche repose sur l\u2019int\u00e9gration et l\u2019innovation. Nous cr\u00e9ons des placements de marque fluides et des promotions multi-plateformes afin que votre message soit entendu clairement et efficacement. Nos strat\u00e9gies de contenu sponsoris\u00e9 sont pens\u00e9es pour engager et convertir, en construisant des relations durables avec votre audience.<\/p>\n\n\n\n<p class=\"\">Notre expertise s\u2019\u00e9tend \u00e9galement au marketing d\u2019affiliation et aux ventes, avec des placements de liens e-commerce con\u00e7us pour g\u00e9n\u00e9rer des ventes directes. Nous nous concentrons sur des th\u00e9matiques sp\u00e9cialis\u00e9es align\u00e9es sur la vision de votre marque, afin que chaque clic compte.<\/p>\n\n\n\n<p class=\"\">Nous proposons en outre des services d\u2019intelligence sur mesure pour les clients souhaitant comprendre les march\u00e9s locaux ou acqu\u00e9rir un avantage op\u00e9rationnel ou strat\u00e9gique gr\u00e2ce \u00e0 des analyses acad\u00e9miques actionnables et\/ou \u00e0 des recherches fond\u00e9es sur des preuves. Nous disposons d\u2019une expertise interne dans les domaines de la gestion de l\u2019innovation et des connaissances et technologies, de l\u2019intra- et de l\u2019entrepreneuriat, de l\u2019efficacit\u00e9 et du design organisationnels, du management strat\u00e9gique et concurrentiel, et de la valeur de marque ; ainsi que de r\u00e9seaux qui s\u2019\u00e9tendent bien au-del\u00e0.<\/p>\n\n\n\n<h3 class=\"wp-block-heading\">B2B : Commercial et publicit\u00e9<\/h3>\n\n\n\n<p class=\"\">C\u00f4t\u00e9 B2B, nous proposons une gamme de services destin\u00e9s aux clubs et aux joueurs, con\u00e7us pour pr\u00e9parer le succ\u00e8s. Nous offrons des options pour renforcer votre d\u00e9veloppement commercial, votre marketing, vos activit\u00e9s de licensing et vos capacit\u00e9s juridiques afin d\u2019acqu\u00e9rir des sponsors de mani\u00e8re proactive et de d\u00e9velopper des strat\u00e9gies commerciales solides. Nous r\u00e9alisons des rapports approfondis de scouting pour les joueurs et les clubs, en nous appuyant sur l\u2019exp\u00e9rience de nos scouts internes et sur nos r\u00e9seaux de scouts, afin de fournir des analyses de donn\u00e9es compl\u00e8tes et des recommandations actionnables.<\/p>\n\n\n\n<p class=\"\">Enfin, nos services d\u2019agent s\u2019adressent aux joueurs, aux clubs et aux marques sportives, en proposant une offre compl\u00e8te de marketing, de cr\u00e9ation de contenu et de relations publiques. Appuy\u00e9s par une \u00e9quipe professionnelle issue d\u2019une agence, nous veillons \u00e0 ce que votre pr\u00e9sence dans le monde du sport soit forte et convaincante.<\/p>\n\n\n\n<p class=\"\">Pour plus d\u2019informations et toute demande, veuillez nous contacter.<\/p>\n\n\n\n<p class=\"\"><\/p>\n","protected":false},"excerpt":{"rendered":"<p>Opportunit\u00e9s commerciales B2C : Commercial et publicit\u00e9 Nous proposons un \u00e9ventail de strat\u00e9gies con\u00e7ues pour placer votre marque au premier plan aupr\u00e8s des publics sportifs pan-baltes. Nous offrons des espaces publicitaires (display) et des emplacements de banni\u00e8res \u00e0 plusieurs endroits du site et\/ou via nos autres canaux d\u2019information et nos \u00e9missions multim\u00e9dias. Gr\u00e2ce \u00e0 des partenariats de marque strat\u00e9giques et \u00e0 des publireportages, nous veillons \u00e0 ce que votre histoire soit racont\u00e9e avec authenticit\u00e9 et impact. De notre site web \u00e0 nos r\u00e9seaux sociaux, en passant par notre cha\u00eene YouTube et la mise en avant de votre marque dans notre<\/p>\n","protected":false},"author":2,"featured_media":0,"parent":0,"menu_order":0,"comment_status":"closed","ping_status":"closed","template":"","meta":{"nf_dc_page":"","cybocfi_hide_featured_image":"","footnotes":""},"class_list":["post-18","page","type-page","status-publish","hentry"],"aioseo_notices":[],"jetpack_sharing_enabled":true,"_links":{"self":[{"href":"https:\/\/balticfootballnews.com\/fr\/wp-json\/wp\/v2\/pages\/18","targetHints":{"allow":["GET"]}}],"collection":[{"href":"https:\/\/balticfootballnews.com\/fr\/wp-json\/wp\/v2\/pages"}],"about":[{"href":"https:\/\/balticfootballnews.com\/fr\/wp-json\/wp\/v2\/types\/page"}],"author":[{"embeddable":true,"href":"https:\/\/balticfootballnews.com\/fr\/wp-json\/wp\/v2\/users\/2"}],"replies":[{"embeddable":true,"href":"https:\/\/balticfootballnews.com\/fr\/wp-json\/wp\/v2\/comments?post=18"}],"version-history":[{"count":1,"href":"https:\/\/balticfootballnews.com\/fr\/wp-json\/wp\/v2\/pages\/18\/revisions"}],"predecessor-version":[{"id":265,"href":"https:\/\/balticfootballnews.com\/fr\/wp-json\/wp\/v2\/pages\/18\/revisions\/265"}],"wp:attachment":[{"href":"https:\/\/balticfootballnews.com\/fr\/wp-json\/wp\/v2\/media?parent=18"}],"curies":[{"name":"wp","href":"https:\/\/api.w.org\/{rel}","templated":true}]}}