{"id":1747,"date":"2026-02-15T15:31:28","date_gmt":"2026-02-15T13:31:28","guid":{"rendered":"https:\/\/balticfootballnews.com\/fr\/?page_id=1747"},"modified":"2026-02-15T15:35:11","modified_gmt":"2026-02-15T13:35:11","slug":"bfc-daugavpils","status":"publish","type":"page","link":"https:\/\/balticfootballnews.com\/fr\/bfc-daugavpils\/","title":{"rendered":"BFC Daugavpils"},"content":{"rendered":"\t\t<div data-elementor-type=\"wp-page\" data-elementor-id=\"1747\" class=\"elementor elementor-1747\">\n\t\t\t\t<div class=\"elementor-element elementor-element-856f0e6 e-flex e-con-boxed wpr-particle-no wpr-jarallax-no wpr-parallax-no wpr-sticky-section-no e-con e-parent\" data-id=\"856f0e6\" data-element_type=\"container\" data-e-type=\"container\">\n\t\t\t\t\t<div class=\"e-con-inner\">\n\t\t<div class=\"elementor-element elementor-element-6bf5828 e-con-full e-flex wpr-particle-no wpr-jarallax-no wpr-parallax-no wpr-sticky-section-no e-con e-child\" data-id=\"6bf5828\" data-element_type=\"container\" data-e-type=\"container\">\n\t\t\t\t<div class=\"elementor-element elementor-element-2d7599b elementor-widget elementor-widget-heading\" data-id=\"2d7599b\" data-element_type=\"widget\" data-e-type=\"widget\" data-widget_type=\"heading.default\">\n\t\t\t\t\t<h2 class=\"elementor-heading-title elementor-size-default\">BFC Daugavpils<\/h2>\t\t\t\t<\/div>\n\t\t\t\t<\/div>\n\t\t<div class=\"elementor-element elementor-element-3755b31 e-flex e-con-boxed wpr-particle-no wpr-jarallax-no wpr-parallax-no wpr-sticky-section-no e-con e-child\" data-id=\"3755b31\" data-element_type=\"container\" data-e-type=\"container\">\n\t\t\t\t\t<div class=\"e-con-inner\">\n\t\t<div class=\"elementor-element elementor-element-44ea8e8 e-flex e-con-boxed wpr-particle-no wpr-jarallax-no wpr-parallax-no wpr-sticky-section-no e-con e-child\" data-id=\"44ea8e8\" data-element_type=\"container\" data-e-type=\"container\">\n\t\t\t\t\t<div class=\"e-con-inner\">\n\t\t<div class=\"elementor-element elementor-element-c758917 e-con-full e-grid wpr-particle-no wpr-jarallax-no wpr-parallax-no wpr-sticky-section-no e-con e-child\" data-id=\"c758917\" data-element_type=\"container\" data-e-type=\"container\">\n\t\t\t\t<div class=\"elementor-element elementor-element-5466639 elementor-widget elementor-widget-text-editor\" data-id=\"5466639\" data-element_type=\"widget\" data-e-type=\"widget\" data-widget_type=\"text-editor.default\">\n\t\t\t\t\t\t\t\t\t<p><strong>Ann\u00e9e de fondation<\/strong> : 2009<br \/><strong>R\u00e9sidence<\/strong> : Daugavpils, Lettonie<br \/><strong>Stade<\/strong> : Stadions Esplan\u0101de<br \/><strong>Capacit\u00e9<\/strong> : 610 places<br \/><strong>Fan-club<\/strong> : Daugavpils Ultras<\/p><p><strong>Palmar\u00e8s<\/strong> :<br \/>N\u0101kotnes l\u012bga (2e niveau : 2013, 2018)<\/p>\t\t\t\t\t\t\t\t<\/div>\n\t\t\t\t<div class=\"elementor-element elementor-element-282fe13 elementor-widget elementor-widget-image\" data-id=\"282fe13\" data-element_type=\"widget\" data-e-type=\"widget\" data-widget_type=\"image.default\">\n\t\t\t\t\t\t\t\t\t\t\t\t\t\t\t<img loading=\"lazy\" decoding=\"async\" loading=\"lazy\" width=\"300\" height=\"300\" src=\"https:\/\/i0.wp.com\/balticfootballnews.com\/fr\/wp-content\/uploads\/sites\/4\/2026\/01\/Daugavpils-1.png?fit=300%2C300&amp;ssl=1\" class=\"elementor-animation-grow attachment-medium size-medium wp-image-184\" alt=\"\" srcset=\"https:\/\/i0.wp.com\/balticfootballnews.com\/fr\/wp-content\/uploads\/sites\/4\/2026\/01\/Daugavpils-1.png?w=1080&amp;ssl=1 1080w, https:\/\/i0.wp.com\/balticfootballnews.com\/fr\/wp-content\/uploads\/sites\/4\/2026\/01\/Daugavpils-1.png?resize=300%2C300&amp;ssl=1 300w, https:\/\/i0.wp.com\/balticfootballnews.com\/fr\/wp-content\/uploads\/sites\/4\/2026\/01\/Daugavpils-1.png?resize=1024%2C1024&amp;ssl=1 1024w, https:\/\/i0.wp.com\/balticfootballnews.com\/fr\/wp-content\/uploads\/sites\/4\/2026\/01\/Daugavpils-1.png?resize=150%2C150&amp;ssl=1 150w, https:\/\/i0.wp.com\/balticfootballnews.com\/fr\/wp-content\/uploads\/sites\/4\/2026\/01\/Daugavpils-1.png?resize=768%2C768&amp;ssl=1 768w, https:\/\/i0.wp.com\/balticfootballnews.com\/fr\/wp-content\/uploads\/sites\/4\/2026\/01\/Daugavpils-1.png?resize=60%2C60&amp;ssl=1 60w, https:\/\/i0.wp.com\/balticfootballnews.com\/fr\/wp-content\/uploads\/sites\/4\/2026\/01\/Daugavpils-1.png?resize=480%2C480&amp;ssl=1 480w\" sizes=\"auto, (max-width: 300px) 100vw, 300px\" \/>\t\t\t\t\t\t\t\t\t\t\t\t\t\t\t<\/div>\n\t\t\t\t<\/div>\n\t\t\t\t<div class=\"elementor-element elementor-element-695caf3 elementor-shape-circle elementor-grid-0 e-grid-align-center elementor-widget elementor-widget-social-icons\" data-id=\"695caf3\" data-element_type=\"widget\" data-e-type=\"widget\" data-widget_type=\"social-icons.default\">\n\t\t\t\t\t\t\t<div class=\"elementor-social-icons-wrapper elementor-grid\" role=\"list\">\n\t\t\t\t\t\t\t<span class=\"elementor-grid-item\" role=\"listitem\">\n\t\t\t\t\t<a class=\"elementor-icon elementor-social-icon elementor-social-icon-home elementor-repeater-item-4f742bb\" href=\"https:\/\/www.fcdaugavpils.lv\/lv\" target=\"_blank\">\n\t\t\t\t\t\t<span class=\"elementor-screen-only\">Home<\/span>\n\t\t\t\t\t\t<svg aria-hidden=\"true\" class=\"e-font-icon-svg e-fas-home\" viewBox=\"0 0 576 512\" xmlns=\"http:\/\/www.w3.org\/2000\/svg\"><path d=\"M280.37 148.26L96 300.11V464a16 16 0 0 0 16 16l112.06-.29a16 16 0 0 0 15.92-16V368a16 16 0 0 1 16-16h64a16 16 0 0 1 16 16v95.64a16 16 0 0 0 16 16.05L464 480a16 16 0 0 0 16-16V300L295.67 148.26a12.19 12.19 0 0 0-15.3 0zM571.6 251.47L488 182.56V44.05a12 12 0 0 0-12-12h-56a12 12 0 0 0-12 12v72.61L318.47 43a48 48 0 0 0-61 0L4.34 251.47a12 12 0 0 0-1.6 16.9l25.5 31A12 12 0 0 0 45.15 301l235.22-193.74a12.19 12.19 0 0 1 15.3 0L530.9 301a12 12 0 0 0 16.9-1.6l25.5-31a12 12 0 0 0-1.7-16.93z\"><\/path><\/svg>\t\t\t\t\t<\/a>\n\t\t\t\t<\/span>\n\t\t\t\t\t\t\t<span class=\"elementor-grid-item\" role=\"listitem\">\n\t\t\t\t\t<a class=\"elementor-icon elementor-social-icon elementor-social-icon-facebook elementor-repeater-item-ef1668a\" href=\"https:\/\/www.facebook.com\/bfcdaugavpils\/?fref=ts\" target=\"_blank\">\n\t\t\t\t\t\t<span class=\"elementor-screen-only\">Facebook<\/span>\n\t\t\t\t\t\t<svg aria-hidden=\"true\" class=\"e-font-icon-svg e-fab-facebook\" viewBox=\"0 0 512 512\" xmlns=\"http:\/\/www.w3.org\/2000\/svg\"><path d=\"M504 256C504 119 393 8 256 8S8 119 8 256c0 123.78 90.69 226.38 209.25 245V327.69h-63V256h63v-54.64c0-62.15 37-96.48 93.67-96.48 27.14 0 55.52 4.84 55.52 4.84v61h-31.28c-30.8 0-40.41 19.12-40.41 38.73V256h68.78l-11 71.69h-57.78V501C413.31 482.38 504 379.78 504 256z\"><\/path><\/svg>\t\t\t\t\t<\/a>\n\t\t\t\t<\/span>\n\t\t\t\t\t\t\t<span class=\"elementor-grid-item\" role=\"listitem\">\n\t\t\t\t\t<a class=\"elementor-icon elementor-social-icon elementor-social-icon-instagram elementor-repeater-item-4eec7c9\" href=\"https:\/\/www.instagram.com\/bfcdaugavpils\/\" target=\"_blank\">\n\t\t\t\t\t\t<span class=\"elementor-screen-only\">Instagram<\/span>\n\t\t\t\t\t\t<svg aria-hidden=\"true\" class=\"e-font-icon-svg e-fab-instagram\" viewBox=\"0 0 448 512\" xmlns=\"http:\/\/www.w3.org\/2000\/svg\"><path d=\"M224.1 141c-63.6 0-114.9 51.3-114.9 114.9s51.3 114.9 114.9 114.9S339 319.5 339 255.9 287.7 141 224.1 141zm0 189.6c-41.1 0-74.7-33.5-74.7-74.7s33.5-74.7 74.7-74.7 74.7 33.5 74.7 74.7-33.6 74.7-74.7 74.7zm146.4-194.3c0 14.9-12 26.8-26.8 26.8-14.9 0-26.8-12-26.8-26.8s12-26.8 26.8-26.8 26.8 12 26.8 26.8zm76.1 27.2c-1.7-35.9-9.9-67.7-36.2-93.9-26.2-26.2-58-34.4-93.9-36.2-37-2.1-147.9-2.1-184.9 0-35.8 1.7-67.6 9.9-93.9 36.1s-34.4 58-36.2 93.9c-2.1 37-2.1 147.9 0 184.9 1.7 35.9 9.9 67.7 36.2 93.9s58 34.4 93.9 36.2c37 2.1 147.9 2.1 184.9 0 35.9-1.7 67.7-9.9 93.9-36.2 26.2-26.2 34.4-58 36.2-93.9 2.1-37 2.1-147.8 0-184.8zM398.8 388c-7.8 19.6-22.9 34.7-42.6 42.6-29.5 11.7-99.5 9-132.1 9s-102.7 2.6-132.1-9c-19.6-7.8-34.7-22.9-42.6-42.6-11.7-29.5-9-99.5-9-132.1s-2.6-102.7 9-132.1c7.8-19.6 22.9-34.7 42.6-42.6 29.5-11.7 99.5-9 132.1-9s102.7-2.6 132.1 9c19.6 7.8 34.7 22.9 42.6 42.6 11.7 29.5 9 99.5 9 132.1s2.7 102.7-9 132.1z\"><\/path><\/svg>\t\t\t\t\t<\/a>\n\t\t\t\t<\/span>\n\t\t\t\t\t\t\t<span class=\"elementor-grid-item\" role=\"listitem\">\n\t\t\t\t\t<a class=\"elementor-icon elementor-social-icon elementor-social-icon-youtube elementor-repeater-item-b789578\" href=\"https:\/\/www.youtube.com\/channel\/UC-5Xg6LqtthEIAvSN1uSBPg\" target=\"_blank\">\n\t\t\t\t\t\t<span class=\"elementor-screen-only\">Youtube<\/span>\n\t\t\t\t\t\t<svg aria-hidden=\"true\" class=\"e-font-icon-svg e-fab-youtube\" viewBox=\"0 0 576 512\" xmlns=\"http:\/\/www.w3.org\/2000\/svg\"><path d=\"M549.655 124.083c-6.281-23.65-24.787-42.276-48.284-48.597C458.781 64 288 64 288 64S117.22 64 74.629 75.486c-23.497 6.322-42.003 24.947-48.284 48.597-11.412 42.867-11.412 132.305-11.412 132.305s0 89.438 11.412 132.305c6.281 23.65 24.787 41.5 48.284 47.821C117.22 448 288 448 288 448s170.78 0 213.371-11.486c23.497-6.321 42.003-24.171 48.284-47.821 11.412-42.867 11.412-132.305 11.412-132.305s0-89.438-11.412-132.305zm-317.51 213.508V175.185l142.739 81.205-142.739 81.201z\"><\/path><\/svg>\t\t\t\t\t<\/a>\n\t\t\t\t<\/span>\n\t\t\t\t\t<\/div>\n\t\t\t\t\t\t<\/div>\n\t\t<div class=\"elementor-element elementor-element-20f5efb e-con-full e-flex wpr-particle-no wpr-jarallax-no wpr-parallax-no wpr-sticky-section-no e-con e-child\" data-id=\"20f5efb\" data-element_type=\"container\" data-e-type=\"container\">\n\t\t\t\t<div class=\"elementor-element elementor-element-27715fd elementor-widget elementor-widget-heading\" data-id=\"27715fd\" data-element_type=\"widget\" data-e-type=\"widget\" data-widget_type=\"heading.default\">\n\t\t\t\t\t<h4 class=\"elementor-heading-title elementor-size-default\">\u00c0 propos du club<\/h4>\t\t\t\t<\/div>\n\t\t\t\t<div class=\"elementor-element elementor-element-31b59e6 elementor-widget elementor-widget-text-editor\" data-id=\"31b59e6\" data-element_type=\"widget\" data-e-type=\"widget\" data-widget_type=\"text-editor.default\">\n\t\t\t\t\t\t\t\t\t<p>M\u00eame si le BFC Daugavpils n\u2019a pas encore remport\u00e9 de troph\u00e9es majeurs, le club est surtout connu pour son travail de formation et son accent mis sur les jeunes via une acad\u00e9mie consid\u00e9r\u00e9e comme l\u2019une des meilleures de Lettonie. De nombreux talents, lettons comme \u00e9trangers, sont pass\u00e9s par son syst\u00e8me de jeunes. Parmi les noms les plus marquants figurent Cedric Kouadio (FC RFS), Chinonso Offor (Chicago Fire), Antonijs \u010cernomordijs et Eduards Da\u0161\u0137evi\u010ds (Riga FC). Cette priorit\u00e9 donn\u00e9e \u00e0 la formation est au c\u0153ur de l\u2019identit\u00e9 du club : d\u2019ailleurs, le \u00ab BFC \u00bb de \u00ab BFC Daugavpils \u00bb est un h\u00e9ritage des d\u00e9buts et signifie \u00ab B\u0113rnu futbola centrs \u00bb, soit \u00ab centre de football pour enfants \u00bb.<\/p><p>Ces derni\u00e8res saisons, le BFC Daugavpils a le plus souvent termin\u00e9 dans la zone m\u00e9diane ou basse du classement. En 2024, le club signe toutefois une 5e place, son meilleur r\u00e9sultat r\u00e9cent. L\u2019entra\u00eeneur actuel, Kirils Kurbatovs, en poste depuis plusieurs saisons, a jou\u00e9 un r\u00f4le important dans la progression de l\u2019\u00e9quipe.<\/p><p>Aujourd\u2019hui, le BFC Daugavpils est le seul club \u00e0 repr\u00e9senter la ville de Daugavpils et l\u2019ensemble de la r\u00e9gion de Latgale dans l\u2019\u00e9lite du football letton. Mais l\u2019histoire locale est bien plus ancienne. Le football \u00e0 Daugavpils remonte \u00e0 l\u2019entre-deux-guerres, faisant de la ville l\u2019un des berceaux r\u00e9gionaux du football en Lettonie. Le premier club connu \u00e0 repr\u00e9senter la deuxi\u00e8me plus grande ville du pays est le Daugavpils ASK (\u00ab ASK \u00bb signifiant \u00ab club sportif de l\u2019arm\u00e9e \u00bb, section de Daugavpils), officiellement fond\u00e9 vers 1924. Son plus grand succ\u00e8s arrive tr\u00e8s vite : en 1926 (un an avant la cr\u00e9ation de la Virsl\u012bga), l\u2019ASK d\u00e9croche le bronze dans un championnat national disput\u00e9 entre Riga et quatre champions r\u00e9gionaux. Daugavpils termine troisi\u00e8me, derri\u00e8re le redoutable Liep\u0101jas Olimpija et le l\u00e9gendaire Riga FK. Ce podium reste toutefois le sommet de la p\u00e9riode d\u2019avant-occupation, car le d\u00e9veloppement du football dans les r\u00e9gions accuse g\u00e9n\u00e9ralement un retard sur la capitale \u2014 et plus encore en Latgale.<\/p><p>Sur le plan r\u00e9gional, le Daugavpils ASK profite longtemps de son statut de pionnier et domine les premi\u00e8res ann\u00e9es du football en Latgale, m\u00eame si un environnement plus comp\u00e9titif se met en place dans les ann\u00e9es 1930. L\u2019ASK devient malgr\u00e9 tout champion r\u00e9gional \u00e0 deux reprises, en 1934 et en 1938. Avec l\u2019arriv\u00e9e de l\u2019occupation sovi\u00e9tique, puis le d\u00e9clenchement de la Seconde Guerre mondiale et la r\u00e9occupation sovi\u00e9tique, le football de Daugavpils traverse les m\u00eames cycles que le reste du pays : dissolution des clubs lettons, cr\u00e9ation d\u2019organisations sportives sovi\u00e9tiques, reconstitution de clubs lettons, comp\u00e9titions sous occupation allemande, nouvelle dissolution, puis transition vers le syst\u00e8me sovi\u00e9tique \u00ab Dynamo vs Daugava \u00bb impos\u00e9 en Lettonie (les \u00e9quipes \u00ab Dynamo \u00bb \u00e9tant li\u00e9es aux organes de s\u00e9curit\u00e9 int\u00e9rieure de l\u2019URSS \u2014 KGB, minist\u00e8re de l\u2019Int\u00e9rieur, etc. \u2014 et les \u00e9quipes \u00ab Daugava \u00bb \u00e0 l\u2019appareil local du parti communiste, \u00e0 l\u2019image des \u00ab Spartak \u00bb ailleurs dans l\u2019Union sovi\u00e9tique).<\/p><p>\u00c0 mesure que Daugavpils devient une ville d\u2019industrie lourde, d\u2019autres clubs se multiplient. Dans les ann\u00e9es 1960, le \u00ab Celtnieks \u00bb (\u00ab B\u00e2tisseur \u00bb) de Daugavpils est comp\u00e9titif dans le championnat de Lettonie occup\u00e9e, avec une 6e place en 1960 et une finale de Coupe perdue en 1961. Malgr\u00e9 ces \u00e9clairs, il faut encore attendre pour voir le football local franchir un palier. En 1975, un autre club de la ville, \u00ab \u0136\u012bmi\u0137is \u00bb (\u00ab Chimiste \u00bb), prend le bronze du championnat national ; l\u2019ann\u00e9e suivante, il remporte la coupe nationale et d\u00e9croche l\u2019argent en championnat. En 1978, le \u00ab Chimiste \u00bb devient champion national, ne conc\u00e9dant qu\u2019une seule d\u00e9faite sur toute la saison. Une autre Coupe suit en 1979 et, apr\u00e8s un changement de nom en Celtnieks (\u00ab B\u00e2tisseur \u00bb) en 1987, un dernier troph\u00e9e arrive en 1991, en finale contre un Forums\/Skonto tout juste cr\u00e9\u00e9 et encore peu connu.<\/p><p>Les ann\u00e9es 1990 sont ensuite une p\u00e9riode turbulente, au moment o\u00f9 la Lettonie retrouve puis consolide son ind\u00e9pendance et bascule vers la d\u00e9mocratie et l\u2019\u00e9conomie de march\u00e9. Le football n\u2019\u00e9chappe pas \u00e0 cette instabilit\u00e9, avec de nombreux clubs qui apparaissent et disparaissent rapidement. Finalement, un club, Dinaburgs, s\u2019impose comme le principal repr\u00e9sentant de Daugavpils au milieu et \u00e0 la fin des ann\u00e9es 1990 : il remporte son unique titre de Virsl\u012bga en 1995 et fait ses d\u00e9buts europ\u00e9ens en 2006.<\/p><p>Au d\u00e9but des ann\u00e9es 2000, un deuxi\u00e8me club de Daugavpils \u00e9merge : Ditton. Fond\u00e9 en 2001, Ditton obtient la mont\u00e9e en \u00e9lite en 2003, s\u2019y installe en 2006 apr\u00e8s une rel\u00e9gation en 2004. Apr\u00e8s cette deuxi\u00e8me promotion, le club change aussi de nom, r\u00e9cup\u00e9rant le nom, l\u2019identit\u00e9 et l\u2019histoire du FK Daugava de Riga (1944-2003). Ce nouveau FC Daugava remporte la Coupe de Lettonie en 2009. Dans le m\u00eame temps, Dinaburg est rattrap\u00e9 par un scandale de matches truqu\u00e9s, et son pr\u00e9sident et entra\u00eeneur principal, Tamaz Pertia, est banni \u00e0 vie du football par la f\u00e9d\u00e9ration lettone.<\/p><p>Entre les difficult\u00e9s financi\u00e8res de Daugava li\u00e9es \u00e0 la crise financi\u00e8re mondiale et les probl\u00e8mes multiples du voisin Dinaburg, les deux clubs de Daugavpils fusionnent pour n\u2019en former qu\u2019un, en conservant le nom FC Daugava. L\u2019interdiction \u00e0 vie visant l\u2019ancien entra\u00eeneur de Dinaburg, Tamaz Pertia, est myst\u00e9rieusement lev\u00e9e en 2010, et il prend les r\u00eanes de ce nouveau Daugava jusqu\u2019en 2011. Apr\u00e8s son d\u00e9part, le club remporte la Virsl\u012bga en 2012, puis la premi\u00e8re Supercoupe de Lettonie en 2013.<\/p><p>Mais les ennuis judiciaires ne disparaissent pas avec la fin de Dinaburg. En 2014, huit personnes li\u00e9es au club sont arr\u00eat\u00e9es dans une vaste enqu\u00eate pour fraude et, en 2015, le club se voit refuser une licence. Cela signe la fin : l\u2019entit\u00e9 cesse d\u2019exister, si ce n\u2019est de nom.<\/p><p>C\u2019est dans ce contexte que le BFC Daugavpils \u00e9merge \u00e0 partir de l\u2019\u00e9quipe junior de Daugava. En partie en r\u00e9action au caract\u00e8re criminel et toxique qu\u2019avait pris le football \u00e0 Daugavpils, l\u2019objectif affich\u00e9 du BFC Daugavpils, d\u00e8s le d\u00e9part, est de tourner la page et de repartir de z\u00e9ro, en popularisant le football aupr\u00e8s des enfants et des jeunes de la ville. Le club est dirig\u00e9 par le pr\u00e9sident Aleksandrs Isakovs et le directeur ex\u00e9cutif Nauris Mackevi\u010ds.<\/p><p>Apr\u00e8s sa 5e place en 2024, Daugavpils fait ses d\u00e9buts europ\u00e9ens l\u2019ann\u00e9e suivante, en raison de l\u2019\u00e9chec du Valmiera FC, 4e, \u00e0 obtenir une licence pour l\u2019\u00e9lite pour des raisons financi\u00e8res. Au premier tour de qualification de l\u2019UEFA Conference League, le club tombe sur les Albanais du FK Vllaznia : victoire 1-0 \u00e0 l\u2019ext\u00e9rieur, puis d\u00e9faite 4-2 \u00e0 domicile.<\/p>\t\t\t\t\t\t\t\t<\/div>\n\t\t\t\t<\/div>\n\t\t\t\t\t<\/div>\n\t\t\t\t<\/div>\n\t\t\t\t\t<\/div>\n\t\t\t\t<\/div>\n\t\t\t\t\t<\/div>\n\t\t\t\t<\/div>\n\t\t<div class=\"elementor-element elementor-element-7d5ce6c e-flex e-con-boxed wpr-particle-no wpr-jarallax-no wpr-parallax-no wpr-sticky-section-no e-con e-parent\" data-id=\"7d5ce6c\" data-element_type=\"container\" data-e-type=\"container\">\n\t\t\t\t\t<div class=\"e-con-inner\">\n\t\t\t\t<div class=\"elementor-element elementor-element-4eba263 elementor-widget elementor-widget-google_maps\" data-id=\"4eba263\" data-element_type=\"widget\" data-e-type=\"widget\" data-widget_type=\"google_maps.default\">\n\t\t\t\t\t\t\t<div class=\"elementor-custom-embed\">\n\t\t\t<iframe loading=\"lazy\"\n\t\t\t\t\tsrc=\"https:\/\/maps.google.com\/maps?q=stadiona%20iela%201%20daugavpils&#038;t=m&#038;z=13&#038;output=embed&#038;iwloc=near\"\n\t\t\t\t\ttitle=\"stadiona iela 1 daugavpils\"\n\t\t\t\t\taria-label=\"stadiona iela 1 daugavpils\"\n\t\t\t><\/iframe>\n\t\t<\/div>\n\t\t\t\t\t\t<\/div>\n\t\t\t\t\t<\/div>\n\t\t\t\t<\/div>\n\t\t\t\t<\/div>\n\t\t","protected":false},"excerpt":{"rendered":"<p>BFC Daugavpils Ann\u00e9e de fondation : 2009R\u00e9sidence : Daugavpils, LettonieStade : Stadions Esplan\u0101deCapacit\u00e9 : 610 placesFan-club : Daugavpils Ultras Palmar\u00e8s :N\u0101kotnes l\u012bga (2e niveau : 2013, 2018) Home Facebook Instagram Youtube \u00c0 propos du club M\u00eame si le BFC Daugavpils n\u2019a pas encore remport\u00e9 de troph\u00e9es majeurs, le club est surtout connu pour son travail de formation et son accent mis sur les jeunes via une acad\u00e9mie consid\u00e9r\u00e9e comme l\u2019une des meilleures de Lettonie. De nombreux talents, lettons comme \u00e9trangers, sont pass\u00e9s par son syst\u00e8me de jeunes. Parmi les noms les plus marquants figurent Cedric Kouadio (FC RFS), Chinonso Offor<\/p>\n","protected":false},"author":2,"featured_media":1749,"parent":0,"menu_order":0,"comment_status":"closed","ping_status":"closed","template":"","meta":{"nf_dc_page":"","cybocfi_hide_featured_image":"","footnotes":""},"class_list":["post-1747","page","type-page","status-publish","has-post-thumbnail","hentry"],"aioseo_notices":[],"jetpack_sharing_enabled":true,"_links":{"self":[{"href":"https:\/\/balticfootballnews.com\/fr\/wp-json\/wp\/v2\/pages\/1747","targetHints":{"allow":["GET"]}}],"collection":[{"href":"https:\/\/balticfootballnews.com\/fr\/wp-json\/wp\/v2\/pages"}],"about":[{"href":"https:\/\/balticfootballnews.com\/fr\/wp-json\/wp\/v2\/types\/page"}],"author":[{"embeddable":true,"href":"https:\/\/balticfootballnews.com\/fr\/wp-json\/wp\/v2\/users\/2"}],"replies":[{"embeddable":true,"href":"https:\/\/balticfootballnews.com\/fr\/wp-json\/wp\/v2\/comments?post=1747"}],"version-history":[{"count":4,"href":"https:\/\/balticfootballnews.com\/fr\/wp-json\/wp\/v2\/pages\/1747\/revisions"}],"predecessor-version":[{"id":1789,"href":"https:\/\/balticfootballnews.com\/fr\/wp-json\/wp\/v2\/pages\/1747\/revisions\/1789"}],"wp:featuredmedia":[{"embeddable":true,"href":"https:\/\/balticfootballnews.com\/fr\/wp-json\/wp\/v2\/media\/1749"}],"wp:attachment":[{"href":"https:\/\/balticfootballnews.com\/fr\/wp-json\/wp\/v2\/media?parent=1747"}],"curies":[{"name":"wp","href":"https:\/\/api.w.org\/{rel}","templated":true}]}}