{"id":17,"date":"2025-10-06T20:05:18","date_gmt":"2025-10-06T19:05:18","guid":{"rendered":"http:\/\/dkravcenko"},"modified":"2026-01-23T19:01:54","modified_gmt":"2026-01-23T17:01:54","slug":"accessibility-statement","status":"publish","type":"page","link":"https:\/\/balticfootballnews.com\/fr\/accessibility-statement\/","title":{"rendered":"D\u00e9claration d\u2019accessibilit\u00e9"},"content":{"rendered":"\n<h1 class=\"wp-block-heading\">D\u00e9claration d\u2019accessibilit\u00e9<\/h1>\n\n\n\n<h3 class=\"wp-block-heading\">Introduction<\/h3>\n\n\n\n<p class=\"\">SIA \u00ab Baltic Football Group \u00bb (BFG) s\u2019engage \u00e0 offrir une exp\u00e9rience accessible \u00e0 ses clients et au public, quel que soit le handicap. Pour en savoir plus sur les services d\u2019assistance en mati\u00e8re d\u2019accessibilit\u00e9 propos\u00e9s par BFG, veuillez contacter <a>team@balticfootballnews.com<\/a>.<\/p>\n\n\n\n<h3 class=\"wp-block-heading\">Am\u00e9nagements raisonnables<\/h3>\n\n\n\n<p class=\"\">Les personnes ayant besoin d\u2019un am\u00e9nagement raisonnable pour acc\u00e9der aux services et aux informations de BFG doivent envoyer un e-mail \u00e0 <a>team@balticfootballnews.com<\/a> en pr\u00e9cisant la nature de l\u2019am\u00e9nagement demand\u00e9. Les demandeurs doivent inclure des coordonn\u00e9es, telles qu\u2019une adresse e-mail ou un num\u00e9ro de t\u00e9l\u00e9phone o\u00f9 ils peuvent \u00eatre joints. Selon la nature de la demande, BFG peut avoir besoin d\u2019un d\u00e9lai suffisant pour mettre en place un am\u00e9nagement raisonnable.<\/p>\n\n\n\n<h3 class=\"wp-block-heading\">Accessibilit\u00e9 en ligne<\/h3>\n\n\n\n<p class=\"\">BFG s\u2019efforce d\u2019offrir une exp\u00e9rience num\u00e9rique accessible \u00e0 ses utilisateurs. Si une personne en situation de handicap rencontre des difficult\u00e9s d\u2019accessibilit\u00e9 sur notre site web ou sur d\u2019autres produits et services, veuillez nous en informer en envoyant un e-mail \u00e0 <a>team@balticfootballnews.com<\/a>. Dans votre message, merci de pr\u00e9ciser la nature de la difficult\u00e9 rencontr\u00e9e, y compris l\u2019adresse web (ou l\u2019autre produit ou service) qui a pu poser un probl\u00e8me d\u2019accessibilit\u00e9.<\/p>\n\n\n\n<h3 class=\"wp-block-heading\">Sites web tiers<\/h3>\n\n\n\n<p class=\"\">Les produits et services de BFG peuvent contenir des liens vers des pages web h\u00e9berg\u00e9es par des tiers. BFG ne fait aucune d\u00e9claration quant \u00e0 l\u2019accessibilit\u00e9 des sites web tiers et n\u2019est pas en mesure de corriger les obstacles \u00e0 l\u2019accessibilit\u00e9 pr\u00e9sents sur ces sites.<\/p>\n\n\n\n<h3 class=\"wp-block-heading\">Retour d\u2019information<\/h3>\n\n\n\n<p class=\"\">Nous travaillons en permanence afin de garantir que nos produits et services soient accessibles \u00e0 tous les clients et au public, y compris aux personnes en situation de handicap. Si vous avez une id\u00e9e ou une question concernant les services d\u2019assistance en mati\u00e8re d\u2019accessibilit\u00e9 propos\u00e9s par BFG, veuillez contacter <a>team@balticfootballnews.com<\/a> ou nous joindre via nos r\u00e9seaux sociaux ici.<\/p>\n","protected":false},"excerpt":{"rendered":"<p>D\u00e9claration d\u2019accessibilit\u00e9 Introduction SIA \u00ab Baltic Football Group \u00bb (BFG) s\u2019engage \u00e0 offrir une exp\u00e9rience accessible \u00e0 ses clients et au public, quel que soit le handicap. Pour en savoir plus sur les services d\u2019assistance en mati\u00e8re d\u2019accessibilit\u00e9 propos\u00e9s par BFG, veuillez contacter team@balticfootballnews.com. Am\u00e9nagements raisonnables Les personnes ayant besoin d\u2019un am\u00e9nagement raisonnable pour acc\u00e9der aux services et aux informations de BFG doivent envoyer un e-mail \u00e0 team@balticfootballnews.com en pr\u00e9cisant la nature de l\u2019am\u00e9nagement demand\u00e9. Les demandeurs doivent inclure des coordonn\u00e9es, telles qu\u2019une adresse e-mail ou un num\u00e9ro de t\u00e9l\u00e9phone o\u00f9 ils peuvent \u00eatre joints. Selon la nature de la<\/p>\n","protected":false},"author":2,"featured_media":0,"parent":0,"menu_order":0,"comment_status":"closed","ping_status":"closed","template":"","meta":{"nf_dc_page":"","cybocfi_hide_featured_image":"","footnotes":""},"class_list":["post-17","page","type-page","status-publish","hentry"],"aioseo_notices":[],"jetpack_sharing_enabled":true,"_links":{"self":[{"href":"https:\/\/balticfootballnews.com\/fr\/wp-json\/wp\/v2\/pages\/17","targetHints":{"allow":["GET"]}}],"collection":[{"href":"https:\/\/balticfootballnews.com\/fr\/wp-json\/wp\/v2\/pages"}],"about":[{"href":"https:\/\/balticfootballnews.com\/fr\/wp-json\/wp\/v2\/types\/page"}],"author":[{"embeddable":true,"href":"https:\/\/balticfootballnews.com\/fr\/wp-json\/wp\/v2\/users\/2"}],"replies":[{"embeddable":true,"href":"https:\/\/balticfootballnews.com\/fr\/wp-json\/wp\/v2\/comments?post=17"}],"version-history":[{"count":1,"href":"https:\/\/balticfootballnews.com\/fr\/wp-json\/wp\/v2\/pages\/17\/revisions"}],"predecessor-version":[{"id":261,"href":"https:\/\/balticfootballnews.com\/fr\/wp-json\/wp\/v2\/pages\/17\/revisions\/261"}],"wp:attachment":[{"href":"https:\/\/balticfootballnews.com\/fr\/wp-json\/wp\/v2\/media?parent=17"}],"curies":[{"name":"wp","href":"https:\/\/api.w.org\/{rel}","templated":true}]}}