{"id":16,"date":"2025-10-06T20:05:18","date_gmt":"2025-10-06T19:05:18","guid":{"rendered":"http:\/\/dkravcenko"},"modified":"2026-01-23T19:10:26","modified_gmt":"2026-01-23T17:10:26","slug":"terms-and-conditions","status":"publish","type":"page","link":"https:\/\/balticfootballnews.com\/fr\/terms-and-conditions\/","title":{"rendered":"Conditions g\u00e9n\u00e9rales"},"content":{"rendered":"\n<h1 class=\"wp-block-heading\">Conditions g\u00e9n\u00e9rales<\/h1>\n\n\n\n<p class=\"\">Les pr\u00e9sentes Conditions g\u00e9n\u00e9rales ont \u00e9t\u00e9 mises \u00e0 jour pour la derni\u00e8re fois le 4 d\u00e9cembre 2024.<\/p>\n\n\n\n<h3 class=\"wp-block-heading\">1. Introduction<\/h3>\n\n\n\n<p class=\"\">Les pr\u00e9sentes Conditions g\u00e9n\u00e9rales s\u2019appliquent \u00e0 ce site web ainsi qu\u2019aux transactions li\u00e9es \u00e0 nos produits et services. Des contrats suppl\u00e9mentaires peuvent \u00e9galement s\u2019appliquer \u00e0 votre relation avec nous ou \u00e0 tout produit ou service que vous recevez de notre part. En cas de conflit entre une disposition de ces contrats suppl\u00e9mentaires et une disposition des pr\u00e9sentes Conditions g\u00e9n\u00e9rales, les dispositions des contrats suppl\u00e9mentaires pr\u00e9vaudront.<\/p>\n\n\n\n<h3 class=\"wp-block-heading\">2. Caract\u00e8re contraignant<\/h3>\n\n\n\n<p class=\"\">En vous inscrivant, en acc\u00e9dant \u00e0 ce site web ou en l\u2019utilisant de toute autre mani\u00e8re, vous acceptez d\u2019\u00eatre li\u00e9 par les pr\u00e9sentes Conditions g\u00e9n\u00e9rales. Le simple fait d\u2019utiliser ce site web implique la connaissance et l\u2019acceptation des pr\u00e9sentes Conditions g\u00e9n\u00e9rales. Dans certains cas particuliers, nous pouvons \u00e9galement vous demander de donner votre accord explicite.<\/p>\n\n\n\n<h3 class=\"wp-block-heading\">3. Communication \u00e9lectronique<\/h3>\n\n\n\n<p class=\"\">En utilisant ce site web ou en communiquant avec nous par voie \u00e9lectronique, vous acceptez et reconnaissez que nous pouvons communiquer avec vous par voie \u00e9lectronique sur notre site web ou en vous envoyant un e-mail, et vous acceptez que l\u2019ensemble des accords, avis, divulgations et autres communications que nous vous fournissons par voie \u00e9lectronique satisfont \u00e0 toute exigence l\u00e9gale, y compris, sans s\u2019y limiter, l\u2019exigence selon laquelle ces communications doivent \u00eatre faites par \u00e9crit.<\/p>\n\n\n\n<h3 class=\"wp-block-heading\">4. Propri\u00e9t\u00e9 intellectuelle<\/h3>\n\n\n\n<p class=\"\">Nous ou nos conc\u00e9dants d\u00e9tenons et contr\u00f4lons l\u2019ensemble des droits d\u2019auteur et autres droits de propri\u00e9t\u00e9 intellectuelle relatifs au site web, ainsi qu\u2019aux donn\u00e9es, informations et autres ressources affich\u00e9es sur le site web ou accessibles via celui-ci.<\/p>\n\n\n\n<h4 class=\"wp-block-heading\">4.1 Tous droits r\u00e9serv\u00e9s<\/h4>\n\n\n\n<p class=\"\">Sauf indication contraire li\u00e9e \u00e0 un contenu sp\u00e9cifique, aucune licence ni aucun autre droit ne vous est accord\u00e9 au titre des droits d\u2019auteur, marques, brevets ou autres droits de propri\u00e9t\u00e9 intellectuelle. Cela signifie que vous ne devez pas utiliser, copier, reproduire, ex\u00e9cuter, afficher, distribuer, int\u00e9grer dans un support \u00e9lectronique, modifier, proc\u00e9der \u00e0 de l\u2019ing\u00e9nierie inverse, d\u00e9compiler, transf\u00e9rer, t\u00e9l\u00e9charger, transmettre, mon\u00e9tiser, vendre, commercialiser ou exploiter de quelque mani\u00e8re que ce soit les ressources de ce site web, sous quelque forme que ce soit, sans notre autorisation \u00e9crite pr\u00e9alable, sauf et uniquement dans la mesure o\u00f9 la loi imp\u00e9rative l\u2019autorise (par exemple le droit de citation).<\/p>\n\n\n\n<h3 class=\"wp-block-heading\">5. Contenus de tiers<\/h3>\n\n\n\n<p class=\"\">Notre site web peut inclure des liens hypertextes ou d\u2019autres r\u00e9f\u00e9rences vers des sites web de tiers. Nous ne surveillons pas et ne v\u00e9rifions pas le contenu des sites web de tiers auxquels ce site renvoie. Les produits ou services propos\u00e9s par ces sites web sont soumis aux Conditions g\u00e9n\u00e9rales applicables de ces tiers. Les opinions exprim\u00e9es ou les contenus publi\u00e9s sur ces sites ne sont pas n\u00e9cessairement partag\u00e9s ou approuv\u00e9s par nous.<\/p>\n\n\n\n<p class=\"\">Nous ne sommes pas responsables des pratiques de confidentialit\u00e9 ni du contenu de ces sites. Vous assumez tous les risques li\u00e9s \u00e0 l\u2019utilisation de ces sites web et de tout service tiers associ\u00e9. Nous d\u00e9clinons toute responsabilit\u00e9 pour toute perte ou tout dommage, quelle qu\u2019en soit la nature et la cause, r\u00e9sultant de la divulgation \u00e0 des tiers d\u2019informations personnelles.<\/p>\n\n\n\n<h3 class=\"wp-block-heading\">6. Utilisation responsable<\/h3>\n\n\n\n<p class=\"\">En visitant notre site web, vous acceptez de l\u2019utiliser uniquement aux fins pr\u00e9vues et conform\u00e9ment aux pr\u00e9sentes Conditions g\u00e9n\u00e9rales, \u00e0 tout contrat suppl\u00e9mentaire conclu avec nous, ainsi qu\u2019aux lois et r\u00e8glements applicables et aux pratiques en ligne g\u00e9n\u00e9ralement accept\u00e9es et aux directives du secteur. Vous ne devez pas utiliser notre site web ou nos services pour utiliser, publier ou distribuer tout contenu constitu\u00e9 de logiciels informatiques malveillants (ou y renvoyant), utiliser des donn\u00e9es collect\u00e9es sur notre site web \u00e0 des fins de prospection directe, ni r\u00e9aliser une collecte de donn\u00e9es syst\u00e9matique ou automatis\u00e9e sur ou en lien avec notre site web.<\/p>\n\n\n\n<p class=\"\">Toute activit\u00e9 causant, ou susceptible de causer, un dommage au site web ou d\u2019interf\u00e9rer avec ses performances, sa disponibilit\u00e9 ou son accessibilit\u00e9 est strictement interdite.<\/p>\n\n\n\n<h3 class=\"wp-block-heading\">7. Soumission d\u2019id\u00e9es<\/h3>\n\n\n\n<p class=\"\">Ne soumettez aucune id\u00e9e, invention, \u0153uvre de l\u2019esprit ou autre information pouvant \u00eatre consid\u00e9r\u00e9e comme votre propri\u00e9t\u00e9 intellectuelle que vous souhaiteriez nous pr\u00e9senter, sauf si nous avons pr\u00e9alablement sign\u00e9 un accord relatif \u00e0 la propri\u00e9t\u00e9 intellectuelle ou un accord de confidentialit\u00e9. \u00c0 d\u00e9faut d\u2019un tel accord \u00e9crit, si vous nous divulguez ces \u00e9l\u00e9ments, vous nous accordez une licence mondiale, irr\u00e9vocable, non exclusive et gratuite (sans redevance) nous permettant d\u2019utiliser, reproduire, stocker, adapter, publier, traduire et distribuer votre contenu sur tout support existant ou futur.<\/p>\n\n\n\n<h3 class=\"wp-block-heading\">8. R\u00e9siliation de l\u2019utilisation<\/h3>\n\n\n\n<p class=\"\">Nous pouvons, \u00e0 notre seule discr\u00e9tion, \u00e0 tout moment, modifier ou interrompre l\u2019acc\u00e8s, temporairement ou d\u00e9finitivement, au site web ou \u00e0 tout service qui y est propos\u00e9. Vous acceptez que nous ne soyons pas responsables envers vous ni envers un tiers de toute modification, suspension ou interruption de votre acc\u00e8s au site web ou de votre utilisation de celui-ci, ni de tout contenu que vous auriez partag\u00e9 sur le site web. Vous ne pourrez pr\u00e9tendre \u00e0 aucune compensation ni \u00e0 aucun autre paiement, m\u00eame si certaines fonctionnalit\u00e9s, certains r\u00e9glages et\/ou tout contenu auquel vous avez contribu\u00e9 ou sur lequel vous comptiez, venaient \u00e0 \u00eatre perdus de mani\u00e8re permanente. Vous ne devez pas contourner ou tenter de contourner toute mesure de restriction d\u2019acc\u00e8s sur notre site web.<\/p>\n\n\n\n<h3 class=\"wp-block-heading\">9. Garanties et responsabilit\u00e9<\/h3>\n\n\n\n<p class=\"\">Aucune disposition de la pr\u00e9sente section n\u2019a pour effet de limiter ou d\u2019exclure une garantie implicite pr\u00e9vue par la loi lorsqu\u2019il serait ill\u00e9gal de la limiter ou de l\u2019exclure. Ce site web et l\u2019ensemble de son contenu sont fournis \u00ab en l\u2019\u00e9tat \u00bb et \u00ab selon disponibilit\u00e9 \u00bb et peuvent contenir des inexactitudes ou des erreurs typographiques. Nous d\u00e9clinons express\u00e9ment toute garantie, expresse ou implicite, quant \u00e0 la disponibilit\u00e9, l\u2019exactitude ou l\u2019exhaustivit\u00e9 du contenu. Nous ne garantissons pas que :<\/p>\n\n\n\n<ul class=\"wp-block-list\">\n<li class=\"\">ce site web ou notre contenu r\u00e9pondra \u00e0 vos exigences ;<\/li>\n\n\n\n<li class=\"\">ce site web sera disponible de mani\u00e8re ininterrompue, dans les d\u00e9lais, de fa\u00e7on s\u00e9curis\u00e9e, ou sans erreur.<\/li>\n<\/ul>\n\n\n\n<p class=\"\">Aucun \u00e9l\u00e9ment de ce site web ne constitue, ni n\u2019est destin\u00e9 \u00e0 constituer, un conseil juridique, financier ou m\u00e9dical, quel qu\u2019il soit. Si vous avez besoin de conseils, veuillez consulter un professionnel comp\u00e9tent.<\/p>\n\n\n\n<p class=\"\">Les dispositions suivantes s\u2019appliquent dans toute la mesure permise par la loi applicable et ne limiteront ni n\u2019excluront notre responsabilit\u00e9 \u00e0 l\u2019\u00e9gard de tout \u00e9l\u00e9ment pour lequel il serait ill\u00e9gal ou illicite de limiter ou d\u2019exclure notre responsabilit\u00e9. En aucun cas nous ne serons responsables de dommages directs ou indirects (y compris, sans s\u2019y limiter, toute perte de profits ou de revenus, perte ou corruption de donn\u00e9es, logiciels ou bases de donn\u00e9es, ou perte ou dommage mat\u00e9riels ou immat\u00e9riels) subis par vous ou par un tiers et r\u00e9sultant de votre acc\u00e8s \u00e0 notre site web ou de son utilisation.<\/p>\n\n\n\n<p class=\"\">Sauf disposition contraire expresse dans un contrat suppl\u00e9mentaire, notre responsabilit\u00e9 maximale envers vous pour l\u2019ensemble des dommages d\u00e9coulant du site web ou li\u00e9s \u00e0 celui-ci, ou \u00e0 tout produit et service commercialis\u00e9 ou vendu via le site web, quel que soit le fondement juridique (contractuel, \u00e9quit\u00e9, n\u00e9gligence, faute intentionnelle, responsabilit\u00e9 d\u00e9lictuelle ou autre), sera limit\u00e9e au montant total que vous nous avez pay\u00e9 pour l\u2019achat de ces produits ou services ou pour l\u2019utilisation du site web. Cette limite s\u2019applique au total de l\u2019ensemble de vos r\u00e9clamations, actions et causes d\u2019action, de quelque nature que ce soit.<\/p>\n\n\n\n<h3 class=\"wp-block-heading\">10. Confidentialit\u00e9<\/h3>\n\n\n\n<p class=\"\">Pour acc\u00e9der \u00e0 notre site web et\/ou \u00e0 nos services, il peut vous \u00eatre demand\u00e9 de fournir certaines informations vous concernant dans le cadre du processus d\u2019inscription. Vous acceptez que toute information fournie soit toujours exacte, correcte et \u00e0 jour.<\/p>\n\n\n\n<p class=\"\">Nous avons \u00e9labor\u00e9 une politique afin de r\u00e9pondre \u00e0 toute pr\u00e9occupation relative \u00e0 la confidentialit\u00e9. Pour plus d\u2019informations, veuillez consulter notre D\u00e9claration de confidentialit\u00e9 et notre Politique relative aux cookies.<\/p>\n\n\n\n<h3 class=\"wp-block-heading\">11. Accessibilit\u00e9<\/h3>\n\n\n\n<p class=\"\">Nous nous engageons \u00e0 rendre le contenu que nous fournissons accessible aux personnes en situation de handicap. Si vous \u00eates en situation de handicap et que vous ne pouvez pas acc\u00e9der \u00e0 une partie de notre site web en raison de votre handicap, nous vous demandons de nous en informer en d\u00e9crivant pr\u00e9cis\u00e9ment le probl\u00e8me rencontr\u00e9. Si le probl\u00e8me est facilement identifiable et r\u00e9soluble conform\u00e9ment aux outils et techniques informatiques conformes aux normes du secteur, nous le corrigerons rapidement.<\/p>\n\n\n\n<h3 class=\"wp-block-heading\">12. Restrictions \u00e0 l\u2019exportation \/ Conformit\u00e9 l\u00e9gale<\/h3>\n\n\n\n<p class=\"\">Il est interdit d\u2019acc\u00e9der au site web depuis des territoires ou des pays o\u00f9 le contenu ou l\u2019achat des produits ou services vendus sur le site web est ill\u00e9gal. Vous ne pouvez pas utiliser ce site web en violation des lois et r\u00e8glements d\u2019exportation de la Lettonie.<\/p>\n\n\n\n<h3 class=\"wp-block-heading\">13. Marketing d\u2019affiliation<\/h3>\n\n\n\n<p class=\"\">Nous pouvons pratiquer le marketing d\u2019affiliation via ce site web, auquel cas nous percevons un pourcentage ou une commission sur la vente de services ou de produits sur ou via ce site web. Nous pouvons \u00e9galement accepter des sponsorisations ou d\u2019autres formes de compensation publicitaire de la part d\u2019entreprises. Cette divulgation vise \u00e0 respecter les exigences l\u00e9gales en mati\u00e8re de marketing et de publicit\u00e9 susceptibles de s\u2019appliquer, telles que les r\u00e8gles de la Federal Trade Commission (FTC) des \u00c9tats-Unis.<\/p>\n\n\n\n<h3 class=\"wp-block-heading\">14. Cession<\/h3>\n\n\n\n<p class=\"\">Vous ne pouvez c\u00e9der, transf\u00e9rer ou sous-traiter tout ou partie de vos droits et\/ou obligations au titre des pr\u00e9sentes Conditions g\u00e9n\u00e9rales \u00e0 un tiers sans notre accord \u00e9crit pr\u00e9alable. Toute cession pr\u00e9tendue effectu\u00e9e en violation de la pr\u00e9sente section sera nulle et non avenue.<\/p>\n\n\n\n<h3 class=\"wp-block-heading\">15. Violations des pr\u00e9sentes Conditions g\u00e9n\u00e9rales<\/h3>\n\n\n\n<p class=\"\">Sans pr\u00e9judice de nos autres droits au titre des pr\u00e9sentes Conditions g\u00e9n\u00e9rales, si vous violez les pr\u00e9sentes Conditions g\u00e9n\u00e9rales de quelque mani\u00e8re que ce soit, nous pouvons prendre toute mesure que nous jugeons appropri\u00e9e pour traiter cette violation, y compris suspendre temporairement ou d\u00e9finitivement votre acc\u00e8s au site web, contacter votre fournisseur d\u2019acc\u00e8s \u00e0 Internet afin de lui demander de bloquer votre acc\u00e8s au site web et\/ou engager des poursuites judiciaires \u00e0 votre encontre.<\/p>\n\n\n\n<h3 class=\"wp-block-heading\">16. Force majeure<\/h3>\n\n\n\n<p class=\"\">\u00c0 l\u2019exception des obligations de paiement, tout retard, d\u00e9faut d\u2019ex\u00e9cution ou omission de l\u2019une ou l\u2019autre partie dans l\u2019ex\u00e9cution de ses obligations au titre des pr\u00e9sentes Conditions g\u00e9n\u00e9rales ne constituera pas une violation des pr\u00e9sentes Conditions g\u00e9n\u00e9rales, dans la mesure o\u00f9 ce retard, d\u00e9faut d\u2019ex\u00e9cution ou omission r\u00e9sulte d\u2019une cause \u00e9chappant au contr\u00f4le raisonnable de cette partie.<\/p>\n\n\n\n<h3 class=\"wp-block-heading\">17. Indemnisation<\/h3>\n\n\n\n<p class=\"\">Vous acceptez de nous indemniser, de nous d\u00e9fendre et de nous tenir indemnes de toute r\u00e9clamation, responsabilit\u00e9, dommage, perte et d\u00e9pense r\u00e9sultant de votre violation des pr\u00e9sentes Conditions g\u00e9n\u00e9rales et des lois applicables, y compris les droits de propri\u00e9t\u00e9 intellectuelle et les droits relatifs \u00e0 la vie priv\u00e9e. Vous nous rembourserez rapidement les dommages, pertes, co\u00fbts et d\u00e9penses li\u00e9s \u00e0 ces r\u00e9clamations.<\/p>\n\n\n\n<h3 class=\"wp-block-heading\">18. Renonciation<\/h3>\n\n\n\n<p class=\"\">Le fait de ne pas faire respecter l\u2019une quelconque des dispositions des pr\u00e9sentes Conditions g\u00e9n\u00e9rales ou de tout accord, ou de ne pas exercer une option de r\u00e9siliation, ne saurait \u00eatre interpr\u00e9t\u00e9 comme une renonciation \u00e0 ces dispositions et n\u2019affectera pas la validit\u00e9 des pr\u00e9sentes Conditions g\u00e9n\u00e9rales ou de tout accord, ni le droit de faire respecter ult\u00e9rieurement chacune des dispositions.<\/p>\n\n\n\n<h3 class=\"wp-block-heading\">19. Langue<\/h3>\n\n\n\n<p class=\"\">Les pr\u00e9sentes Conditions g\u00e9n\u00e9rales sont r\u00e9dig\u00e9es en anglais, qui fait foi. En cas de divergence entre une version traduite et <a href=\"https:\/\/balticfootballnews.com\/terms-and-conditions\/\" target=\"_blank\" rel=\"noopener\" title=\"\">la version anglaise<\/a>, la version anglaise pr\u00e9vaut. Les avis et correspondances peuvent \u00eatre r\u00e9dig\u00e9s en anglais.<\/p>\n\n\n\n<h3 class=\"wp-block-heading\">20. Int\u00e9gralit\u00e9 de l\u2019accord<\/h3>\n\n\n\n<p class=\"\">Ces Conditions g\u00e9n\u00e9rales, ainsi que notre D\u00e9claration de confidentialit\u00e9 et notre Politique relative aux cookies, constituent l\u2019int\u00e9gralit\u00e9 de l\u2019accord entre vous et SIA \u00ab Baltic Football Group \u00bb concernant votre utilisation de ce site web.<\/p>\n\n\n\n<h3 class=\"wp-block-heading\">21. Mise \u00e0 jour des pr\u00e9sentes Conditions g\u00e9n\u00e9rales<\/h3>\n\n\n\n<p class=\"\">Nous pouvons mettre \u00e0 jour les pr\u00e9sentes Conditions g\u00e9n\u00e9rales de temps \u00e0 autre. Il vous incombe de consulter p\u00e9riodiquement ces Conditions g\u00e9n\u00e9rales afin de prendre connaissance des modifications ou mises \u00e0 jour. La date indiqu\u00e9e au d\u00e9but des pr\u00e9sentes Conditions g\u00e9n\u00e9rales correspond \u00e0 la derni\u00e8re date de r\u00e9vision. Les modifications des pr\u00e9sentes Conditions g\u00e9n\u00e9rales entreront en vigueur d\u00e8s leur publication sur ce site web. La poursuite de votre utilisation du site web apr\u00e8s la publication de modifications ou de mises \u00e0 jour vaudra notification de votre acceptation et de votre engagement \u00e0 respecter les pr\u00e9sentes Conditions g\u00e9n\u00e9rales.<\/p>\n\n\n\n<h3 class=\"wp-block-heading\">22. Loi applicable et juridiction comp\u00e9tente<\/h3>\n\n\n\n<p class=\"\">Les pr\u00e9sentes Conditions g\u00e9n\u00e9rales sont r\u00e9gies par le droit letton. Tout litige relatif aux pr\u00e9sentes Conditions g\u00e9n\u00e9rales rel\u00e8vera de la comp\u00e9tence des tribunaux de Lettonie. Si une disposition des pr\u00e9sentes Conditions g\u00e9n\u00e9rales est jug\u00e9e invalide et\/ou inapplicable par un tribunal ou toute autre autorit\u00e9 en vertu du droit applicable, cette disposition sera modifi\u00e9e, supprim\u00e9e et\/ou appliqu\u00e9e dans la mesure maximale permise afin de respecter l\u2019intention des pr\u00e9sentes Conditions g\u00e9n\u00e9rales. Les autres dispositions n\u2019en seront pas affect\u00e9es.<\/p>\n\n\n\n<h3 class=\"wp-block-heading\">23. Coordonn\u00e9es<\/h3>\n\n\n\n<p class=\"\">Ce site web est d\u00e9tenu et exploit\u00e9 par SIA \u00ab Baltic Football Group \u00bb.<\/p>\n\n\n\n<p class=\"\">Vous pouvez nous contacter au sujet des pr\u00e9sentes Conditions g\u00e9n\u00e9rales via notre page de contact.<\/p>\n","protected":false},"excerpt":{"rendered":"<p>Conditions g\u00e9n\u00e9rales Les pr\u00e9sentes Conditions g\u00e9n\u00e9rales ont \u00e9t\u00e9 mises \u00e0 jour pour la derni\u00e8re fois le 4 d\u00e9cembre 2024. 1. Introduction Les pr\u00e9sentes Conditions g\u00e9n\u00e9rales s\u2019appliquent \u00e0 ce site web ainsi qu\u2019aux transactions li\u00e9es \u00e0 nos produits et services. Des contrats suppl\u00e9mentaires peuvent \u00e9galement s\u2019appliquer \u00e0 votre relation avec nous ou \u00e0 tout produit ou service que vous recevez de notre part. En cas de conflit entre une disposition de ces contrats suppl\u00e9mentaires et une disposition des pr\u00e9sentes Conditions g\u00e9n\u00e9rales, les dispositions des contrats suppl\u00e9mentaires pr\u00e9vaudront. 2. Caract\u00e8re contraignant En vous inscrivant, en acc\u00e9dant \u00e0 ce site web ou en<\/p>\n","protected":false},"author":2,"featured_media":0,"parent":0,"menu_order":0,"comment_status":"closed","ping_status":"closed","template":"","meta":{"nf_dc_page":"","cybocfi_hide_featured_image":"","footnotes":""},"class_list":["post-16","page","type-page","status-publish","hentry"],"aioseo_notices":[],"jetpack_sharing_enabled":true,"_links":{"self":[{"href":"https:\/\/balticfootballnews.com\/fr\/wp-json\/wp\/v2\/pages\/16","targetHints":{"allow":["GET"]}}],"collection":[{"href":"https:\/\/balticfootballnews.com\/fr\/wp-json\/wp\/v2\/pages"}],"about":[{"href":"https:\/\/balticfootballnews.com\/fr\/wp-json\/wp\/v2\/types\/page"}],"author":[{"embeddable":true,"href":"https:\/\/balticfootballnews.com\/fr\/wp-json\/wp\/v2\/users\/2"}],"replies":[{"embeddable":true,"href":"https:\/\/balticfootballnews.com\/fr\/wp-json\/wp\/v2\/comments?post=16"}],"version-history":[{"count":1,"href":"https:\/\/balticfootballnews.com\/fr\/wp-json\/wp\/v2\/pages\/16\/revisions"}],"predecessor-version":[{"id":264,"href":"https:\/\/balticfootballnews.com\/fr\/wp-json\/wp\/v2\/pages\/16\/revisions\/264"}],"wp:attachment":[{"href":"https:\/\/balticfootballnews.com\/fr\/wp-json\/wp\/v2\/media?parent=16"}],"curies":[{"name":"wp","href":"https:\/\/api.w.org\/{rel}","templated":true}]}}