{"id":1506,"date":"2026-02-15T13:54:39","date_gmt":"2026-02-15T11:54:39","guid":{"rendered":"https:\/\/balticfootballnews.com\/fr\/?page_id=1506"},"modified":"2026-02-15T14:11:15","modified_gmt":"2026-02-15T12:11:15","slug":"fk-banga-gargzdai","status":"publish","type":"page","link":"https:\/\/balticfootballnews.com\/fr\/fk-banga-gargzdai\/","title":{"rendered":"FK Banga Garg\u017edai"},"content":{"rendered":"\t\t<div data-elementor-type=\"wp-page\" data-elementor-id=\"1506\" class=\"elementor elementor-1506\">\n\t\t\t\t<div class=\"elementor-element elementor-element-1b8c985 e-flex e-con-boxed wpr-particle-no wpr-jarallax-no wpr-parallax-no wpr-sticky-section-no e-con e-parent\" data-id=\"1b8c985\" data-element_type=\"container\" data-e-type=\"container\">\n\t\t\t\t\t<div class=\"e-con-inner\">\n\t\t<div class=\"elementor-element elementor-element-9b561ef e-con-full e-flex wpr-particle-no wpr-jarallax-no wpr-parallax-no wpr-sticky-section-no e-con e-child\" data-id=\"9b561ef\" data-element_type=\"container\" data-e-type=\"container\">\n\t\t<div class=\"elementor-element elementor-element-90baf13 e-con-full e-flex wpr-particle-no wpr-jarallax-no wpr-parallax-no wpr-sticky-section-no e-con e-child\" data-id=\"90baf13\" data-element_type=\"container\" data-e-type=\"container\">\n\t\t\t\t<div class=\"elementor-element elementor-element-d47b983 elementor-widget elementor-widget-heading\" data-id=\"d47b983\" data-element_type=\"widget\" data-e-type=\"widget\" data-widget_type=\"heading.default\">\n\t\t\t\t\t<h2 class=\"elementor-heading-title elementor-size-default\">FK Banga Garg\u017edai<\/h2>\t\t\t\t<\/div>\n\t\t\t\t<\/div>\n\t\t<div class=\"elementor-element elementor-element-067357a e-flex e-con-boxed wpr-particle-no wpr-jarallax-no wpr-parallax-no wpr-sticky-section-no e-con e-child\" data-id=\"067357a\" data-element_type=\"container\" data-e-type=\"container\">\n\t\t\t\t\t<div class=\"e-con-inner\">\n\t\t<div class=\"elementor-element elementor-element-52875db e-flex e-con-boxed wpr-particle-no wpr-jarallax-no wpr-parallax-no wpr-sticky-section-no e-con e-child\" data-id=\"52875db\" data-element_type=\"container\" data-e-type=\"container\">\n\t\t\t\t\t<div class=\"e-con-inner\">\n\t\t<div class=\"elementor-element elementor-element-e221f72 e-con-full e-grid wpr-particle-no wpr-jarallax-no wpr-parallax-no wpr-sticky-section-no e-con e-child\" data-id=\"e221f72\" data-element_type=\"container\" data-e-type=\"container\">\n\t\t\t\t<div class=\"elementor-element elementor-element-cf0bbf7 elementor-widget elementor-widget-text-editor\" data-id=\"cf0bbf7\" data-element_type=\"widget\" data-e-type=\"widget\" data-widget_type=\"text-editor.default\">\n\t\t\t\t\t\t\t\t\t<p><strong>Ann\u00e9e de fondation<\/strong> : 1966<br \/><strong>R\u00e9sidence<\/strong> : Garg\u017edai, Lituanie<br \/><strong>Stade<\/strong> : Garg\u017ed\u0173 miesto stadionas<br \/><strong>Capacit\u00e9<\/strong> : 2 300 places<br \/><strong>Fan-club<\/strong> : Tigr\u0173 Ekipa<\/p><p><strong>Palmar\u00e8s<\/strong> :<br \/>Coupe de Lituanie (2024)<\/p>\t\t\t\t\t\t\t\t<\/div>\n\t\t\t\t<div class=\"elementor-element elementor-element-09b0e44 elementor-widget elementor-widget-image\" data-id=\"09b0e44\" data-element_type=\"widget\" data-e-type=\"widget\" data-widget_type=\"image.default\">\n\t\t\t\t\t\t\t\t\t\t\t\t\t\t\t<img loading=\"lazy\" decoding=\"async\" loading=\"lazy\" width=\"300\" height=\"300\" src=\"https:\/\/i0.wp.com\/balticfootballnews.com\/fr\/wp-content\/uploads\/sites\/4\/2026\/01\/banga512.png?fit=300%2C300&amp;ssl=1\" class=\"elementor-animation-grow attachment-medium size-medium wp-image-162\" alt=\"\" srcset=\"https:\/\/i0.wp.com\/balticfootballnews.com\/fr\/wp-content\/uploads\/sites\/4\/2026\/01\/banga512.png?w=512&amp;ssl=1 512w, https:\/\/i0.wp.com\/balticfootballnews.com\/fr\/wp-content\/uploads\/sites\/4\/2026\/01\/banga512.png?resize=300%2C300&amp;ssl=1 300w, https:\/\/i0.wp.com\/balticfootballnews.com\/fr\/wp-content\/uploads\/sites\/4\/2026\/01\/banga512.png?resize=150%2C150&amp;ssl=1 150w, https:\/\/i0.wp.com\/balticfootballnews.com\/fr\/wp-content\/uploads\/sites\/4\/2026\/01\/banga512.png?resize=60%2C60&amp;ssl=1 60w, https:\/\/i0.wp.com\/balticfootballnews.com\/fr\/wp-content\/uploads\/sites\/4\/2026\/01\/banga512.png?resize=480%2C480&amp;ssl=1 480w\" sizes=\"auto, (max-width: 300px) 100vw, 300px\" \/>\t\t\t\t\t\t\t\t\t\t\t\t\t\t\t<\/div>\n\t\t\t\t<\/div>\n\t\t\t\t<div class=\"elementor-element elementor-element-26e6f42 elementor-shape-circle elementor-grid-0 e-grid-align-center elementor-widget elementor-widget-social-icons\" data-id=\"26e6f42\" data-element_type=\"widget\" data-e-type=\"widget\" data-widget_type=\"social-icons.default\">\n\t\t\t\t\t\t\t<div class=\"elementor-social-icons-wrapper elementor-grid\" role=\"list\">\n\t\t\t\t\t\t\t<span class=\"elementor-grid-item\" role=\"listitem\">\n\t\t\t\t\t<a class=\"elementor-icon elementor-social-icon elementor-social-icon-home elementor-animation-grow elementor-repeater-item-4f742bb\" href=\"https:\/\/www.fkbanga.lt\/\" target=\"_blank\">\n\t\t\t\t\t\t<span class=\"elementor-screen-only\">Home<\/span>\n\t\t\t\t\t\t<svg aria-hidden=\"true\" class=\"e-font-icon-svg e-fas-home\" viewBox=\"0 0 576 512\" xmlns=\"http:\/\/www.w3.org\/2000\/svg\"><path d=\"M280.37 148.26L96 300.11V464a16 16 0 0 0 16 16l112.06-.29a16 16 0 0 0 15.92-16V368a16 16 0 0 1 16-16h64a16 16 0 0 1 16 16v95.64a16 16 0 0 0 16 16.05L464 480a16 16 0 0 0 16-16V300L295.67 148.26a12.19 12.19 0 0 0-15.3 0zM571.6 251.47L488 182.56V44.05a12 12 0 0 0-12-12h-56a12 12 0 0 0-12 12v72.61L318.47 43a48 48 0 0 0-61 0L4.34 251.47a12 12 0 0 0-1.6 16.9l25.5 31A12 12 0 0 0 45.15 301l235.22-193.74a12.19 12.19 0 0 1 15.3 0L530.9 301a12 12 0 0 0 16.9-1.6l25.5-31a12 12 0 0 0-1.7-16.93z\"><\/path><\/svg>\t\t\t\t\t<\/a>\n\t\t\t\t<\/span>\n\t\t\t\t\t\t\t<span class=\"elementor-grid-item\" role=\"listitem\">\n\t\t\t\t\t<a class=\"elementor-icon elementor-social-icon elementor-social-icon-facebook elementor-animation-grow elementor-repeater-item-ef1668a\" href=\"https:\/\/www.facebook.com\/fkbanga\" target=\"_blank\">\n\t\t\t\t\t\t<span class=\"elementor-screen-only\">Facebook<\/span>\n\t\t\t\t\t\t<svg aria-hidden=\"true\" class=\"e-font-icon-svg e-fab-facebook\" viewBox=\"0 0 512 512\" xmlns=\"http:\/\/www.w3.org\/2000\/svg\"><path d=\"M504 256C504 119 393 8 256 8S8 119 8 256c0 123.78 90.69 226.38 209.25 245V327.69h-63V256h63v-54.64c0-62.15 37-96.48 93.67-96.48 27.14 0 55.52 4.84 55.52 4.84v61h-31.28c-30.8 0-40.41 19.12-40.41 38.73V256h68.78l-11 71.69h-57.78V501C413.31 482.38 504 379.78 504 256z\"><\/path><\/svg>\t\t\t\t\t<\/a>\n\t\t\t\t<\/span>\n\t\t\t\t\t\t\t<span class=\"elementor-grid-item\" role=\"listitem\">\n\t\t\t\t\t<a class=\"elementor-icon elementor-social-icon elementor-social-icon-x-twitter elementor-animation-grow elementor-repeater-item-e3fa244\" href=\"https:\/\/x.com\/GargzduBanga\" target=\"_blank\">\n\t\t\t\t\t\t<span class=\"elementor-screen-only\">X-twitter<\/span>\n\t\t\t\t\t\t<svg aria-hidden=\"true\" class=\"e-font-icon-svg e-fab-x-twitter\" viewBox=\"0 0 512 512\" xmlns=\"http:\/\/www.w3.org\/2000\/svg\"><path d=\"M389.2 48h70.6L305.6 224.2 487 464H345L233.7 318.6 106.5 464H35.8L200.7 275.5 26.8 48H172.4L272.9 180.9 389.2 48zM364.4 421.8h39.1L151.1 88h-42L364.4 421.8z\"><\/path><\/svg>\t\t\t\t\t<\/a>\n\t\t\t\t<\/span>\n\t\t\t\t\t\t\t<span class=\"elementor-grid-item\" role=\"listitem\">\n\t\t\t\t\t<a class=\"elementor-icon elementor-social-icon elementor-social-icon-instagram elementor-animation-grow elementor-repeater-item-4eec7c9\" href=\"https:\/\/www.instagram.com\/fkbanga\/\" target=\"_blank\">\n\t\t\t\t\t\t<span class=\"elementor-screen-only\">Instagram<\/span>\n\t\t\t\t\t\t<svg aria-hidden=\"true\" class=\"e-font-icon-svg e-fab-instagram\" viewBox=\"0 0 448 512\" xmlns=\"http:\/\/www.w3.org\/2000\/svg\"><path d=\"M224.1 141c-63.6 0-114.9 51.3-114.9 114.9s51.3 114.9 114.9 114.9S339 319.5 339 255.9 287.7 141 224.1 141zm0 189.6c-41.1 0-74.7-33.5-74.7-74.7s33.5-74.7 74.7-74.7 74.7 33.5 74.7 74.7-33.6 74.7-74.7 74.7zm146.4-194.3c0 14.9-12 26.8-26.8 26.8-14.9 0-26.8-12-26.8-26.8s12-26.8 26.8-26.8 26.8 12 26.8 26.8zm76.1 27.2c-1.7-35.9-9.9-67.7-36.2-93.9-26.2-26.2-58-34.4-93.9-36.2-37-2.1-147.9-2.1-184.9 0-35.8 1.7-67.6 9.9-93.9 36.1s-34.4 58-36.2 93.9c-2.1 37-2.1 147.9 0 184.9 1.7 35.9 9.9 67.7 36.2 93.9s58 34.4 93.9 36.2c37 2.1 147.9 2.1 184.9 0 35.9-1.7 67.7-9.9 93.9-36.2 26.2-26.2 34.4-58 36.2-93.9 2.1-37 2.1-147.8 0-184.8zM398.8 388c-7.8 19.6-22.9 34.7-42.6 42.6-29.5 11.7-99.5 9-132.1 9s-102.7 2.6-132.1-9c-19.6-7.8-34.7-22.9-42.6-42.6-11.7-29.5-9-99.5-9-132.1s-2.6-102.7 9-132.1c7.8-19.6 22.9-34.7 42.6-42.6 29.5-11.7 99.5-9 132.1-9s102.7-2.6 132.1 9c19.6 7.8 34.7 22.9 42.6 42.6 11.7 29.5 9 99.5 9 132.1s2.7 102.7-9 132.1z\"><\/path><\/svg>\t\t\t\t\t<\/a>\n\t\t\t\t<\/span>\n\t\t\t\t\t\t\t<span class=\"elementor-grid-item\" role=\"listitem\">\n\t\t\t\t\t<a class=\"elementor-icon elementor-social-icon elementor-social-icon-youtube elementor-animation-grow elementor-repeater-item-b789578\" href=\"https:\/\/www.youtube.com\/channel\/UC9JFYC0jAR_f5do1Vq8xrwA\" target=\"_blank\">\n\t\t\t\t\t\t<span class=\"elementor-screen-only\">Youtube<\/span>\n\t\t\t\t\t\t<svg aria-hidden=\"true\" class=\"e-font-icon-svg e-fab-youtube\" viewBox=\"0 0 576 512\" xmlns=\"http:\/\/www.w3.org\/2000\/svg\"><path d=\"M549.655 124.083c-6.281-23.65-24.787-42.276-48.284-48.597C458.781 64 288 64 288 64S117.22 64 74.629 75.486c-23.497 6.322-42.003 24.947-48.284 48.597-11.412 42.867-11.412 132.305-11.412 132.305s0 89.438 11.412 132.305c6.281 23.65 24.787 41.5 48.284 47.821C117.22 448 288 448 288 448s170.78 0 213.371-11.486c23.497-6.321 42.003-24.171 48.284-47.821 11.412-42.867 11.412-132.305 11.412-132.305s0-89.438-11.412-132.305zm-317.51 213.508V175.185l142.739 81.205-142.739 81.201z\"><\/path><\/svg>\t\t\t\t\t<\/a>\n\t\t\t\t<\/span>\n\t\t\t\t\t<\/div>\n\t\t\t\t\t\t<\/div>\n\t\t<div class=\"elementor-element elementor-element-6ceb34d e-con-full e-flex wpr-particle-no wpr-jarallax-no wpr-parallax-no wpr-sticky-section-no e-con e-child\" data-id=\"6ceb34d\" data-element_type=\"container\" data-e-type=\"container\">\n\t\t\t\t<div class=\"elementor-element elementor-element-df4e511 elementor-widget elementor-widget-heading\" data-id=\"df4e511\" data-element_type=\"widget\" data-e-type=\"widget\" data-widget_type=\"heading.default\">\n\t\t\t\t\t<h4 class=\"elementor-heading-title elementor-size-default\">\u00c0 propos du club\n<\/h4>\t\t\t\t<\/div>\n\t\t\t\t<div class=\"elementor-element elementor-element-ffd20b6 elementor-widget elementor-widget-text-editor\" data-id=\"ffd20b6\" data-element_type=\"widget\" data-e-type=\"widget\" data-widget_type=\"text-editor.default\">\n\t\t\t\t\t\t\t\t\t<p>Banga, c\u00e9l\u00e8bre pour ses maillots orange, est surnomm\u00e9 la \u00ab Tiger Team \u00bb. L\u2019histoire du club commence en 1966, avec la cr\u00e9ation d\u2019une \u00e9quipe de football au sein du Garg\u017eda Construction Materials Combine. Au fil des ann\u00e9es, l\u2019\u00e9quipe navigue entre plusieurs niveaux, avec des \u00e9tapes marquantes au d\u00e9but des ann\u00e9es 1990. En 1991, Banga d\u00e9croche la troisi\u00e8me place aux World Lithuanian Sports Games et termine premier de la troisi\u00e8me division, ce qui lui ouvre les portes de la deuxi\u00e8me division.<\/p><p>En 1994, Banga atteint l\u2019\u00e9lite du football lituanien. Malgr\u00e9 des p\u00e9riodes difficiles, le club reste comp\u00e9titif. En 1999, Banga signe son meilleur classement historique en terminant 7e de premi\u00e8re division. Mais le d\u00e9but des ann\u00e9es 2000 est plus compliqu\u00e9, avec une descente jusqu\u2019en II League en 2001. Le club rebondit et retrouve la deuxi\u00e8me division d\u00e8s 2002. Les ann\u00e9es qui pr\u00e9c\u00e8dent 2006 sont agit\u00e9es, mais Banga obtient finalement le droit d\u2019\u00e9voluer en deuxi\u00e8me division, puis retrouve ensuite l\u2019\u00e9lite en 2009.<\/p><p>De 2009 \u00e0 2012, Banga incarne parfaitement l\u2019\u00e9quipe de milieu de tableau, terminant 6e chaque saison. Malgr\u00e9 cela, en 2011, le club d\u00e9couvre l\u2019Europe au premier tour de qualification de la Ligue Europa face au Qaraba\u011f azerba\u00efdjanais, avec une \u00e9limination lourde, 7-0 sur l\u2019ensemble des deux matches. La campagne europ\u00e9enne suivante arrive en 2014 contre les Irlandais de Sligo Rovers. Banga y d\u00e9croche son premier point europ\u00e9en avec un 0-0 \u00e0 domicile, mais s\u2019incline finalement 4-0 au total.<\/p><p>Apr\u00e8s une p\u00e9riode difficile en 2014, marqu\u00e9e par l\u2019arriv\u00e9e de nouveaux propri\u00e9taires russes peu connus, une gestion d\u00e9faillante et une mobilisation des supporters pour organiser une op\u00e9ration de sauvetage, l\u2019\u00e9quipe est rel\u00e9gu\u00e9e de l\u2019\u00e9lite. En 2019, Banga termine deuxi\u00e8me, remporte le match de promotion contre Palanga et retrouve la premi\u00e8re division lituanienne apr\u00e8s cinq ans d\u2019absence. Apr\u00e8s plusieurs obstacles financiers, Banga est reconnu comme un club stable lorsque la f\u00e9d\u00e9ration lui accorde la licence pour la saison 2020 d\u2019A Lyga, un signal fort du redressement du club.<\/p><p>En 2024, Banga remporte le tout premier troph\u00e9e de son histoire en battant le FC Hegelmann en finale de la Coupe de Lituanie 4-1 aux tirs au but. Ce succ\u00e8s lui offre un retour en Europe apr\u00e8s dix ans d\u2019absence, via les qualifications de l\u2019UEFA Conference League en 2025. Le tirage n\u2019est pas favorable : Banga tombe sur le g\u00e9ant norv\u00e9gien Rosenborg et s\u2019incline 7-0 sur l\u2019ensemble des deux matches.<\/p>\t\t\t\t\t\t\t\t<\/div>\n\t\t\t\t<\/div>\n\t\t\t\t\t<\/div>\n\t\t\t\t<\/div>\n\t\t\t\t\t<\/div>\n\t\t\t\t<\/div>\n\t\t\t\t<\/div>\n\t\t\t\t\t<\/div>\n\t\t\t\t<\/div>\n\t\t<div class=\"elementor-element elementor-element-d1d9b28 e-flex e-con-boxed wpr-particle-no wpr-jarallax-no wpr-parallax-no wpr-sticky-section-no e-con e-parent\" data-id=\"d1d9b28\" data-element_type=\"container\" data-e-type=\"container\">\n\t\t\t\t\t<div class=\"e-con-inner\">\n\t\t\t\t<div class=\"elementor-element elementor-element-bec035c elementor-widget elementor-widget-google_maps\" data-id=\"bec035c\" data-element_type=\"widget\" data-e-type=\"widget\" data-widget_type=\"google_maps.default\">\n\t\t\t\t\t\t\t<div class=\"elementor-custom-embed\">\n\t\t\t<iframe loading=\"lazy\"\n\t\t\t\t\tsrc=\"https:\/\/maps.google.com\/maps?q=Garg%C5%BEd%C5%B3%20miesto%20stadionas&#038;t=m&#038;z=13&#038;output=embed&#038;iwloc=near\"\n\t\t\t\t\ttitle=\"Garg\u017ed\u0173 miesto stadionas\"\n\t\t\t\t\taria-label=\"Garg\u017ed\u0173 miesto stadionas\"\n\t\t\t><\/iframe>\n\t\t<\/div>\n\t\t\t\t\t\t<\/div>\n\t\t\t\t\t<\/div>\n\t\t\t\t<\/div>\n\t\t\t\t<\/div>\n\t\t","protected":false},"excerpt":{"rendered":"<p>FK Banga Garg\u017edai Ann\u00e9e de fondation : 1966R\u00e9sidence : Garg\u017edai, LituanieStade : Garg\u017ed\u0173 miesto stadionasCapacit\u00e9 : 2 300 placesFan-club : Tigr\u0173 Ekipa Palmar\u00e8s :Coupe de Lituanie (2024) Home Facebook X-twitter Instagram Youtube \u00c0 propos du club Banga, c\u00e9l\u00e8bre pour ses maillots orange, est surnomm\u00e9 la \u00ab Tiger Team \u00bb. L\u2019histoire du club commence en 1966, avec la cr\u00e9ation d\u2019une \u00e9quipe de football au sein du Garg\u017eda Construction Materials Combine. Au fil des ann\u00e9es, l\u2019\u00e9quipe navigue entre plusieurs niveaux, avec des \u00e9tapes marquantes au d\u00e9but des ann\u00e9es 1990. En 1991, Banga d\u00e9croche la troisi\u00e8me place aux World Lithuanian Sports Games et<\/p>\n","protected":false},"author":2,"featured_media":1510,"parent":0,"menu_order":0,"comment_status":"closed","ping_status":"closed","template":"","meta":{"nf_dc_page":"","cybocfi_hide_featured_image":"","footnotes":""},"class_list":["post-1506","page","type-page","status-publish","has-post-thumbnail","hentry"],"aioseo_notices":[],"jetpack_sharing_enabled":true,"_links":{"self":[{"href":"https:\/\/balticfootballnews.com\/fr\/wp-json\/wp\/v2\/pages\/1506","targetHints":{"allow":["GET"]}}],"collection":[{"href":"https:\/\/balticfootballnews.com\/fr\/wp-json\/wp\/v2\/pages"}],"about":[{"href":"https:\/\/balticfootballnews.com\/fr\/wp-json\/wp\/v2\/types\/page"}],"author":[{"embeddable":true,"href":"https:\/\/balticfootballnews.com\/fr\/wp-json\/wp\/v2\/users\/2"}],"replies":[{"embeddable":true,"href":"https:\/\/balticfootballnews.com\/fr\/wp-json\/wp\/v2\/comments?post=1506"}],"version-history":[{"count":4,"href":"https:\/\/balticfootballnews.com\/fr\/wp-json\/wp\/v2\/pages\/1506\/revisions"}],"predecessor-version":[{"id":1550,"href":"https:\/\/balticfootballnews.com\/fr\/wp-json\/wp\/v2\/pages\/1506\/revisions\/1550"}],"wp:featuredmedia":[{"embeddable":true,"href":"https:\/\/balticfootballnews.com\/fr\/wp-json\/wp\/v2\/media\/1510"}],"wp:attachment":[{"href":"https:\/\/balticfootballnews.com\/fr\/wp-json\/wp\/v2\/media?parent=1506"}],"curies":[{"name":"wp","href":"https:\/\/api.w.org\/{rel}","templated":true}]}}