{"id":1463,"date":"2026-02-15T13:45:01","date_gmt":"2026-02-15T11:45:01","guid":{"rendered":"https:\/\/balticfootballnews.com\/fr\/?page_id=1463"},"modified":"2026-02-15T13:48:49","modified_gmt":"2026-02-15T11:48:49","slug":"fa-siauliai","status":"publish","type":"page","link":"https:\/\/balticfootballnews.com\/fr\/fa-siauliai\/","title":{"rendered":"FA \u0160iauliai"},"content":{"rendered":"\t\t<div data-elementor-type=\"wp-page\" data-elementor-id=\"1463\" class=\"elementor elementor-1463\">\n\t\t\t\t<div class=\"elementor-element elementor-element-ba1363f e-flex e-con-boxed wpr-particle-no wpr-jarallax-no wpr-parallax-no wpr-sticky-section-no e-con e-parent\" data-id=\"ba1363f\" data-element_type=\"container\" data-e-type=\"container\">\n\t\t\t\t\t<div class=\"e-con-inner\">\n\t\t<div class=\"elementor-element elementor-element-6108314 e-con-full e-flex wpr-particle-no wpr-jarallax-no wpr-parallax-no wpr-sticky-section-no e-con e-child\" data-id=\"6108314\" data-element_type=\"container\" data-e-type=\"container\">\n\t\t<div class=\"elementor-element elementor-element-61b5dfe e-con-full e-flex wpr-particle-no wpr-jarallax-no wpr-parallax-no wpr-sticky-section-no e-con e-child\" data-id=\"61b5dfe\" data-element_type=\"container\" data-e-type=\"container\">\n\t\t\t\t<div class=\"elementor-element elementor-element-4afcded elementor-widget elementor-widget-heading\" data-id=\"4afcded\" data-element_type=\"widget\" data-e-type=\"widget\" data-widget_type=\"heading.default\">\n\t\t\t\t\t<h2 class=\"elementor-heading-title elementor-size-default\">FA \u0160iauliai<\/h2>\t\t\t\t<\/div>\n\t\t\t\t<\/div>\n\t\t<div class=\"elementor-element elementor-element-ef00f9e e-flex e-con-boxed wpr-particle-no wpr-jarallax-no wpr-parallax-no wpr-sticky-section-no e-con e-child\" data-id=\"ef00f9e\" data-element_type=\"container\" data-e-type=\"container\">\n\t\t\t\t\t<div class=\"e-con-inner\">\n\t\t<div class=\"elementor-element elementor-element-d1954f5 e-flex e-con-boxed wpr-particle-no wpr-jarallax-no wpr-parallax-no wpr-sticky-section-no e-con e-child\" data-id=\"d1954f5\" data-element_type=\"container\" data-e-type=\"container\">\n\t\t\t\t\t<div class=\"e-con-inner\">\n\t\t<div class=\"elementor-element elementor-element-87cb3e6 e-con-full e-grid wpr-particle-no wpr-jarallax-no wpr-parallax-no wpr-sticky-section-no e-con e-child\" data-id=\"87cb3e6\" data-element_type=\"container\" data-e-type=\"container\">\n\t\t\t\t<div class=\"elementor-element elementor-element-1af194b elementor-widget elementor-widget-text-editor\" data-id=\"1af194b\" data-element_type=\"widget\" data-e-type=\"widget\" data-widget_type=\"text-editor.default\">\n\t\t\t\t\t\t\t\t\t<p><strong>Ann\u00e9e de fondation<\/strong> : 2007<br \/><strong>R\u00e9sidence<\/strong> : \u0160iauliai, Lituanie<br \/><strong>Stade<\/strong> : Savivaldyb\u0117 Stadium<br \/><strong>Capacit\u00e9<\/strong> : 4 000 places<br \/><strong>Fan-club<\/strong> : \u0160iauliai Squad<\/p><p><strong>Palmar\u00e8s<\/strong> :<br \/>Pirma lyga (2e niveau : 2021)<\/p>\t\t\t\t\t\t\t\t<\/div>\n\t\t\t\t<div class=\"elementor-element elementor-element-750a19b elementor-widget elementor-widget-image\" data-id=\"750a19b\" data-element_type=\"widget\" data-e-type=\"widget\" data-widget_type=\"image.default\">\n\t\t\t\t\t\t\t\t\t\t\t\t\t\t\t<img loading=\"lazy\" decoding=\"async\" loading=\"lazy\" width=\"300\" height=\"300\" src=\"https:\/\/i0.wp.com\/balticfootballnews.com\/fr\/wp-content\/uploads\/sites\/4\/2026\/01\/siauliai512.png?fit=300%2C300&amp;ssl=1\" class=\"elementor-animation-grow attachment-medium size-medium wp-image-161\" alt=\"\" srcset=\"https:\/\/i0.wp.com\/balticfootballnews.com\/fr\/wp-content\/uploads\/sites\/4\/2026\/01\/siauliai512.png?w=512&amp;ssl=1 512w, https:\/\/i0.wp.com\/balticfootballnews.com\/fr\/wp-content\/uploads\/sites\/4\/2026\/01\/siauliai512.png?resize=300%2C300&amp;ssl=1 300w, https:\/\/i0.wp.com\/balticfootballnews.com\/fr\/wp-content\/uploads\/sites\/4\/2026\/01\/siauliai512.png?resize=150%2C150&amp;ssl=1 150w, https:\/\/i0.wp.com\/balticfootballnews.com\/fr\/wp-content\/uploads\/sites\/4\/2026\/01\/siauliai512.png?resize=60%2C60&amp;ssl=1 60w, https:\/\/i0.wp.com\/balticfootballnews.com\/fr\/wp-content\/uploads\/sites\/4\/2026\/01\/siauliai512.png?resize=480%2C480&amp;ssl=1 480w\" sizes=\"auto, (max-width: 300px) 100vw, 300px\" \/>\t\t\t\t\t\t\t\t\t\t\t\t\t\t\t<\/div>\n\t\t\t\t<\/div>\n\t\t\t\t<div class=\"elementor-element elementor-element-cafd08e elementor-shape-circle elementor-grid-0 e-grid-align-center elementor-widget elementor-widget-social-icons\" data-id=\"cafd08e\" data-element_type=\"widget\" data-e-type=\"widget\" data-widget_type=\"social-icons.default\">\n\t\t\t\t\t\t\t<div class=\"elementor-social-icons-wrapper elementor-grid\" role=\"list\">\n\t\t\t\t\t\t\t<span class=\"elementor-grid-item\" role=\"listitem\">\n\t\t\t\t\t<a class=\"elementor-icon elementor-social-icon elementor-social-icon-home elementor-animation-grow elementor-repeater-item-4f742bb\" href=\"https:\/\/siauliufa.lt\/\" target=\"_blank\">\n\t\t\t\t\t\t<span class=\"elementor-screen-only\">Home<\/span>\n\t\t\t\t\t\t<svg aria-hidden=\"true\" class=\"e-font-icon-svg e-fas-home\" viewBox=\"0 0 576 512\" xmlns=\"http:\/\/www.w3.org\/2000\/svg\"><path d=\"M280.37 148.26L96 300.11V464a16 16 0 0 0 16 16l112.06-.29a16 16 0 0 0 15.92-16V368a16 16 0 0 1 16-16h64a16 16 0 0 1 16 16v95.64a16 16 0 0 0 16 16.05L464 480a16 16 0 0 0 16-16V300L295.67 148.26a12.19 12.19 0 0 0-15.3 0zM571.6 251.47L488 182.56V44.05a12 12 0 0 0-12-12h-56a12 12 0 0 0-12 12v72.61L318.47 43a48 48 0 0 0-61 0L4.34 251.47a12 12 0 0 0-1.6 16.9l25.5 31A12 12 0 0 0 45.15 301l235.22-193.74a12.19 12.19 0 0 1 15.3 0L530.9 301a12 12 0 0 0 16.9-1.6l25.5-31a12 12 0 0 0-1.7-16.93z\"><\/path><\/svg>\t\t\t\t\t<\/a>\n\t\t\t\t<\/span>\n\t\t\t\t\t\t\t<span class=\"elementor-grid-item\" role=\"listitem\">\n\t\t\t\t\t<a class=\"elementor-icon elementor-social-icon elementor-social-icon-facebook elementor-animation-grow elementor-repeater-item-ef1668a\" href=\"https:\/\/www.facebook.com\/siauliufa\" target=\"_blank\">\n\t\t\t\t\t\t<span class=\"elementor-screen-only\">Facebook<\/span>\n\t\t\t\t\t\t<svg aria-hidden=\"true\" class=\"e-font-icon-svg e-fab-facebook\" viewBox=\"0 0 512 512\" xmlns=\"http:\/\/www.w3.org\/2000\/svg\"><path d=\"M504 256C504 119 393 8 256 8S8 119 8 256c0 123.78 90.69 226.38 209.25 245V327.69h-63V256h63v-54.64c0-62.15 37-96.48 93.67-96.48 27.14 0 55.52 4.84 55.52 4.84v61h-31.28c-30.8 0-40.41 19.12-40.41 38.73V256h68.78l-11 71.69h-57.78V501C413.31 482.38 504 379.78 504 256z\"><\/path><\/svg>\t\t\t\t\t<\/a>\n\t\t\t\t<\/span>\n\t\t\t\t\t\t\t<span class=\"elementor-grid-item\" role=\"listitem\">\n\t\t\t\t\t<a class=\"elementor-icon elementor-social-icon elementor-social-icon-instagram elementor-animation-grow elementor-repeater-item-4eec7c9\" href=\"https:\/\/www.instagram.com\/fasiauliai\" target=\"_blank\">\n\t\t\t\t\t\t<span class=\"elementor-screen-only\">Instagram<\/span>\n\t\t\t\t\t\t<svg aria-hidden=\"true\" class=\"e-font-icon-svg e-fab-instagram\" viewBox=\"0 0 448 512\" xmlns=\"http:\/\/www.w3.org\/2000\/svg\"><path d=\"M224.1 141c-63.6 0-114.9 51.3-114.9 114.9s51.3 114.9 114.9 114.9S339 319.5 339 255.9 287.7 141 224.1 141zm0 189.6c-41.1 0-74.7-33.5-74.7-74.7s33.5-74.7 74.7-74.7 74.7 33.5 74.7 74.7-33.6 74.7-74.7 74.7zm146.4-194.3c0 14.9-12 26.8-26.8 26.8-14.9 0-26.8-12-26.8-26.8s12-26.8 26.8-26.8 26.8 12 26.8 26.8zm76.1 27.2c-1.7-35.9-9.9-67.7-36.2-93.9-26.2-26.2-58-34.4-93.9-36.2-37-2.1-147.9-2.1-184.9 0-35.8 1.7-67.6 9.9-93.9 36.1s-34.4 58-36.2 93.9c-2.1 37-2.1 147.9 0 184.9 1.7 35.9 9.9 67.7 36.2 93.9s58 34.4 93.9 36.2c37 2.1 147.9 2.1 184.9 0 35.9-1.7 67.7-9.9 93.9-36.2 26.2-26.2 34.4-58 36.2-93.9 2.1-37 2.1-147.8 0-184.8zM398.8 388c-7.8 19.6-22.9 34.7-42.6 42.6-29.5 11.7-99.5 9-132.1 9s-102.7 2.6-132.1-9c-19.6-7.8-34.7-22.9-42.6-42.6-11.7-29.5-9-99.5-9-132.1s-2.6-102.7 9-132.1c7.8-19.6 22.9-34.7 42.6-42.6 29.5-11.7 99.5-9 132.1-9s102.7-2.6 132.1 9c19.6 7.8 34.7 22.9 42.6 42.6 11.7 29.5 9 99.5 9 132.1s2.7 102.7-9 132.1z\"><\/path><\/svg>\t\t\t\t\t<\/a>\n\t\t\t\t<\/span>\n\t\t\t\t\t\t\t<span class=\"elementor-grid-item\" role=\"listitem\">\n\t\t\t\t\t<a class=\"elementor-icon elementor-social-icon elementor-social-icon-youtube elementor-animation-grow elementor-repeater-item-b789578\" href=\"https:\/\/www.youtube.com\/channel\/UCIFmuBhsbQBLmN8qMIiq0Vw\/featured\" target=\"_blank\">\n\t\t\t\t\t\t<span class=\"elementor-screen-only\">Youtube<\/span>\n\t\t\t\t\t\t<svg aria-hidden=\"true\" class=\"e-font-icon-svg e-fab-youtube\" viewBox=\"0 0 576 512\" xmlns=\"http:\/\/www.w3.org\/2000\/svg\"><path d=\"M549.655 124.083c-6.281-23.65-24.787-42.276-48.284-48.597C458.781 64 288 64 288 64S117.22 64 74.629 75.486c-23.497 6.322-42.003 24.947-48.284 48.597-11.412 42.867-11.412 132.305-11.412 132.305s0 89.438 11.412 132.305c6.281 23.65 24.787 41.5 48.284 47.821C117.22 448 288 448 288 448s170.78 0 213.371-11.486c23.497-6.321 42.003-24.171 48.284-47.821 11.412-42.867 11.412-132.305 11.412-132.305s0-89.438-11.412-132.305zm-317.51 213.508V175.185l142.739 81.205-142.739 81.201z\"><\/path><\/svg>\t\t\t\t\t<\/a>\n\t\t\t\t<\/span>\n\t\t\t\t\t\t\t<span class=\"elementor-grid-item\" role=\"listitem\">\n\t\t\t\t\t<a class=\"elementor-icon elementor-social-icon elementor-social-icon-tiktok elementor-animation-grow elementor-repeater-item-b3ab1b3\" href=\"https:\/\/www.tiktok.com\/@fasiauliai\" target=\"_blank\">\n\t\t\t\t\t\t<span class=\"elementor-screen-only\">Tiktok<\/span>\n\t\t\t\t\t\t<svg aria-hidden=\"true\" class=\"e-font-icon-svg e-fab-tiktok\" viewBox=\"0 0 448 512\" xmlns=\"http:\/\/www.w3.org\/2000\/svg\"><path d=\"M448,209.91a210.06,210.06,0,0,1-122.77-39.25V349.38A162.55,162.55,0,1,1,185,188.31V278.2a74.62,74.62,0,1,0,52.23,71.18V0l88,0a121.18,121.18,0,0,0,1.86,22.17h0A122.18,122.18,0,0,0,381,102.39a121.43,121.43,0,0,0,67,20.14Z\"><\/path><\/svg>\t\t\t\t\t<\/a>\n\t\t\t\t<\/span>\n\t\t\t\t\t<\/div>\n\t\t\t\t\t\t<\/div>\n\t\t<div class=\"elementor-element elementor-element-2b67a56 e-con-full e-flex wpr-particle-no wpr-jarallax-no wpr-parallax-no wpr-sticky-section-no e-con e-child\" data-id=\"2b67a56\" data-element_type=\"container\" data-e-type=\"container\">\n\t\t\t\t<div class=\"elementor-element elementor-element-5225e5a elementor-widget elementor-widget-heading\" data-id=\"5225e5a\" data-element_type=\"widget\" data-e-type=\"widget\" data-widget_type=\"heading.default\">\n\t\t\t\t\t<h4 class=\"elementor-heading-title elementor-size-default\">\u00c0 propos du club<\/h4>\t\t\t\t<\/div>\n\t\t\t\t<div class=\"elementor-element elementor-element-0b922d4 elementor-widget elementor-widget-text-editor\" data-id=\"0b922d4\" data-element_type=\"widget\" data-e-type=\"widget\" data-widget_type=\"text-editor.default\">\n\t\t\t\t\t\t\t\t\t<p>L\u2019Acad\u00e9mie de football de \u0160iauliai, plus connue sous le nom de FA \u0160iauliai, est un club lituanien fond\u00e9 en 2007 apr\u00e8s la fusion du club V\u0161\u012e \u00ab Napoleono \u00bb et de l\u2019\u00e9cole de sport Klevo. Pendant les dix premi\u00e8res ann\u00e9es de son histoire, FA \u0160iauliai \u00e9volue dans les championnats r\u00e9gionaux et les divisions inf\u00e9rieures du football lituanien.<\/p><p>En 2019, le club de \u0160iauliai d\u00e9pose une demande de licence pour la deuxi\u00e8me division lituanienne, alors m\u00eame qu\u2019il n\u2019avait termin\u00e9 que 6e la saison pr\u00e9c\u00e9dente en troisi\u00e8me division. La licence n\u2019est pas accord\u00e9e, mais une participation exceptionnelle est autoris\u00e9e, et le club termine 6e d\u00e8s sa premi\u00e8re saison au deuxi\u00e8me \u00e9chelon.<\/p><p>Lors de la saison 2021, FA \u0160iauliai figure parmi les leaders et fait partie des principaux candidats \u00e0 la mont\u00e9e en A Lyga. Lors du dernier match, FA \u0160iauliai affronte le Jonava FC : une victoire est n\u00e9cessaire pour les rejoindre au classement. Le club s\u2019impose 1-0 et revient \u00e0 \u00e9galit\u00e9 de points. Un \u00ab match d\u2019or \u00bb est alors programm\u00e9, dont le vainqueur remporte la deuxi\u00e8me division. FA \u0160iauliai l\u2019emporte apr\u00e8s avoir battu le Jonava FC aux tirs au but et d\u00e9croche le titre.<\/p><p>Pour sa premi\u00e8re saison en A Lyga, FA \u0160iauliai termine 7e. La saison suivante, le club r\u00e9alise la meilleure ann\u00e9e de son histoire avec une 3e place, synonyme de ses premiers matches europ\u00e9ens la saison suivante, o\u00f9 il s\u2019incline sur l\u2019ensemble des deux rencontres contre le FCI Levadia.<\/p><p>FA \u0160iauliai est r\u00e9put\u00e9 pour sa politique officieuse de mise en avant des joueurs locaux. Lors de la saison 2024, ses seuls joueurs non lituaniens sont l\u2019attaquant letton D\u0101vis Ikaunieks et le lat\u00e9ral droit ukrainien Yevgen Yefremov, deux v\u00e9t\u00e9rans de 30 ans.<\/p>\t\t\t\t\t\t\t\t<\/div>\n\t\t\t\t<\/div>\n\t\t\t\t\t<\/div>\n\t\t\t\t<\/div>\n\t\t\t\t\t<\/div>\n\t\t\t\t<\/div>\n\t\t\t\t<\/div>\n\t\t\t\t\t<\/div>\n\t\t\t\t<\/div>\n\t\t<div class=\"elementor-element elementor-element-b3a99ac e-flex e-con-boxed wpr-particle-no wpr-jarallax-no wpr-parallax-no wpr-sticky-section-no e-con e-parent\" data-id=\"b3a99ac\" data-element_type=\"container\" data-e-type=\"container\">\n\t\t\t\t\t<div class=\"e-con-inner\">\n\t\t\t\t<div class=\"elementor-element elementor-element-40ed00e elementor-widget elementor-widget-google_maps\" data-id=\"40ed00e\" data-element_type=\"widget\" data-e-type=\"widget\" data-widget_type=\"google_maps.default\">\n\t\t\t\t\t\t\t<div class=\"elementor-custom-embed\">\n\t\t\t<iframe loading=\"lazy\"\n\t\t\t\t\tsrc=\"https:\/\/maps.google.com\/maps?q=Savivaldyb%C4%97%20Stadium&#038;t=m&#038;z=13&#038;output=embed&#038;iwloc=near\"\n\t\t\t\t\ttitle=\"Savivaldyb\u0117 Stadium\"\n\t\t\t\t\taria-label=\"Savivaldyb\u0117 Stadium\"\n\t\t\t><\/iframe>\n\t\t<\/div>\n\t\t\t\t\t\t<\/div>\n\t\t\t\t\t<\/div>\n\t\t\t\t<\/div>\n\t\t\t\t<\/div>\n\t\t","protected":false},"excerpt":{"rendered":"<p>FA \u0160iauliai Ann\u00e9e de fondation : 2007R\u00e9sidence : \u0160iauliai, LituanieStade : Savivaldyb\u0117 StadiumCapacit\u00e9 : 4 000 placesFan-club : \u0160iauliai Squad Palmar\u00e8s :Pirma lyga (2e niveau : 2021) Home Facebook Instagram Youtube Tiktok \u00c0 propos du club L\u2019Acad\u00e9mie de football de \u0160iauliai, plus connue sous le nom de FA \u0160iauliai, est un club lituanien fond\u00e9 en 2007 apr\u00e8s la fusion du club V\u0161\u012e \u00ab Napoleono \u00bb et de l\u2019\u00e9cole de sport Klevo. Pendant les dix premi\u00e8res ann\u00e9es de son histoire, FA \u0160iauliai \u00e9volue dans les championnats r\u00e9gionaux et les divisions inf\u00e9rieures du football lituanien. En 2019, le club de \u0160iauliai d\u00e9pose<\/p>\n","protected":false},"author":2,"featured_media":1465,"parent":0,"menu_order":0,"comment_status":"closed","ping_status":"closed","template":"","meta":{"nf_dc_page":"","cybocfi_hide_featured_image":"","footnotes":""},"class_list":["post-1463","page","type-page","status-publish","has-post-thumbnail","hentry"],"aioseo_notices":[],"jetpack_sharing_enabled":true,"_links":{"self":[{"href":"https:\/\/balticfootballnews.com\/fr\/wp-json\/wp\/v2\/pages\/1463","targetHints":{"allow":["GET"]}}],"collection":[{"href":"https:\/\/balticfootballnews.com\/fr\/wp-json\/wp\/v2\/pages"}],"about":[{"href":"https:\/\/balticfootballnews.com\/fr\/wp-json\/wp\/v2\/types\/page"}],"author":[{"embeddable":true,"href":"https:\/\/balticfootballnews.com\/fr\/wp-json\/wp\/v2\/users\/2"}],"replies":[{"embeddable":true,"href":"https:\/\/balticfootballnews.com\/fr\/wp-json\/wp\/v2\/comments?post=1463"}],"version-history":[{"count":4,"href":"https:\/\/balticfootballnews.com\/fr\/wp-json\/wp\/v2\/pages\/1463\/revisions"}],"predecessor-version":[{"id":1505,"href":"https:\/\/balticfootballnews.com\/fr\/wp-json\/wp\/v2\/pages\/1463\/revisions\/1505"}],"wp:featuredmedia":[{"embeddable":true,"href":"https:\/\/balticfootballnews.com\/fr\/wp-json\/wp\/v2\/media\/1465"}],"wp:attachment":[{"href":"https:\/\/balticfootballnews.com\/fr\/wp-json\/wp\/v2\/media?parent=1463"}],"curies":[{"name":"wp","href":"https:\/\/api.w.org\/{rel}","templated":true}]}}