{"id":1340,"date":"2026-02-15T13:20:27","date_gmt":"2026-02-15T11:20:27","guid":{"rendered":"https:\/\/balticfootballnews.com\/fr\/?page_id=1340"},"modified":"2026-02-15T13:23:34","modified_gmt":"2026-02-15T11:23:34","slug":"fk-riteriai","status":"publish","type":"page","link":"https:\/\/balticfootballnews.com\/fr\/fk-riteriai\/","title":{"rendered":"FK Riteriai"},"content":{"rendered":"\t\t<div data-elementor-type=\"wp-page\" data-elementor-id=\"1340\" class=\"elementor elementor-1340\">\n\t\t\t\t<div class=\"elementor-element elementor-element-0919791 e-flex e-con-boxed wpr-particle-no wpr-jarallax-no wpr-parallax-no wpr-sticky-section-no e-con e-parent\" data-id=\"0919791\" data-element_type=\"container\" data-e-type=\"container\">\n\t\t\t\t\t<div class=\"e-con-inner\">\n\t\t<div class=\"elementor-element elementor-element-6e5bab2 e-con-full e-flex wpr-particle-no wpr-jarallax-no wpr-parallax-no wpr-sticky-section-no e-con e-child\" data-id=\"6e5bab2\" data-element_type=\"container\" data-e-type=\"container\">\n\t\t<div class=\"elementor-element elementor-element-455e0d2 e-con-full e-flex wpr-particle-no wpr-jarallax-no wpr-parallax-no wpr-sticky-section-no e-con e-child\" data-id=\"455e0d2\" data-element_type=\"container\" data-e-type=\"container\">\n\t\t\t\t<div class=\"elementor-element elementor-element-da8f81e elementor-widget elementor-widget-heading\" data-id=\"da8f81e\" data-element_type=\"widget\" data-e-type=\"widget\" data-widget_type=\"heading.default\">\n\t\t\t\t\t<h2 class=\"elementor-heading-title elementor-size-default\">FK Riteriai<\/h2>\t\t\t\t<\/div>\n\t\t\t\t<\/div>\n\t\t<div class=\"elementor-element elementor-element-d3fe3c7 e-flex e-con-boxed wpr-particle-no wpr-jarallax-no wpr-parallax-no wpr-sticky-section-no e-con e-child\" data-id=\"d3fe3c7\" data-element_type=\"container\" data-e-type=\"container\">\n\t\t\t\t\t<div class=\"e-con-inner\">\n\t\t<div class=\"elementor-element elementor-element-ac98c9d e-flex e-con-boxed wpr-particle-no wpr-jarallax-no wpr-parallax-no wpr-sticky-section-no e-con e-child\" data-id=\"ac98c9d\" data-element_type=\"container\" data-e-type=\"container\">\n\t\t\t\t\t<div class=\"e-con-inner\">\n\t\t<div class=\"elementor-element elementor-element-46c0d4d e-con-full e-grid wpr-particle-no wpr-jarallax-no wpr-parallax-no wpr-sticky-section-no e-con e-child\" data-id=\"46c0d4d\" data-element_type=\"container\" data-e-type=\"container\">\n\t\t\t\t<div class=\"elementor-element elementor-element-7b409e4 elementor-widget elementor-widget-text-editor\" data-id=\"7b409e4\" data-element_type=\"widget\" data-e-type=\"widget\" data-widget_type=\"text-editor.default\">\n\t\t\t\t\t\t\t\t\t<p><strong>Ann\u00e9e de fondation<\/strong> : 2005<br \/><strong>R\u00e9sidence<\/strong> : Vilnius, Lituanie<br \/><strong>Stade<\/strong> : LFF Stadium<br \/><strong>Capacit\u00e9<\/strong> : 5 067 places<br \/><strong>Fan-club<\/strong> : N\/A<\/p><p><strong>Palmar\u00e8s<\/strong> :<br \/>Pirma lyga (2e niveau : 2024)<\/p>\t\t\t\t\t\t\t\t<\/div>\n\t\t\t\t<div class=\"elementor-element elementor-element-d2eeceb elementor-widget elementor-widget-image\" data-id=\"d2eeceb\" data-element_type=\"widget\" data-e-type=\"widget\" data-widget_type=\"image.default\">\n\t\t\t\t\t\t\t\t\t\t\t\t\t\t\t<img loading=\"lazy\" decoding=\"async\" loading=\"lazy\" width=\"300\" height=\"300\" src=\"https:\/\/i0.wp.com\/balticfootballnews.com\/fr\/wp-content\/uploads\/sites\/4\/2026\/01\/riteriai512.png?fit=300%2C300&amp;ssl=1\" class=\"elementor-animation-grow attachment-medium size-medium wp-image-159\" alt=\"\" srcset=\"https:\/\/i0.wp.com\/balticfootballnews.com\/fr\/wp-content\/uploads\/sites\/4\/2026\/01\/riteriai512.png?w=512&amp;ssl=1 512w, https:\/\/i0.wp.com\/balticfootballnews.com\/fr\/wp-content\/uploads\/sites\/4\/2026\/01\/riteriai512.png?resize=300%2C300&amp;ssl=1 300w, https:\/\/i0.wp.com\/balticfootballnews.com\/fr\/wp-content\/uploads\/sites\/4\/2026\/01\/riteriai512.png?resize=150%2C150&amp;ssl=1 150w, https:\/\/i0.wp.com\/balticfootballnews.com\/fr\/wp-content\/uploads\/sites\/4\/2026\/01\/riteriai512.png?resize=60%2C60&amp;ssl=1 60w, https:\/\/i0.wp.com\/balticfootballnews.com\/fr\/wp-content\/uploads\/sites\/4\/2026\/01\/riteriai512.png?resize=480%2C480&amp;ssl=1 480w\" sizes=\"auto, (max-width: 300px) 100vw, 300px\" \/>\t\t\t\t\t\t\t\t\t\t\t\t\t\t\t<\/div>\n\t\t\t\t<\/div>\n\t\t\t\t<div class=\"elementor-element elementor-element-2597b29 elementor-shape-circle elementor-grid-0 e-grid-align-center elementor-widget elementor-widget-social-icons\" data-id=\"2597b29\" data-element_type=\"widget\" data-e-type=\"widget\" data-widget_type=\"social-icons.default\">\n\t\t\t\t\t\t\t<div class=\"elementor-social-icons-wrapper elementor-grid\" role=\"list\">\n\t\t\t\t\t\t\t<span class=\"elementor-grid-item\" role=\"listitem\">\n\t\t\t\t\t<a class=\"elementor-icon elementor-social-icon elementor-social-icon-home elementor-animation-grow elementor-repeater-item-4f742bb\" href=\"https:\/\/fkriteriai.lt\/\" target=\"_blank\">\n\t\t\t\t\t\t<span class=\"elementor-screen-only\">Home<\/span>\n\t\t\t\t\t\t<svg aria-hidden=\"true\" class=\"e-font-icon-svg e-fas-home\" viewBox=\"0 0 576 512\" xmlns=\"http:\/\/www.w3.org\/2000\/svg\"><path d=\"M280.37 148.26L96 300.11V464a16 16 0 0 0 16 16l112.06-.29a16 16 0 0 0 15.92-16V368a16 16 0 0 1 16-16h64a16 16 0 0 1 16 16v95.64a16 16 0 0 0 16 16.05L464 480a16 16 0 0 0 16-16V300L295.67 148.26a12.19 12.19 0 0 0-15.3 0zM571.6 251.47L488 182.56V44.05a12 12 0 0 0-12-12h-56a12 12 0 0 0-12 12v72.61L318.47 43a48 48 0 0 0-61 0L4.34 251.47a12 12 0 0 0-1.6 16.9l25.5 31A12 12 0 0 0 45.15 301l235.22-193.74a12.19 12.19 0 0 1 15.3 0L530.9 301a12 12 0 0 0 16.9-1.6l25.5-31a12 12 0 0 0-1.7-16.93z\"><\/path><\/svg>\t\t\t\t\t<\/a>\n\t\t\t\t<\/span>\n\t\t\t\t\t\t\t<span class=\"elementor-grid-item\" role=\"listitem\">\n\t\t\t\t\t<a class=\"elementor-icon elementor-social-icon elementor-social-icon-facebook elementor-animation-grow elementor-repeater-item-ef1668a\" href=\"https:\/\/www.facebook.com\/fkriteriai\/\" target=\"_blank\">\n\t\t\t\t\t\t<span class=\"elementor-screen-only\">Facebook<\/span>\n\t\t\t\t\t\t<svg aria-hidden=\"true\" class=\"e-font-icon-svg e-fab-facebook\" viewBox=\"0 0 512 512\" xmlns=\"http:\/\/www.w3.org\/2000\/svg\"><path d=\"M504 256C504 119 393 8 256 8S8 119 8 256c0 123.78 90.69 226.38 209.25 245V327.69h-63V256h63v-54.64c0-62.15 37-96.48 93.67-96.48 27.14 0 55.52 4.84 55.52 4.84v61h-31.28c-30.8 0-40.41 19.12-40.41 38.73V256h68.78l-11 71.69h-57.78V501C413.31 482.38 504 379.78 504 256z\"><\/path><\/svg>\t\t\t\t\t<\/a>\n\t\t\t\t<\/span>\n\t\t\t\t\t\t\t<span class=\"elementor-grid-item\" role=\"listitem\">\n\t\t\t\t\t<a class=\"elementor-icon elementor-social-icon elementor-social-icon-youtube elementor-animation-grow elementor-repeater-item-b789578\" href=\"https:\/\/www.youtube.com\/user\/FutboloKlubasTrakai\" target=\"_blank\">\n\t\t\t\t\t\t<span class=\"elementor-screen-only\">Youtube<\/span>\n\t\t\t\t\t\t<svg aria-hidden=\"true\" class=\"e-font-icon-svg e-fab-youtube\" viewBox=\"0 0 576 512\" xmlns=\"http:\/\/www.w3.org\/2000\/svg\"><path d=\"M549.655 124.083c-6.281-23.65-24.787-42.276-48.284-48.597C458.781 64 288 64 288 64S117.22 64 74.629 75.486c-23.497 6.322-42.003 24.947-48.284 48.597-11.412 42.867-11.412 132.305-11.412 132.305s0 89.438 11.412 132.305c6.281 23.65 24.787 41.5 48.284 47.821C117.22 448 288 448 288 448s170.78 0 213.371-11.486c23.497-6.321 42.003-24.171 48.284-47.821 11.412-42.867 11.412-132.305 11.412-132.305s0-89.438-11.412-132.305zm-317.51 213.508V175.185l142.739 81.205-142.739 81.201z\"><\/path><\/svg>\t\t\t\t\t<\/a>\n\t\t\t\t<\/span>\n\t\t\t\t\t<\/div>\n\t\t\t\t\t\t<\/div>\n\t\t<div class=\"elementor-element elementor-element-7f7e3c9 e-con-full e-flex wpr-particle-no wpr-jarallax-no wpr-parallax-no wpr-sticky-section-no e-con e-child\" data-id=\"7f7e3c9\" data-element_type=\"container\" data-e-type=\"container\">\n\t\t\t\t<div class=\"elementor-element elementor-element-3bfc423 elementor-widget elementor-widget-heading\" data-id=\"3bfc423\" data-element_type=\"widget\" data-e-type=\"widget\" data-widget_type=\"heading.default\">\n\t\t\t\t\t<h4 class=\"elementor-heading-title elementor-size-default\">\u00c0 propos du club<\/h4>\t\t\t\t<\/div>\n\t\t\t\t<div class=\"elementor-element elementor-element-27c14b1 elementor-widget elementor-widget-text-editor\" data-id=\"27c14b1\" data-element_type=\"widget\" data-e-type=\"widget\" data-widget_type=\"text-editor.default\">\n\t\t\t\t\t\t\t\t\t<p>Fond\u00e9 en 2005, \u00e0 quelque 28 km \u00e0 l\u2019ouest de Vilnius, dans la ville pittoresque de Trakai, le club s\u2019est d\u2019abord appel\u00e9 FK Trakai jusqu\u2019en 2019, avant de d\u00e9m\u00e9nager \u00e0 Vilnius et de prendre le nom de FK Riteriai. Le mot \u00ab riteriai \u00bb se traduit par \u00ab chevaliers \u00bb en fran\u00e7ais, d\u2019o\u00f9 le surnom parfois utilis\u00e9 : \u00ab les Chevaliers \u00bb.<\/p><p>Depuis sa cr\u00e9ation en 2005, l\u2019identit\u00e9 de Riteriai repose sur la promotion d\u2019un mode de vie actif et du football de jeunes. Parti du 4e niveau de la pyramide lituanienne, le club atteint l\u2019A Lyga pour la premi\u00e8re fois en 2014, apr\u00e8s avoir disput\u00e9, un an plus t\u00f4t, sa premi\u00e8re demi-finale de Coupe de Lituanie. En 2015, il va encore plus loin et atteint la finale, finalement perdue 1-0 contre le FK \u017dalgiris.<\/p><p>Jusqu\u2019en 2020, les Chevaliers s\u2019installent comme une \u00e9quipe r\u00e9guli\u00e8re du top 3, une p\u00e9riode durant laquelle ils disputent six campagnes de qualification en Ligue Europa, avec un point culminant en 2017, jusqu\u2019au troisi\u00e8me tour de qualification, en \u00e9liminant notamment St. Johnstone (\u00c9cosse) et Derry City (Irlande du Nord). Apr\u00e8s 2020, le club entre dans une phase de d\u00e9clin, qui se termine par une derni\u00e8re place en 2023 et une rel\u00e9gation en deuxi\u00e8me division. Sans se d\u00e9courager, Riteriai termine premier de la Pirma Lyga et obtient la remont\u00e9e en A Lyga pour la saison 2025.<\/p><p>Le club est reconnu pour la solidit\u00e9 de son acad\u00e9mie et son travail de formation. Parmi les jeunes r\u00e9cents issus du syst\u00e8me Riteriai, on retrouve Arnas Voitinovi\u010dius, titulaire chez les jeunes du Benfica et pr\u00e9sent \u00e0 chaque match de Youth League en 2024, ainsi qu\u2019Ernestas Lysionok, qui \u00e9volue chez les jeunes du Genoa et est largement consid\u00e9r\u00e9 comme un joueur tr\u00e8s prometteur. Oscar Dorley, capitaine de la s\u00e9lection du Liberia et titulaire au Slavia Praha, et Terem Moffi, qui joue pour l\u2019OGC Nice et le Nigeria, ont eux aussi lanc\u00e9 leur carri\u00e8re \u00e0 Riteriai.<\/p><p>La saison 2025 est ensuite particuli\u00e8rement agit\u00e9e pour Riteriai, de retour dans l\u2019\u00e9lite. Non seulement le club termine 9e, \u00e9vitant de peu la rel\u00e9gation, mais il passe toute la saison au bord de la faillite, sous une suspicion quasi permanente de d\u00e9tournement de fonds, une situation aggrav\u00e9e par des d\u00e9missions de cadres, des d\u00e9parts de joueurs en raison de salaires impay\u00e9s, et m\u00eame un renflouement d\u2019urgence de la LFF. Si le club finit par survivre, le d\u00e9but de 2026 ne se montre pas tr\u00e8s diff\u00e9rent : de nouveaux investisseurs jug\u00e9s suspects arrivent, et des signalements de pratiques controvers\u00e9es, comme des essais payants, apparaissent imm\u00e9diatement.<\/p>\t\t\t\t\t\t\t\t<\/div>\n\t\t\t\t<\/div>\n\t\t\t\t\t<\/div>\n\t\t\t\t<\/div>\n\t\t\t\t\t<\/div>\n\t\t\t\t<\/div>\n\t\t\t\t<\/div>\n\t\t\t\t\t<\/div>\n\t\t\t\t<\/div>\n\t\t<div class=\"elementor-element elementor-element-27f5d47 e-flex e-con-boxed wpr-particle-no wpr-jarallax-no wpr-parallax-no wpr-sticky-section-no e-con e-parent\" data-id=\"27f5d47\" data-element_type=\"container\" data-e-type=\"container\">\n\t\t\t\t\t<div class=\"e-con-inner\">\n\t\t\t\t<div class=\"elementor-element elementor-element-bcf20b2 elementor-widget elementor-widget-google_maps\" data-id=\"bcf20b2\" data-element_type=\"widget\" data-e-type=\"widget\" data-widget_type=\"google_maps.default\">\n\t\t\t\t\t\t\t<div class=\"elementor-custom-embed\">\n\t\t\t<iframe loading=\"lazy\"\n\t\t\t\t\tsrc=\"https:\/\/maps.google.com\/maps?q=LFF%20stadionas&#038;t=m&#038;z=13&#038;output=embed&#038;iwloc=near\"\n\t\t\t\t\ttitle=\"LFF stadionas\"\n\t\t\t\t\taria-label=\"LFF stadionas\"\n\t\t\t><\/iframe>\n\t\t<\/div>\n\t\t\t\t\t\t<\/div>\n\t\t\t\t\t<\/div>\n\t\t\t\t<\/div>\n\t\t\t\t<\/div>\n\t\t","protected":false},"excerpt":{"rendered":"<p>FK Riteriai Ann\u00e9e de fondation : 2005R\u00e9sidence : Vilnius, LituanieStade : LFF StadiumCapacit\u00e9 : 5 067 placesFan-club : N\/A Palmar\u00e8s :Pirma lyga (2e niveau : 2024) Home Facebook Youtube \u00c0 propos du club Fond\u00e9 en 2005, \u00e0 quelque 28 km \u00e0 l\u2019ouest de Vilnius, dans la ville pittoresque de Trakai, le club s\u2019est d\u2019abord appel\u00e9 FK Trakai jusqu\u2019en 2019, avant de d\u00e9m\u00e9nager \u00e0 Vilnius et de prendre le nom de FK Riteriai. Le mot \u00ab riteriai \u00bb se traduit par \u00ab chevaliers \u00bb en fran\u00e7ais, d\u2019o\u00f9 le surnom parfois utilis\u00e9 : \u00ab les Chevaliers \u00bb. Depuis sa cr\u00e9ation en 2005,<\/p>\n","protected":false},"author":2,"featured_media":1342,"parent":0,"menu_order":0,"comment_status":"closed","ping_status":"closed","template":"","meta":{"nf_dc_page":"","cybocfi_hide_featured_image":"","footnotes":""},"class_list":["post-1340","page","type-page","status-publish","has-post-thumbnail","hentry"],"aioseo_notices":[],"jetpack_sharing_enabled":true,"_links":{"self":[{"href":"https:\/\/balticfootballnews.com\/fr\/wp-json\/wp\/v2\/pages\/1340","targetHints":{"allow":["GET"]}}],"collection":[{"href":"https:\/\/balticfootballnews.com\/fr\/wp-json\/wp\/v2\/pages"}],"about":[{"href":"https:\/\/balticfootballnews.com\/fr\/wp-json\/wp\/v2\/types\/page"}],"author":[{"embeddable":true,"href":"https:\/\/balticfootballnews.com\/fr\/wp-json\/wp\/v2\/users\/2"}],"replies":[{"embeddable":true,"href":"https:\/\/balticfootballnews.com\/fr\/wp-json\/wp\/v2\/comments?post=1340"}],"version-history":[{"count":4,"href":"https:\/\/balticfootballnews.com\/fr\/wp-json\/wp\/v2\/pages\/1340\/revisions"}],"predecessor-version":[{"id":1382,"href":"https:\/\/balticfootballnews.com\/fr\/wp-json\/wp\/v2\/pages\/1340\/revisions\/1382"}],"wp:featuredmedia":[{"embeddable":true,"href":"https:\/\/balticfootballnews.com\/fr\/wp-json\/wp\/v2\/media\/1342"}],"wp:attachment":[{"href":"https:\/\/balticfootballnews.com\/fr\/wp-json\/wp\/v2\/media?parent=1340"}],"curies":[{"name":"wp","href":"https:\/\/api.w.org\/{rel}","templated":true}]}}